{"id":206,"date":"2024-12-13T09:38:58","date_gmt":"2024-12-13T09:38:58","guid":{"rendered":"https:\/\/beep-beep-casino.win\/tr\/?page_id=206"},"modified":"2025-11-03T01:37:17","modified_gmt":"2025-11-03T01:37:17","slug":"casino","status":"publish","type":"page","link":"https:\/\/beep-beep-casino.win\/tr\/casino\/","title":{"rendered":"Kumarhane"},"content":{"rendered":"","protected":false},"excerpt":{"rendered":"","protected":false},"author":1,"featured_media":0,"parent":0,"menu_order":0,"comment_status":"closed","ping_status":"closed","template":"","meta":{"footnotes":""},"class_list":["post-206","page","type-page","status-publish","hentry"],"yoast_head":"<!-- This site is optimized with the Yoast SEO plugin v23.8 - https:\/\/yoast.com\/wordpress\/plugins\/seo\/ -->\n<title>Beep Beep Casino T\u00fcrkiye: en iyi bonuslar ve oyunlar<\/title>\n<meta name=\"description\" content=\"Beep Beep Casino - heyecan\u0131n \u015fansla bulu\u015ftu\u011fu yer! \u00c7ok \u00e7e\u015fitli slotlar, rulet, kart oyunlar\u0131 ve canl\u0131 casino. Bonuslar\u0131n\u0131z\u0131 bug\u00fcn al\u0131n!\" \/>\n<meta name=\"robots\" content=\"index, follow, max-snippet:-1, max-image-preview:large, max-video-preview:-1\" \/>\n<meta property=\"og:locale\" content=\"tr_TR\" \/>\n<meta property=\"og:type\" content=\"article\" \/>\n<meta property=\"og:title\" content=\"Beep Beep Casino T\u00fcrkiye: en iyi bonuslar ve oyunlar\" \/>\n<meta property=\"og:description\" content=\"Beep Beep Casino - heyecan\u0131n \u015fansla bulu\u015ftu\u011fu yer! \u00c7ok \u00e7e\u015fitli slotlar, rulet, kart oyunlar\u0131 ve canl\u0131 casino. Bonuslar\u0131n\u0131z\u0131 bug\u00fcn al\u0131n!\" \/>\n<meta property=\"og:url\" content=\"https:\/\/beep-beep-casino.win\/tr\/casino\/\" \/>\n<meta property=\"og:site_name\" content=\"Beep Beep Casino tr\" \/>\n<meta property=\"article:modified_time\" content=\"2025-11-03T01:37:17+00:00\" \/>\n<meta name=\"twitter:card\" content=\"summary_large_image\" \/>\n<script type=\"application\/ld+json\" class=\"yoast-schema-graph\">{\"@context\":\"https:\/\/schema.org\",\"@graph\":[{\"@type\":\"WebPage\",\"@id\":\"https:\/\/beep-beep-casino.win\/tr\/casino\/\",\"url\":\"https:\/\/beep-beep-casino.win\/tr\/casino\/\",\"name\":\"Beep Beep Casino T\u00fcrkiye: en iyi bonuslar ve oyunlar\",\"isPartOf\":{\"@id\":\"https:\/\/beep-beep-casino.win\/tr\/#website\"},\"datePublished\":\"2024-12-13T09:38:58+00:00\",\"dateModified\":\"2025-11-03T01:37:17+00:00\",\"description\":\"Beep Beep Casino - heyecan\u0131n \u015fansla bulu\u015ftu\u011fu yer! \u00c7ok \u00e7e\u015fitli slotlar, rulet, kart oyunlar\u0131 ve canl\u0131 casino. Bonuslar\u0131n\u0131z\u0131 bug\u00fcn al\u0131n!\",\"breadcrumb\":{\"@id\":\"https:\/\/beep-beep-casino.win\/tr\/casino\/#breadcrumb\"},\"inLanguage\":\"tr\",\"potentialAction\":[{\"@type\":\"ReadAction\",\"target\":[\"https:\/\/beep-beep-casino.win\/tr\/casino\/\"]}]},{\"@type\":\"BreadcrumbList\",\"@id\":\"https:\/\/beep-beep-casino.win\/tr\/casino\/#breadcrumb\",\"itemListElement\":[{\"@type\":\"ListItem\",\"position\":1,\"name\":\"\u0413\u043b\u0430\u0432\u043d\u0430\u044f \u0441\u0442\u0440\u0430\u043d\u0438\u0446\u0430\",\"item\":\"https:\/\/beep-beep-casino.win\/tr\/\"},{\"@type\":\"ListItem\",\"position\":2,\"name\":\"Kumarhane\"}]},{\"@type\":\"WebSite\",\"@id\":\"https:\/\/beep-beep-casino.win\/tr\/#website\",\"url\":\"https:\/\/beep-beep-casino.win\/tr\/\",\"name\":\"Beep Beep Casino tr\",\"description\":\"\",\"potentialAction\":[{\"@type\":\"SearchAction\",\"target\":{\"@type\":\"EntryPoint\",\"urlTemplate\":\"https:\/\/beep-beep-casino.win\/tr\/?s={search_term_string}\"},\"query-input\":{\"@type\":\"PropertyValueSpecification\",\"valueRequired\":true,\"valueName\":\"search_term_string\"}}],\"inLanguage\":\"tr\"}]}<\/script>\n<!-- \/ Yoast SEO plugin. -->","yoast_head_json":{"title":"Beep Beep Casino T\u00fcrkiye: en iyi bonuslar ve oyunlar","description":"Beep Beep Casino - heyecan\u0131n \u015fansla bulu\u015ftu\u011fu yer! \u00c7ok \u00e7e\u015fitli slotlar, rulet, kart oyunlar\u0131 ve canl\u0131 casino. Bonuslar\u0131n\u0131z\u0131 bug\u00fcn al\u0131n!","robots":{"index":"index","follow":"follow","max-snippet":"max-snippet:-1","max-image-preview":"max-image-preview:large","max-video-preview":"max-video-preview:-1"},"og_locale":"tr_TR","og_type":"article","og_title":"Beep Beep Casino T\u00fcrkiye: en iyi bonuslar ve oyunlar","og_description":"Beep Beep Casino - heyecan\u0131n \u015fansla bulu\u015ftu\u011fu yer! \u00c7ok \u00e7e\u015fitli slotlar, rulet, kart oyunlar\u0131 ve canl\u0131 casino. Bonuslar\u0131n\u0131z\u0131 bug\u00fcn al\u0131n!","og_url":"https:\/\/beep-beep-casino.win\/tr\/casino\/","og_site_name":"Beep Beep Casino tr","article_modified_time":"2025-11-03T01:37:17+00:00","twitter_card":"summary_large_image","schema":{"@context":"https:\/\/schema.org","@graph":[{"@type":"WebPage","@id":"https:\/\/beep-beep-casino.win\/tr\/casino\/","url":"https:\/\/beep-beep-casino.win\/tr\/casino\/","name":"Beep Beep Casino T\u00fcrkiye: en iyi bonuslar ve oyunlar","isPartOf":{"@id":"https:\/\/beep-beep-casino.win\/tr\/#website"},"datePublished":"2024-12-13T09:38:58+00:00","dateModified":"2025-11-03T01:37:17+00:00","description":"Beep Beep Casino - heyecan\u0131n \u015fansla bulu\u015ftu\u011fu yer! \u00c7ok \u00e7e\u015fitli slotlar, rulet, kart oyunlar\u0131 ve canl\u0131 casino. Bonuslar\u0131n\u0131z\u0131 bug\u00fcn al\u0131n!","breadcrumb":{"@id":"https:\/\/beep-beep-casino.win\/tr\/casino\/#breadcrumb"},"inLanguage":"tr","potentialAction":[{"@type":"ReadAction","target":["https:\/\/beep-beep-casino.win\/tr\/casino\/"]}]},{"@type":"BreadcrumbList","@id":"https:\/\/beep-beep-casino.win\/tr\/casino\/#breadcrumb","itemListElement":[{"@type":"ListItem","position":1,"name":"\u0413\u043b\u0430\u0432\u043d\u0430\u044f \u0441\u0442\u0440\u0430\u043d\u0438\u0446\u0430","item":"https:\/\/beep-beep-casino.win\/tr\/"},{"@type":"ListItem","position":2,"name":"Kumarhane"}]},{"@type":"WebSite","@id":"https:\/\/beep-beep-casino.win\/tr\/#website","url":"https:\/\/beep-beep-casino.win\/tr\/","name":"Beep Beep Casino tr","description":"","potentialAction":[{"@type":"SearchAction","target":{"@type":"EntryPoint","urlTemplate":"https:\/\/beep-beep-casino.win\/tr\/?s={search_term_string}"},"query-input":{"@type":"PropertyValueSpecification","valueRequired":true,"valueName":"search_term_string"}}],"inLanguage":"tr"}]}},"_links":{"self":[{"href":"https:\/\/beep-beep-casino.win\/tr\/wp-json\/wp\/v2\/pages\/206","targetHints":{"allow":["GET"]}}],"collection":[{"href":"https:\/\/beep-beep-casino.win\/tr\/wp-json\/wp\/v2\/pages"}],"about":[{"href":"https:\/\/beep-beep-casino.win\/tr\/wp-json\/wp\/v2\/types\/page"}],"author":[{"embeddable":true,"href":"https:\/\/beep-beep-casino.win\/tr\/wp-json\/wp\/v2\/users\/1"}],"replies":[{"embeddable":true,"href":"https:\/\/beep-beep-casino.win\/tr\/wp-json\/wp\/v2\/comments?post=206"}],"version-history":[{"count":12,"href":"https:\/\/beep-beep-casino.win\/tr\/wp-json\/wp\/v2\/pages\/206\/revisions"}],"predecessor-version":[{"id":301,"href":"https:\/\/beep-beep-casino.win\/tr\/wp-json\/wp\/v2\/pages\/206\/revisions\/301"}],"wp:attachment":[{"href":"https:\/\/beep-beep-casino.win\/tr\/wp-json\/wp\/v2\/media?parent=206"}],"curies":[{"name":"wp","href":"https:\/\/api.w.org\/{rel}","templated":true}]}}