{"id":197,"date":"2024-12-13T09:40:00","date_gmt":"2024-12-13T09:40:00","guid":{"rendered":"https:\/\/beep-beep-casino.win\/tr\/?page_id=197"},"modified":"2025-11-03T01:15:52","modified_gmt":"2025-11-03T01:15:52","slug":"registration","status":"publish","type":"page","link":"https:\/\/beep-beep-casino.win\/tr\/registration\/","title":{"rendered":"Kay\u0131t"},"content":{"rendered":"","protected":false},"excerpt":{"rendered":"","protected":false},"author":1,"featured_media":0,"parent":0,"menu_order":0,"comment_status":"closed","ping_status":"closed","template":"","meta":{"footnotes":""},"class_list":["post-197","page","type-page","status-publish","hentry"],"yoast_head":"<!-- This site is optimized with the Yoast SEO plugin v23.8 - https:\/\/yoast.com\/wordpress\/plugins\/seo\/ -->\n<title>T\u00fcrkiye&#039;de Beep Beep casino kayd\u0131 &gt; kurallar ve talimatlar<\/title>\n<meta name=\"description\" content=\"Oynamaya ve kazanmaya ba\u015flamak i\u00e7in Beep Beep Casino&#039;ya nas\u0131l h\u0131zl\u0131 bir \u015fekilde kaydolaca\u011f\u0131n\u0131z\u0131 \u00f6\u011frenin!\" \/>\n<meta name=\"robots\" content=\"index, follow, max-snippet:-1, max-image-preview:large, max-video-preview:-1\" \/>\n<meta property=\"og:locale\" content=\"tr_TR\" \/>\n<meta property=\"og:type\" content=\"article\" \/>\n<meta property=\"og:title\" content=\"T\u00fcrkiye&#039;de Beep Beep casino kayd\u0131 &gt; kurallar ve talimatlar\" \/>\n<meta property=\"og:description\" content=\"Oynamaya ve kazanmaya ba\u015flamak i\u00e7in Beep Beep Casino&#039;ya nas\u0131l h\u0131zl\u0131 bir \u015fekilde kaydolaca\u011f\u0131n\u0131z\u0131 \u00f6\u011frenin!\" \/>\n<meta property=\"og:url\" content=\"https:\/\/beep-beep-casino.win\/tr\/registration\/\" \/>\n<meta property=\"og:site_name\" content=\"Beep Beep Casino tr\" \/>\n<meta property=\"article:modified_time\" content=\"2025-11-03T01:15:52+00:00\" \/>\n<meta name=\"twitter:card\" content=\"summary_large_image\" \/>\n<script type=\"application\/ld+json\" class=\"yoast-schema-graph\">{\"@context\":\"https:\/\/schema.org\",\"@graph\":[{\"@type\":\"WebPage\",\"@id\":\"https:\/\/beep-beep-casino.win\/tr\/registration\/\",\"url\":\"https:\/\/beep-beep-casino.win\/tr\/registration\/\",\"name\":\"T\u00fcrkiye'de Beep Beep casino kayd\u0131 > kurallar ve talimatlar\",\"isPartOf\":{\"@id\":\"https:\/\/beep-beep-casino.win\/tr\/#website\"},\"datePublished\":\"2024-12-13T09:40:00+00:00\",\"dateModified\":\"2025-11-03T01:15:52+00:00\",\"description\":\"Oynamaya ve kazanmaya ba\u015flamak i\u00e7in Beep Beep Casino'ya nas\u0131l h\u0131zl\u0131 bir \u015fekilde kaydolaca\u011f\u0131n\u0131z\u0131 \u00f6\u011frenin!\",\"breadcrumb\":{\"@id\":\"https:\/\/beep-beep-casino.win\/tr\/registration\/#breadcrumb\"},\"inLanguage\":\"tr\",\"potentialAction\":[{\"@type\":\"ReadAction\",\"target\":[\"https:\/\/beep-beep-casino.win\/tr\/registration\/\"]}]},{\"@type\":\"BreadcrumbList\",\"@id\":\"https:\/\/beep-beep-casino.win\/tr\/registration\/#breadcrumb\",\"itemListElement\":[{\"@type\":\"ListItem\",\"position\":1,\"name\":\"\u0413\u043b\u0430\u0432\u043d\u0430\u044f \u0441\u0442\u0440\u0430\u043d\u0438\u0446\u0430\",\"item\":\"https:\/\/beep-beep-casino.win\/tr\/\"},{\"@type\":\"ListItem\",\"position\":2,\"name\":\"Kay\u0131t\"}]},{\"@type\":\"WebSite\",\"@id\":\"https:\/\/beep-beep-casino.win\/tr\/#website\",\"url\":\"https:\/\/beep-beep-casino.win\/tr\/\",\"name\":\"Beep Beep Casino tr\",\"description\":\"\",\"potentialAction\":[{\"@type\":\"SearchAction\",\"target\":{\"@type\":\"EntryPoint\",\"urlTemplate\":\"https:\/\/beep-beep-casino.win\/tr\/?s={search_term_string}\"},\"query-input\":{\"@type\":\"PropertyValueSpecification\",\"valueRequired\":true,\"valueName\":\"search_term_string\"}}],\"inLanguage\":\"tr\"}]}<\/script>\n<!-- \/ Yoast SEO plugin. -->","yoast_head_json":{"title":"T\u00fcrkiye'de Beep Beep casino kayd\u0131 > kurallar ve talimatlar","description":"Oynamaya ve kazanmaya ba\u015flamak i\u00e7in Beep Beep Casino'ya nas\u0131l h\u0131zl\u0131 bir \u015fekilde kaydolaca\u011f\u0131n\u0131z\u0131 \u00f6\u011frenin!","robots":{"index":"index","follow":"follow","max-snippet":"max-snippet:-1","max-image-preview":"max-image-preview:large","max-video-preview":"max-video-preview:-1"},"og_locale":"tr_TR","og_type":"article","og_title":"T\u00fcrkiye'de Beep Beep casino kayd\u0131 > kurallar ve talimatlar","og_description":"Oynamaya ve kazanmaya ba\u015flamak i\u00e7in Beep Beep Casino'ya nas\u0131l h\u0131zl\u0131 bir \u015fekilde kaydolaca\u011f\u0131n\u0131z\u0131 \u00f6\u011frenin!","og_url":"https:\/\/beep-beep-casino.win\/tr\/registration\/","og_site_name":"Beep Beep Casino tr","article_modified_time":"2025-11-03T01:15:52+00:00","twitter_card":"summary_large_image","schema":{"@context":"https:\/\/schema.org","@graph":[{"@type":"WebPage","@id":"https:\/\/beep-beep-casino.win\/tr\/registration\/","url":"https:\/\/beep-beep-casino.win\/tr\/registration\/","name":"T\u00fcrkiye'de Beep Beep casino kayd\u0131 > kurallar ve talimatlar","isPartOf":{"@id":"https:\/\/beep-beep-casino.win\/tr\/#website"},"datePublished":"2024-12-13T09:40:00+00:00","dateModified":"2025-11-03T01:15:52+00:00","description":"Oynamaya ve kazanmaya ba\u015flamak i\u00e7in Beep Beep Casino'ya nas\u0131l h\u0131zl\u0131 bir \u015fekilde kaydolaca\u011f\u0131n\u0131z\u0131 \u00f6\u011frenin!","breadcrumb":{"@id":"https:\/\/beep-beep-casino.win\/tr\/registration\/#breadcrumb"},"inLanguage":"tr","potentialAction":[{"@type":"ReadAction","target":["https:\/\/beep-beep-casino.win\/tr\/registration\/"]}]},{"@type":"BreadcrumbList","@id":"https:\/\/beep-beep-casino.win\/tr\/registration\/#breadcrumb","itemListElement":[{"@type":"ListItem","position":1,"name":"\u0413\u043b\u0430\u0432\u043d\u0430\u044f \u0441\u0442\u0440\u0430\u043d\u0438\u0446\u0430","item":"https:\/\/beep-beep-casino.win\/tr\/"},{"@type":"ListItem","position":2,"name":"Kay\u0131t"}]},{"@type":"WebSite","@id":"https:\/\/beep-beep-casino.win\/tr\/#website","url":"https:\/\/beep-beep-casino.win\/tr\/","name":"Beep Beep Casino tr","description":"","potentialAction":[{"@type":"SearchAction","target":{"@type":"EntryPoint","urlTemplate":"https:\/\/beep-beep-casino.win\/tr\/?s={search_term_string}"},"query-input":{"@type":"PropertyValueSpecification","valueRequired":true,"valueName":"search_term_string"}}],"inLanguage":"tr"}]}},"_links":{"self":[{"href":"https:\/\/beep-beep-casino.win\/tr\/wp-json\/wp\/v2\/pages\/197","targetHints":{"allow":["GET"]}}],"collection":[{"href":"https:\/\/beep-beep-casino.win\/tr\/wp-json\/wp\/v2\/pages"}],"about":[{"href":"https:\/\/beep-beep-casino.win\/tr\/wp-json\/wp\/v2\/types\/page"}],"author":[{"embeddable":true,"href":"https:\/\/beep-beep-casino.win\/tr\/wp-json\/wp\/v2\/users\/1"}],"replies":[{"embeddable":true,"href":"https:\/\/beep-beep-casino.win\/tr\/wp-json\/wp\/v2\/comments?post=197"}],"version-history":[{"count":9,"href":"https:\/\/beep-beep-casino.win\/tr\/wp-json\/wp\/v2\/pages\/197\/revisions"}],"predecessor-version":[{"id":311,"href":"https:\/\/beep-beep-casino.win\/tr\/wp-json\/wp\/v2\/pages\/197\/revisions\/311"}],"wp:attachment":[{"href":"https:\/\/beep-beep-casino.win\/tr\/wp-json\/wp\/v2\/media?parent=197"}],"curies":[{"name":"wp","href":"https:\/\/api.w.org\/{rel}","templated":true}]}}