{"id":2,"date":"2023-05-18T17:18:34","date_gmt":"2023-05-18T17:18:34","guid":{"rendered":"https:\/\/beep-beep-casino.win\/sk\/?page_id=2"},"modified":"2025-01-09T08:19:17","modified_gmt":"2025-01-09T08:19:17","slug":"sample-page","status":"publish","type":"page","link":"https:\/\/beep-beep-casino.win\/sk\/","title":{"rendered":"\u00davodn\u00e1"},"content":{"rendered":"","protected":false},"excerpt":{"rendered":"","protected":false},"author":1,"featured_media":0,"parent":0,"menu_order":0,"comment_status":"closed","ping_status":"closed","template":"","meta":{"footnotes":""},"class_list":["post-2","page","type-page","status-publish","hentry"],"yoast_head":"<!-- This site is optimized with the Yoast SEO plugin v23.8 - https:\/\/yoast.com\/wordpress\/plugins\/seo\/ -->\n<title>Beep Beep Casino: najlep\u0161ie online kas\u00edno pre hazardn\u00e9 hry<\/title>\n<meta name=\"description\" content=\"Za\u017eite vzru\u0161enie z v\u00fdhry s Beep Beep Casino! Obrovsk\u00fd v\u00fdber hier, bonusov a \u0161tedr\u00fdch jackpotov. Vst\u00fapte do sveta hazardn\u00fdch hier a vyhrajte hne\u010f teraz!\" \/>\n<meta name=\"robots\" content=\"index, follow, max-snippet:-1, max-image-preview:large, max-video-preview:-1\" \/>\n<meta property=\"og:locale\" content=\"sk_SK\" \/>\n<meta property=\"og:type\" content=\"article\" \/>\n<meta property=\"og:title\" content=\"Beep Beep Casino: najlep\u0161ie online kas\u00edno pre hazardn\u00e9 hry\" \/>\n<meta property=\"og:description\" content=\"Za\u017eite vzru\u0161enie z v\u00fdhry s Beep Beep Casino! Obrovsk\u00fd v\u00fdber hier, bonusov a \u0161tedr\u00fdch jackpotov. Vst\u00fapte do sveta hazardn\u00fdch hier a vyhrajte hne\u010f teraz!\" \/>\n<meta property=\"og:url\" content=\"https:\/\/beep-beep-casino.win\/sk\/\" \/>\n<meta property=\"og:site_name\" content=\"Beep Beep Casino sk\" \/>\n<meta property=\"article:modified_time\" content=\"2025-01-09T08:19:17+00:00\" \/>\n<meta name=\"twitter:card\" content=\"summary_large_image\" \/>\n<script type=\"application\/ld+json\" class=\"yoast-schema-graph\">{\"@context\":\"https:\/\/schema.org\",\"@graph\":[{\"@type\":\"WebPage\",\"@id\":\"https:\/\/beep-beep-casino.win\/sk\/\",\"url\":\"https:\/\/beep-beep-casino.win\/sk\/\",\"name\":\"Beep Beep Casino: najlep\u0161ie online kas\u00edno pre hazardn\u00e9 hry\",\"isPartOf\":{\"@id\":\"https:\/\/beep-beep-casino.win\/sk\/#website\"},\"datePublished\":\"2023-05-18T17:18:34+00:00\",\"dateModified\":\"2025-01-09T08:19:17+00:00\",\"description\":\"Za\u017eite vzru\u0161enie z v\u00fdhry s Beep Beep Casino! Obrovsk\u00fd v\u00fdber hier, bonusov a \u0161tedr\u00fdch jackpotov. Vst\u00fapte do sveta hazardn\u00fdch hier a vyhrajte hne\u010f teraz!\",\"breadcrumb\":{\"@id\":\"https:\/\/beep-beep-casino.win\/sk\/#breadcrumb\"},\"inLanguage\":\"sk-SK\",\"potentialAction\":[{\"@type\":\"ReadAction\",\"target\":[\"https:\/\/beep-beep-casino.win\/sk\/\"]}]},{\"@type\":\"BreadcrumbList\",\"@id\":\"https:\/\/beep-beep-casino.win\/sk\/#breadcrumb\",\"itemListElement\":[{\"@type\":\"ListItem\",\"position\":1,\"name\":\"\u0413\u043b\u0430\u0432\u043d\u0430\u044f \u0441\u0442\u0440\u0430\u043d\u0438\u0446\u0430\",\"item\":\"https:\/\/beep-beep-casino.win\/sk\/\"},{\"@type\":\"ListItem\",\"position\":2,\"name\":\"\u00davodn\u00e1\"}]},{\"@type\":\"WebSite\",\"@id\":\"https:\/\/beep-beep-casino.win\/sk\/#website\",\"url\":\"https:\/\/beep-beep-casino.win\/sk\/\",\"name\":\"Beep Beep Casino sk\",\"description\":\"\",\"potentialAction\":[{\"@type\":\"SearchAction\",\"target\":{\"@type\":\"EntryPoint\",\"urlTemplate\":\"https:\/\/beep-beep-casino.win\/sk\/?s={search_term_string}\"},\"query-input\":{\"@type\":\"PropertyValueSpecification\",\"valueRequired\":true,\"valueName\":\"search_term_string\"}}],\"inLanguage\":\"sk-SK\"}]}<\/script>\n<!-- \/ Yoast SEO plugin. -->","yoast_head_json":{"title":"Beep Beep Casino: najlep\u0161ie online kas\u00edno pre hazardn\u00e9 hry","description":"Za\u017eite vzru\u0161enie z v\u00fdhry s Beep Beep Casino! Obrovsk\u00fd v\u00fdber hier, bonusov a \u0161tedr\u00fdch jackpotov. Vst\u00fapte do sveta hazardn\u00fdch hier a vyhrajte hne\u010f teraz!","robots":{"index":"index","follow":"follow","max-snippet":"max-snippet:-1","max-image-preview":"max-image-preview:large","max-video-preview":"max-video-preview:-1"},"og_locale":"sk_SK","og_type":"article","og_title":"Beep Beep Casino: najlep\u0161ie online kas\u00edno pre hazardn\u00e9 hry","og_description":"Za\u017eite vzru\u0161enie z v\u00fdhry s Beep Beep Casino! Obrovsk\u00fd v\u00fdber hier, bonusov a \u0161tedr\u00fdch jackpotov. Vst\u00fapte do sveta hazardn\u00fdch hier a vyhrajte hne\u010f teraz!","og_url":"https:\/\/beep-beep-casino.win\/sk\/","og_site_name":"Beep Beep Casino sk","article_modified_time":"2025-01-09T08:19:17+00:00","twitter_card":"summary_large_image","schema":{"@context":"https:\/\/schema.org","@graph":[{"@type":"WebPage","@id":"https:\/\/beep-beep-casino.win\/sk\/","url":"https:\/\/beep-beep-casino.win\/sk\/","name":"Beep Beep Casino: najlep\u0161ie online kas\u00edno pre hazardn\u00e9 hry","isPartOf":{"@id":"https:\/\/beep-beep-casino.win\/sk\/#website"},"datePublished":"2023-05-18T17:18:34+00:00","dateModified":"2025-01-09T08:19:17+00:00","description":"Za\u017eite vzru\u0161enie z v\u00fdhry s Beep Beep Casino! Obrovsk\u00fd v\u00fdber hier, bonusov a \u0161tedr\u00fdch jackpotov. Vst\u00fapte do sveta hazardn\u00fdch hier a vyhrajte hne\u010f teraz!","breadcrumb":{"@id":"https:\/\/beep-beep-casino.win\/sk\/#breadcrumb"},"inLanguage":"sk-SK","potentialAction":[{"@type":"ReadAction","target":["https:\/\/beep-beep-casino.win\/sk\/"]}]},{"@type":"BreadcrumbList","@id":"https:\/\/beep-beep-casino.win\/sk\/#breadcrumb","itemListElement":[{"@type":"ListItem","position":1,"name":"\u0413\u043b\u0430\u0432\u043d\u0430\u044f \u0441\u0442\u0440\u0430\u043d\u0438\u0446\u0430","item":"https:\/\/beep-beep-casino.win\/sk\/"},{"@type":"ListItem","position":2,"name":"\u00davodn\u00e1"}]},{"@type":"WebSite","@id":"https:\/\/beep-beep-casino.win\/sk\/#website","url":"https:\/\/beep-beep-casino.win\/sk\/","name":"Beep Beep Casino sk","description":"","potentialAction":[{"@type":"SearchAction","target":{"@type":"EntryPoint","urlTemplate":"https:\/\/beep-beep-casino.win\/sk\/?s={search_term_string}"},"query-input":{"@type":"PropertyValueSpecification","valueRequired":true,"valueName":"search_term_string"}}],"inLanguage":"sk-SK"}]}},"_links":{"self":[{"href":"https:\/\/beep-beep-casino.win\/sk\/wp-json\/wp\/v2\/pages\/2","targetHints":{"allow":["GET"]}}],"collection":[{"href":"https:\/\/beep-beep-casino.win\/sk\/wp-json\/wp\/v2\/pages"}],"about":[{"href":"https:\/\/beep-beep-casino.win\/sk\/wp-json\/wp\/v2\/types\/page"}],"author":[{"embeddable":true,"href":"https:\/\/beep-beep-casino.win\/sk\/wp-json\/wp\/v2\/users\/1"}],"replies":[{"embeddable":true,"href":"https:\/\/beep-beep-casino.win\/sk\/wp-json\/wp\/v2\/comments?post=2"}],"version-history":[{"count":16,"href":"https:\/\/beep-beep-casino.win\/sk\/wp-json\/wp\/v2\/pages\/2\/revisions"}],"predecessor-version":[{"id":280,"href":"https:\/\/beep-beep-casino.win\/sk\/wp-json\/wp\/v2\/pages\/2\/revisions\/280"}],"wp:attachment":[{"href":"https:\/\/beep-beep-casino.win\/sk\/wp-json\/wp\/v2\/media?parent=2"}],"curies":[{"name":"wp","href":"https:\/\/api.w.org\/{rel}","templated":true}]}}