{"id":220,"date":"2024-12-13T09:39:25","date_gmt":"2024-12-13T09:39:25","guid":{"rendered":"https:\/\/beep-beep-casino.win\/si\/?page_id=220"},"modified":"2025-11-03T01:53:55","modified_gmt":"2025-11-03T01:53:55","slug":"reviews","status":"publish","type":"page","link":"https:\/\/beep-beep-casino.win\/si\/reviews\/","title":{"rendered":"Pri\u010devanja"},"content":{"rendered":"","protected":false},"excerpt":{"rendered":"","protected":false},"author":1,"featured_media":0,"parent":0,"menu_order":0,"comment_status":"closed","ping_status":"closed","template":"","meta":{"footnotes":""},"class_list":["post-220","page","type-page","status-publish","hentry"],"yoast_head":"<!-- This site is optimized with the Yoast SEO plugin v23.8 - https:\/\/yoast.com\/wordpress\/plugins\/seo\/ -->\n<title>Beep Beep Casino pregledi &gt; Va\u0161a vstopnica v svet zmag!<\/title>\n<meta name=\"description\" content=\"Potopite se v vzdu\u0161je igralnice Beep Beep Casino: bogati bonusi, bliskovita izpla\u010dila in razburljive igre. Mnenja, skrivnosti uspeha in najbolj\u0161e ponudbe!\" \/>\n<meta name=\"robots\" content=\"index, follow, max-snippet:-1, max-image-preview:large, max-video-preview:-1\" \/>\n<meta property=\"og:locale\" content=\"sl_SI\" \/>\n<meta property=\"og:type\" content=\"article\" \/>\n<meta property=\"og:title\" content=\"Beep Beep Casino pregledi &gt; Va\u0161a vstopnica v svet zmag!\" \/>\n<meta property=\"og:description\" content=\"Potopite se v vzdu\u0161je igralnice Beep Beep Casino: bogati bonusi, bliskovita izpla\u010dila in razburljive igre. Mnenja, skrivnosti uspeha in najbolj\u0161e ponudbe!\" \/>\n<meta property=\"og:url\" content=\"https:\/\/beep-beep-casino.win\/si\/reviews\/\" \/>\n<meta property=\"og:site_name\" content=\"Beep Beep Casino si\" \/>\n<meta property=\"article:modified_time\" content=\"2025-11-03T01:53:55+00:00\" \/>\n<meta name=\"twitter:card\" content=\"summary_large_image\" \/>\n<script type=\"application\/ld+json\" class=\"yoast-schema-graph\">{\"@context\":\"https:\/\/schema.org\",\"@graph\":[{\"@type\":\"WebPage\",\"@id\":\"https:\/\/beep-beep-casino.win\/si\/reviews\/\",\"url\":\"https:\/\/beep-beep-casino.win\/si\/reviews\/\",\"name\":\"Beep Beep Casino pregledi > Va\u0161a vstopnica v svet zmag!\",\"isPartOf\":{\"@id\":\"https:\/\/beep-beep-casino.win\/si\/#website\"},\"datePublished\":\"2024-12-13T09:39:25+00:00\",\"dateModified\":\"2025-11-03T01:53:55+00:00\",\"description\":\"Potopite se v vzdu\u0161je igralnice Beep Beep Casino: bogati bonusi, bliskovita izpla\u010dila in razburljive igre. Mnenja, skrivnosti uspeha in najbolj\u0161e ponudbe!\",\"breadcrumb\":{\"@id\":\"https:\/\/beep-beep-casino.win\/si\/reviews\/#breadcrumb\"},\"inLanguage\":\"sl-SI\",\"potentialAction\":[{\"@type\":\"ReadAction\",\"target\":[\"https:\/\/beep-beep-casino.win\/si\/reviews\/\"]}]},{\"@type\":\"BreadcrumbList\",\"@id\":\"https:\/\/beep-beep-casino.win\/si\/reviews\/#breadcrumb\",\"itemListElement\":[{\"@type\":\"ListItem\",\"position\":1,\"name\":\"\u0413\u043b\u0430\u0432\u043d\u0430\u044f \u0441\u0442\u0440\u0430\u043d\u0438\u0446\u0430\",\"item\":\"https:\/\/beep-beep-casino.win\/si\/\"},{\"@type\":\"ListItem\",\"position\":2,\"name\":\"Pri\u010devanja\"}]},{\"@type\":\"WebSite\",\"@id\":\"https:\/\/beep-beep-casino.win\/si\/#website\",\"url\":\"https:\/\/beep-beep-casino.win\/si\/\",\"name\":\"Beep Beep Casino si\",\"description\":\"\",\"potentialAction\":[{\"@type\":\"SearchAction\",\"target\":{\"@type\":\"EntryPoint\",\"urlTemplate\":\"https:\/\/beep-beep-casino.win\/si\/?s={search_term_string}\"},\"query-input\":{\"@type\":\"PropertyValueSpecification\",\"valueRequired\":true,\"valueName\":\"search_term_string\"}}],\"inLanguage\":\"sl-SI\"}]}<\/script>\n<!-- \/ Yoast SEO plugin. -->","yoast_head_json":{"title":"Beep Beep Casino pregledi > Va\u0161a vstopnica v svet zmag!","description":"Potopite se v vzdu\u0161je igralnice Beep Beep Casino: bogati bonusi, bliskovita izpla\u010dila in razburljive igre. Mnenja, skrivnosti uspeha in najbolj\u0161e ponudbe!","robots":{"index":"index","follow":"follow","max-snippet":"max-snippet:-1","max-image-preview":"max-image-preview:large","max-video-preview":"max-video-preview:-1"},"og_locale":"sl_SI","og_type":"article","og_title":"Beep Beep Casino pregledi > Va\u0161a vstopnica v svet zmag!","og_description":"Potopite se v vzdu\u0161je igralnice Beep Beep Casino: bogati bonusi, bliskovita izpla\u010dila in razburljive igre. Mnenja, skrivnosti uspeha in najbolj\u0161e ponudbe!","og_url":"https:\/\/beep-beep-casino.win\/si\/reviews\/","og_site_name":"Beep Beep Casino si","article_modified_time":"2025-11-03T01:53:55+00:00","twitter_card":"summary_large_image","schema":{"@context":"https:\/\/schema.org","@graph":[{"@type":"WebPage","@id":"https:\/\/beep-beep-casino.win\/si\/reviews\/","url":"https:\/\/beep-beep-casino.win\/si\/reviews\/","name":"Beep Beep Casino pregledi > Va\u0161a vstopnica v svet zmag!","isPartOf":{"@id":"https:\/\/beep-beep-casino.win\/si\/#website"},"datePublished":"2024-12-13T09:39:25+00:00","dateModified":"2025-11-03T01:53:55+00:00","description":"Potopite se v vzdu\u0161je igralnice Beep Beep Casino: bogati bonusi, bliskovita izpla\u010dila in razburljive igre. Mnenja, skrivnosti uspeha in najbolj\u0161e ponudbe!","breadcrumb":{"@id":"https:\/\/beep-beep-casino.win\/si\/reviews\/#breadcrumb"},"inLanguage":"sl-SI","potentialAction":[{"@type":"ReadAction","target":["https:\/\/beep-beep-casino.win\/si\/reviews\/"]}]},{"@type":"BreadcrumbList","@id":"https:\/\/beep-beep-casino.win\/si\/reviews\/#breadcrumb","itemListElement":[{"@type":"ListItem","position":1,"name":"\u0413\u043b\u0430\u0432\u043d\u0430\u044f \u0441\u0442\u0440\u0430\u043d\u0438\u0446\u0430","item":"https:\/\/beep-beep-casino.win\/si\/"},{"@type":"ListItem","position":2,"name":"Pri\u010devanja"}]},{"@type":"WebSite","@id":"https:\/\/beep-beep-casino.win\/si\/#website","url":"https:\/\/beep-beep-casino.win\/si\/","name":"Beep Beep Casino si","description":"","potentialAction":[{"@type":"SearchAction","target":{"@type":"EntryPoint","urlTemplate":"https:\/\/beep-beep-casino.win\/si\/?s={search_term_string}"},"query-input":{"@type":"PropertyValueSpecification","valueRequired":true,"valueName":"search_term_string"}}],"inLanguage":"sl-SI"}]}},"_links":{"self":[{"href":"https:\/\/beep-beep-casino.win\/si\/wp-json\/wp\/v2\/pages\/220","targetHints":{"allow":["GET"]}}],"collection":[{"href":"https:\/\/beep-beep-casino.win\/si\/wp-json\/wp\/v2\/pages"}],"about":[{"href":"https:\/\/beep-beep-casino.win\/si\/wp-json\/wp\/v2\/types\/page"}],"author":[{"embeddable":true,"href":"https:\/\/beep-beep-casino.win\/si\/wp-json\/wp\/v2\/users\/1"}],"replies":[{"embeddable":true,"href":"https:\/\/beep-beep-casino.win\/si\/wp-json\/wp\/v2\/comments?post=220"}],"version-history":[{"count":7,"href":"https:\/\/beep-beep-casino.win\/si\/wp-json\/wp\/v2\/pages\/220\/revisions"}],"predecessor-version":[{"id":288,"href":"https:\/\/beep-beep-casino.win\/si\/wp-json\/wp\/v2\/pages\/220\/revisions\/288"}],"wp:attachment":[{"href":"https:\/\/beep-beep-casino.win\/si\/wp-json\/wp\/v2\/media?parent=220"}],"curies":[{"name":"wp","href":"https:\/\/api.w.org\/{rel}","templated":true}]}}