{"id":212,"date":"2024-12-13T09:38:15","date_gmt":"2024-12-13T09:38:15","guid":{"rendered":"https:\/\/beep-beep-casino.win\/si\/?page_id=212"},"modified":"2025-11-03T01:19:51","modified_gmt":"2025-11-03T01:19:51","slug":"app","status":"publish","type":"page","link":"https:\/\/beep-beep-casino.win\/si\/app\/","title":{"rendered":"Aplikacija"},"content":{"rendered":"","protected":false},"excerpt":{"rendered":"","protected":false},"author":1,"featured_media":0,"parent":0,"menu_order":0,"comment_status":"closed","ping_status":"closed","template":"","meta":{"footnotes":""},"class_list":["post-212","page","type-page","status-publish","hentry"],"yoast_head":"<!-- This site is optimized with the Yoast SEO plugin v23.8 - https:\/\/yoast.com\/wordpress\/plugins\/seo\/ -->\n<title>Beep Beep Casino App &gt; mobilna aplikacija za spletne igre<\/title>\n<meta name=\"description\" content=\"Igrajte Beep Beep Casino kjerkoli z na\u0161o mobilno aplikacijo! Najbolj\u0161i igralni avtomati, hitra izpla\u010dila in ekskluzivni bonusi so zdaj vedno na dosegu roke.\" \/>\n<meta name=\"robots\" content=\"index, follow, max-snippet:-1, max-image-preview:large, max-video-preview:-1\" \/>\n<meta property=\"og:locale\" content=\"sl_SI\" \/>\n<meta property=\"og:type\" content=\"article\" \/>\n<meta property=\"og:title\" content=\"Beep Beep Casino App &gt; mobilna aplikacija za spletne igre\" \/>\n<meta property=\"og:description\" content=\"Igrajte Beep Beep Casino kjerkoli z na\u0161o mobilno aplikacijo! Najbolj\u0161i igralni avtomati, hitra izpla\u010dila in ekskluzivni bonusi so zdaj vedno na dosegu roke.\" \/>\n<meta property=\"og:url\" content=\"https:\/\/beep-beep-casino.win\/si\/app\/\" \/>\n<meta property=\"og:site_name\" content=\"Beep Beep Casino si\" \/>\n<meta property=\"article:modified_time\" content=\"2025-11-03T01:19:51+00:00\" \/>\n<meta name=\"twitter:card\" content=\"summary_large_image\" \/>\n<script type=\"application\/ld+json\" class=\"yoast-schema-graph\">{\"@context\":\"https:\/\/schema.org\",\"@graph\":[{\"@type\":\"WebPage\",\"@id\":\"https:\/\/beep-beep-casino.win\/si\/app\/\",\"url\":\"https:\/\/beep-beep-casino.win\/si\/app\/\",\"name\":\"Beep Beep Casino App > mobilna aplikacija za spletne igre\",\"isPartOf\":{\"@id\":\"https:\/\/beep-beep-casino.win\/si\/#website\"},\"datePublished\":\"2024-12-13T09:38:15+00:00\",\"dateModified\":\"2025-11-03T01:19:51+00:00\",\"description\":\"Igrajte Beep Beep Casino kjerkoli z na\u0161o mobilno aplikacijo! Najbolj\u0161i igralni avtomati, hitra izpla\u010dila in ekskluzivni bonusi so zdaj vedno na dosegu roke.\",\"breadcrumb\":{\"@id\":\"https:\/\/beep-beep-casino.win\/si\/app\/#breadcrumb\"},\"inLanguage\":\"sl-SI\",\"potentialAction\":[{\"@type\":\"ReadAction\",\"target\":[\"https:\/\/beep-beep-casino.win\/si\/app\/\"]}]},{\"@type\":\"BreadcrumbList\",\"@id\":\"https:\/\/beep-beep-casino.win\/si\/app\/#breadcrumb\",\"itemListElement\":[{\"@type\":\"ListItem\",\"position\":1,\"name\":\"\u0413\u043b\u0430\u0432\u043d\u0430\u044f \u0441\u0442\u0440\u0430\u043d\u0438\u0446\u0430\",\"item\":\"https:\/\/beep-beep-casino.win\/si\/\"},{\"@type\":\"ListItem\",\"position\":2,\"name\":\"Aplikacija\"}]},{\"@type\":\"WebSite\",\"@id\":\"https:\/\/beep-beep-casino.win\/si\/#website\",\"url\":\"https:\/\/beep-beep-casino.win\/si\/\",\"name\":\"Beep Beep Casino si\",\"description\":\"\",\"potentialAction\":[{\"@type\":\"SearchAction\",\"target\":{\"@type\":\"EntryPoint\",\"urlTemplate\":\"https:\/\/beep-beep-casino.win\/si\/?s={search_term_string}\"},\"query-input\":{\"@type\":\"PropertyValueSpecification\",\"valueRequired\":true,\"valueName\":\"search_term_string\"}}],\"inLanguage\":\"sl-SI\"}]}<\/script>\n<!-- \/ Yoast SEO plugin. -->","yoast_head_json":{"title":"Beep Beep Casino App > mobilna aplikacija za spletne igre","description":"Igrajte Beep Beep Casino kjerkoli z na\u0161o mobilno aplikacijo! Najbolj\u0161i igralni avtomati, hitra izpla\u010dila in ekskluzivni bonusi so zdaj vedno na dosegu roke.","robots":{"index":"index","follow":"follow","max-snippet":"max-snippet:-1","max-image-preview":"max-image-preview:large","max-video-preview":"max-video-preview:-1"},"og_locale":"sl_SI","og_type":"article","og_title":"Beep Beep Casino App > mobilna aplikacija za spletne igre","og_description":"Igrajte Beep Beep Casino kjerkoli z na\u0161o mobilno aplikacijo! Najbolj\u0161i igralni avtomati, hitra izpla\u010dila in ekskluzivni bonusi so zdaj vedno na dosegu roke.","og_url":"https:\/\/beep-beep-casino.win\/si\/app\/","og_site_name":"Beep Beep Casino si","article_modified_time":"2025-11-03T01:19:51+00:00","twitter_card":"summary_large_image","schema":{"@context":"https:\/\/schema.org","@graph":[{"@type":"WebPage","@id":"https:\/\/beep-beep-casino.win\/si\/app\/","url":"https:\/\/beep-beep-casino.win\/si\/app\/","name":"Beep Beep Casino App > mobilna aplikacija za spletne igre","isPartOf":{"@id":"https:\/\/beep-beep-casino.win\/si\/#website"},"datePublished":"2024-12-13T09:38:15+00:00","dateModified":"2025-11-03T01:19:51+00:00","description":"Igrajte Beep Beep Casino kjerkoli z na\u0161o mobilno aplikacijo! Najbolj\u0161i igralni avtomati, hitra izpla\u010dila in ekskluzivni bonusi so zdaj vedno na dosegu roke.","breadcrumb":{"@id":"https:\/\/beep-beep-casino.win\/si\/app\/#breadcrumb"},"inLanguage":"sl-SI","potentialAction":[{"@type":"ReadAction","target":["https:\/\/beep-beep-casino.win\/si\/app\/"]}]},{"@type":"BreadcrumbList","@id":"https:\/\/beep-beep-casino.win\/si\/app\/#breadcrumb","itemListElement":[{"@type":"ListItem","position":1,"name":"\u0413\u043b\u0430\u0432\u043d\u0430\u044f \u0441\u0442\u0440\u0430\u043d\u0438\u0446\u0430","item":"https:\/\/beep-beep-casino.win\/si\/"},{"@type":"ListItem","position":2,"name":"Aplikacija"}]},{"@type":"WebSite","@id":"https:\/\/beep-beep-casino.win\/si\/#website","url":"https:\/\/beep-beep-casino.win\/si\/","name":"Beep Beep Casino si","description":"","potentialAction":[{"@type":"SearchAction","target":{"@type":"EntryPoint","urlTemplate":"https:\/\/beep-beep-casino.win\/si\/?s={search_term_string}"},"query-input":{"@type":"PropertyValueSpecification","valueRequired":true,"valueName":"search_term_string"}}],"inLanguage":"sl-SI"}]}},"_links":{"self":[{"href":"https:\/\/beep-beep-casino.win\/si\/wp-json\/wp\/v2\/pages\/212","targetHints":{"allow":["GET"]}}],"collection":[{"href":"https:\/\/beep-beep-casino.win\/si\/wp-json\/wp\/v2\/pages"}],"about":[{"href":"https:\/\/beep-beep-casino.win\/si\/wp-json\/wp\/v2\/types\/page"}],"author":[{"embeddable":true,"href":"https:\/\/beep-beep-casino.win\/si\/wp-json\/wp\/v2\/users\/1"}],"replies":[{"embeddable":true,"href":"https:\/\/beep-beep-casino.win\/si\/wp-json\/wp\/v2\/comments?post=212"}],"version-history":[{"count":9,"href":"https:\/\/beep-beep-casino.win\/si\/wp-json\/wp\/v2\/pages\/212\/revisions"}],"predecessor-version":[{"id":277,"href":"https:\/\/beep-beep-casino.win\/si\/wp-json\/wp\/v2\/pages\/212\/revisions\/277"}],"wp:attachment":[{"href":"https:\/\/beep-beep-casino.win\/si\/wp-json\/wp\/v2\/media?parent=212"}],"curies":[{"name":"wp","href":"https:\/\/api.w.org\/{rel}","templated":true}]}}