{"id":2,"date":"2023-05-18T17:18:34","date_gmt":"2023-05-18T17:18:34","guid":{"rendered":"https:\/\/beep-beep-casino.win\/pl\/?page_id=2"},"modified":"2025-10-31T17:53:57","modified_gmt":"2025-10-31T17:53:57","slug":"sample-page","status":"publish","type":"page","link":"https:\/\/beep-beep-casino.win\/pl\/","title":{"rendered":"G\u0142\u00f3wna"},"content":{"rendered":"","protected":false},"excerpt":{"rendered":"","protected":false},"author":1,"featured_media":0,"parent":0,"menu_order":0,"comment_status":"closed","ping_status":"open","template":"","meta":{"footnotes":""},"class_list":["post-2","page","type-page","status-publish","hentry"],"yoast_head":"<!-- This site is optimized with the Yoast SEO plugin v23.8 - https:\/\/yoast.com\/wordpress\/plugins\/seo\/ -->\n<title>Beep Beep Casino \u27a4 najlepsze kasyno online i bonusy<\/title>\n<meta name=\"description\" content=\"Poczuj dreszczyk emocji zwi\u0105zany z wygrywaniem w kasynie Beep Beep! Ogromny wyb\u00f3r gier, bonusy i hojne jackpoty. Do\u0142\u0105cz do \u015bwiata hazardu!\" \/>\n<meta name=\"robots\" content=\"index, follow, max-snippet:-1, max-image-preview:large, max-video-preview:-1\" \/>\n<meta property=\"og:locale\" content=\"pl_PL\" \/>\n<meta property=\"og:type\" content=\"article\" \/>\n<meta property=\"og:title\" content=\"Beep Beep Casino \u27a4 najlepsze kasyno online i bonusy\" \/>\n<meta property=\"og:description\" content=\"Poczuj dreszczyk emocji zwi\u0105zany z wygrywaniem w kasynie Beep Beep! Ogromny wyb\u00f3r gier, bonusy i hojne jackpoty. Do\u0142\u0105cz do \u015bwiata hazardu!\" \/>\n<meta property=\"og:url\" content=\"https:\/\/beep-beep-casino.win\/pl\/\" \/>\n<meta property=\"og:site_name\" content=\"Beep Beep Casino pl\" \/>\n<meta property=\"article:modified_time\" content=\"2025-10-31T17:53:57+00:00\" \/>\n<meta name=\"twitter:card\" content=\"summary_large_image\" \/>\n<script type=\"application\/ld+json\" class=\"yoast-schema-graph\">{\"@context\":\"https:\/\/schema.org\",\"@graph\":[{\"@type\":\"WebPage\",\"@id\":\"https:\/\/beep-beep-casino.win\/pl\/\",\"url\":\"https:\/\/beep-beep-casino.win\/pl\/\",\"name\":\"Beep Beep Casino \u27a4 najlepsze kasyno online i bonusy\",\"isPartOf\":{\"@id\":\"https:\/\/beep-beep-casino.win\/pl\/#website\"},\"datePublished\":\"2023-05-18T17:18:34+00:00\",\"dateModified\":\"2025-10-31T17:53:57+00:00\",\"description\":\"Poczuj dreszczyk emocji zwi\u0105zany z wygrywaniem w kasynie Beep Beep! Ogromny wyb\u00f3r gier, bonusy i hojne jackpoty. Do\u0142\u0105cz do \u015bwiata hazardu!\",\"breadcrumb\":{\"@id\":\"https:\/\/beep-beep-casino.win\/pl\/#breadcrumb\"},\"inLanguage\":\"pl-PL\",\"potentialAction\":[{\"@type\":\"ReadAction\",\"target\":[\"https:\/\/beep-beep-casino.win\/pl\/\"]}]},{\"@type\":\"BreadcrumbList\",\"@id\":\"https:\/\/beep-beep-casino.win\/pl\/#breadcrumb\",\"itemListElement\":[{\"@type\":\"ListItem\",\"position\":1,\"name\":\"\u0413\u043b\u0430\u0432\u043d\u0430\u044f \u0441\u0442\u0440\u0430\u043d\u0438\u0446\u0430\",\"item\":\"https:\/\/beep-beep-casino.win\/pl\/\"},{\"@type\":\"ListItem\",\"position\":2,\"name\":\"G\u0142\u00f3wna\"}]},{\"@type\":\"WebSite\",\"@id\":\"https:\/\/beep-beep-casino.win\/pl\/#website\",\"url\":\"https:\/\/beep-beep-casino.win\/pl\/\",\"name\":\"Beep Beep Casino pl\",\"description\":\"\",\"potentialAction\":[{\"@type\":\"SearchAction\",\"target\":{\"@type\":\"EntryPoint\",\"urlTemplate\":\"https:\/\/beep-beep-casino.win\/pl\/?s={search_term_string}\"},\"query-input\":{\"@type\":\"PropertyValueSpecification\",\"valueRequired\":true,\"valueName\":\"search_term_string\"}}],\"inLanguage\":\"pl-PL\"}]}<\/script>\n<!-- \/ Yoast SEO plugin. -->","yoast_head_json":{"title":"Beep Beep Casino \u27a4 najlepsze kasyno online i bonusy","description":"Poczuj dreszczyk emocji zwi\u0105zany z wygrywaniem w kasynie Beep Beep! Ogromny wyb\u00f3r gier, bonusy i hojne jackpoty. Do\u0142\u0105cz do \u015bwiata hazardu!","robots":{"index":"index","follow":"follow","max-snippet":"max-snippet:-1","max-image-preview":"max-image-preview:large","max-video-preview":"max-video-preview:-1"},"og_locale":"pl_PL","og_type":"article","og_title":"Beep Beep Casino \u27a4 najlepsze kasyno online i bonusy","og_description":"Poczuj dreszczyk emocji zwi\u0105zany z wygrywaniem w kasynie Beep Beep! Ogromny wyb\u00f3r gier, bonusy i hojne jackpoty. Do\u0142\u0105cz do \u015bwiata hazardu!","og_url":"https:\/\/beep-beep-casino.win\/pl\/","og_site_name":"Beep Beep Casino pl","article_modified_time":"2025-10-31T17:53:57+00:00","twitter_card":"summary_large_image","schema":{"@context":"https:\/\/schema.org","@graph":[{"@type":"WebPage","@id":"https:\/\/beep-beep-casino.win\/pl\/","url":"https:\/\/beep-beep-casino.win\/pl\/","name":"Beep Beep Casino \u27a4 najlepsze kasyno online i bonusy","isPartOf":{"@id":"https:\/\/beep-beep-casino.win\/pl\/#website"},"datePublished":"2023-05-18T17:18:34+00:00","dateModified":"2025-10-31T17:53:57+00:00","description":"Poczuj dreszczyk emocji zwi\u0105zany z wygrywaniem w kasynie Beep Beep! Ogromny wyb\u00f3r gier, bonusy i hojne jackpoty. Do\u0142\u0105cz do \u015bwiata hazardu!","breadcrumb":{"@id":"https:\/\/beep-beep-casino.win\/pl\/#breadcrumb"},"inLanguage":"pl-PL","potentialAction":[{"@type":"ReadAction","target":["https:\/\/beep-beep-casino.win\/pl\/"]}]},{"@type":"BreadcrumbList","@id":"https:\/\/beep-beep-casino.win\/pl\/#breadcrumb","itemListElement":[{"@type":"ListItem","position":1,"name":"\u0413\u043b\u0430\u0432\u043d\u0430\u044f \u0441\u0442\u0440\u0430\u043d\u0438\u0446\u0430","item":"https:\/\/beep-beep-casino.win\/pl\/"},{"@type":"ListItem","position":2,"name":"G\u0142\u00f3wna"}]},{"@type":"WebSite","@id":"https:\/\/beep-beep-casino.win\/pl\/#website","url":"https:\/\/beep-beep-casino.win\/pl\/","name":"Beep Beep Casino pl","description":"","potentialAction":[{"@type":"SearchAction","target":{"@type":"EntryPoint","urlTemplate":"https:\/\/beep-beep-casino.win\/pl\/?s={search_term_string}"},"query-input":{"@type":"PropertyValueSpecification","valueRequired":true,"valueName":"search_term_string"}}],"inLanguage":"pl-PL"}]}},"_links":{"self":[{"href":"https:\/\/beep-beep-casino.win\/pl\/wp-json\/wp\/v2\/pages\/2","targetHints":{"allow":["GET"]}}],"collection":[{"href":"https:\/\/beep-beep-casino.win\/pl\/wp-json\/wp\/v2\/pages"}],"about":[{"href":"https:\/\/beep-beep-casino.win\/pl\/wp-json\/wp\/v2\/types\/page"}],"author":[{"embeddable":true,"href":"https:\/\/beep-beep-casino.win\/pl\/wp-json\/wp\/v2\/users\/1"}],"replies":[{"embeddable":true,"href":"https:\/\/beep-beep-casino.win\/pl\/wp-json\/wp\/v2\/comments?post=2"}],"version-history":[{"count":15,"href":"https:\/\/beep-beep-casino.win\/pl\/wp-json\/wp\/v2\/pages\/2\/revisions"}],"predecessor-version":[{"id":282,"href":"https:\/\/beep-beep-casino.win\/pl\/wp-json\/wp\/v2\/pages\/2\/revisions\/282"}],"wp:attachment":[{"href":"https:\/\/beep-beep-casino.win\/pl\/wp-json\/wp\/v2\/media?parent=2"}],"curies":[{"name":"wp","href":"https:\/\/api.w.org\/{rel}","templated":true}]}}