{"id":197,"date":"2024-12-13T09:40:00","date_gmt":"2024-12-13T09:40:00","guid":{"rendered":"https:\/\/beep-beep-casino.win\/no\/?page_id=197"},"modified":"2025-02-25T10:46:27","modified_gmt":"2025-02-25T10:46:27","slug":"registration","status":"publish","type":"page","link":"https:\/\/beep-beep-casino.win\/no\/registration\/","title":{"rendered":"Registrering"},"content":{"rendered":"","protected":false},"excerpt":{"rendered":"","protected":false},"author":1,"featured_media":0,"parent":0,"menu_order":0,"comment_status":"closed","ping_status":"closed","template":"","meta":{"footnotes":""},"class_list":["post-197","page","type-page","status-publish","hentry"],"yoast_head":"<!-- This site is optimized with the Yoast SEO plugin v23.8 - https:\/\/yoast.com\/wordpress\/plugins\/seo\/ -->\n<title>Beep Beep casino registrering &gt; hovedregler og instruksjoner<\/title>\n<meta name=\"description\" content=\"L\u00e6r hvordan du raskt registrerer deg hos Beep Beep Casino for \u00e5 begynne \u00e5 spille og vinne!\" \/>\n<meta name=\"robots\" content=\"index, follow, max-snippet:-1, max-image-preview:large, max-video-preview:-1\" \/>\n<meta property=\"og:locale\" content=\"nb_NO\" \/>\n<meta property=\"og:type\" content=\"article\" \/>\n<meta property=\"og:title\" content=\"Beep Beep casino registrering &gt; hovedregler og instruksjoner\" \/>\n<meta property=\"og:description\" content=\"L\u00e6r hvordan du raskt registrerer deg hos Beep Beep Casino for \u00e5 begynne \u00e5 spille og vinne!\" \/>\n<meta property=\"og:url\" content=\"https:\/\/beep-beep-casino.win\/no\/registration\/\" \/>\n<meta property=\"og:site_name\" content=\"Beep Beep Casino no\" \/>\n<meta property=\"article:modified_time\" content=\"2025-02-25T10:46:27+00:00\" \/>\n<meta name=\"twitter:card\" content=\"summary_large_image\" \/>\n<script type=\"application\/ld+json\" class=\"yoast-schema-graph\">{\"@context\":\"https:\/\/schema.org\",\"@graph\":[{\"@type\":\"WebPage\",\"@id\":\"https:\/\/beep-beep-casino.win\/no\/registration\/\",\"url\":\"https:\/\/beep-beep-casino.win\/no\/registration\/\",\"name\":\"Beep Beep casino registrering > hovedregler og instruksjoner\",\"isPartOf\":{\"@id\":\"https:\/\/beep-beep-casino.win\/no\/#website\"},\"datePublished\":\"2024-12-13T09:40:00+00:00\",\"dateModified\":\"2025-02-25T10:46:27+00:00\",\"description\":\"L\u00e6r hvordan du raskt registrerer deg hos Beep Beep Casino for \u00e5 begynne \u00e5 spille og vinne!\",\"breadcrumb\":{\"@id\":\"https:\/\/beep-beep-casino.win\/no\/registration\/#breadcrumb\"},\"inLanguage\":\"nb-NO\",\"potentialAction\":[{\"@type\":\"ReadAction\",\"target\":[\"https:\/\/beep-beep-casino.win\/no\/registration\/\"]}]},{\"@type\":\"BreadcrumbList\",\"@id\":\"https:\/\/beep-beep-casino.win\/no\/registration\/#breadcrumb\",\"itemListElement\":[{\"@type\":\"ListItem\",\"position\":1,\"name\":\"\u0413\u043b\u0430\u0432\u043d\u0430\u044f \u0441\u0442\u0440\u0430\u043d\u0438\u0446\u0430\",\"item\":\"https:\/\/beep-beep-casino.win\/no\/\"},{\"@type\":\"ListItem\",\"position\":2,\"name\":\"Registrering\"}]},{\"@type\":\"WebSite\",\"@id\":\"https:\/\/beep-beep-casino.win\/no\/#website\",\"url\":\"https:\/\/beep-beep-casino.win\/no\/\",\"name\":\"Beep Beep Casino no\",\"description\":\"\",\"potentialAction\":[{\"@type\":\"SearchAction\",\"target\":{\"@type\":\"EntryPoint\",\"urlTemplate\":\"https:\/\/beep-beep-casino.win\/no\/?s={search_term_string}\"},\"query-input\":{\"@type\":\"PropertyValueSpecification\",\"valueRequired\":true,\"valueName\":\"search_term_string\"}}],\"inLanguage\":\"nb-NO\"}]}<\/script>\n<!-- \/ Yoast SEO plugin. -->","yoast_head_json":{"title":"Beep Beep casino registrering > hovedregler og instruksjoner","description":"L\u00e6r hvordan du raskt registrerer deg hos Beep Beep Casino for \u00e5 begynne \u00e5 spille og vinne!","robots":{"index":"index","follow":"follow","max-snippet":"max-snippet:-1","max-image-preview":"max-image-preview:large","max-video-preview":"max-video-preview:-1"},"og_locale":"nb_NO","og_type":"article","og_title":"Beep Beep casino registrering > hovedregler og instruksjoner","og_description":"L\u00e6r hvordan du raskt registrerer deg hos Beep Beep Casino for \u00e5 begynne \u00e5 spille og vinne!","og_url":"https:\/\/beep-beep-casino.win\/no\/registration\/","og_site_name":"Beep Beep Casino no","article_modified_time":"2025-02-25T10:46:27+00:00","twitter_card":"summary_large_image","schema":{"@context":"https:\/\/schema.org","@graph":[{"@type":"WebPage","@id":"https:\/\/beep-beep-casino.win\/no\/registration\/","url":"https:\/\/beep-beep-casino.win\/no\/registration\/","name":"Beep Beep casino registrering > hovedregler og instruksjoner","isPartOf":{"@id":"https:\/\/beep-beep-casino.win\/no\/#website"},"datePublished":"2024-12-13T09:40:00+00:00","dateModified":"2025-02-25T10:46:27+00:00","description":"L\u00e6r hvordan du raskt registrerer deg hos Beep Beep Casino for \u00e5 begynne \u00e5 spille og vinne!","breadcrumb":{"@id":"https:\/\/beep-beep-casino.win\/no\/registration\/#breadcrumb"},"inLanguage":"nb-NO","potentialAction":[{"@type":"ReadAction","target":["https:\/\/beep-beep-casino.win\/no\/registration\/"]}]},{"@type":"BreadcrumbList","@id":"https:\/\/beep-beep-casino.win\/no\/registration\/#breadcrumb","itemListElement":[{"@type":"ListItem","position":1,"name":"\u0413\u043b\u0430\u0432\u043d\u0430\u044f \u0441\u0442\u0440\u0430\u043d\u0438\u0446\u0430","item":"https:\/\/beep-beep-casino.win\/no\/"},{"@type":"ListItem","position":2,"name":"Registrering"}]},{"@type":"WebSite","@id":"https:\/\/beep-beep-casino.win\/no\/#website","url":"https:\/\/beep-beep-casino.win\/no\/","name":"Beep Beep Casino no","description":"","potentialAction":[{"@type":"SearchAction","target":{"@type":"EntryPoint","urlTemplate":"https:\/\/beep-beep-casino.win\/no\/?s={search_term_string}"},"query-input":{"@type":"PropertyValueSpecification","valueRequired":true,"valueName":"search_term_string"}}],"inLanguage":"nb-NO"}]}},"_links":{"self":[{"href":"https:\/\/beep-beep-casino.win\/no\/wp-json\/wp\/v2\/pages\/197","targetHints":{"allow":["GET"]}}],"collection":[{"href":"https:\/\/beep-beep-casino.win\/no\/wp-json\/wp\/v2\/pages"}],"about":[{"href":"https:\/\/beep-beep-casino.win\/no\/wp-json\/wp\/v2\/types\/page"}],"author":[{"embeddable":true,"href":"https:\/\/beep-beep-casino.win\/no\/wp-json\/wp\/v2\/users\/1"}],"replies":[{"embeddable":true,"href":"https:\/\/beep-beep-casino.win\/no\/wp-json\/wp\/v2\/comments?post=197"}],"version-history":[{"count":10,"href":"https:\/\/beep-beep-casino.win\/no\/wp-json\/wp\/v2\/pages\/197\/revisions"}],"predecessor-version":[{"id":307,"href":"https:\/\/beep-beep-casino.win\/no\/wp-json\/wp\/v2\/pages\/197\/revisions\/307"}],"wp:attachment":[{"href":"https:\/\/beep-beep-casino.win\/no\/wp-json\/wp\/v2\/media?parent=197"}],"curies":[{"name":"wp","href":"https:\/\/api.w.org\/{rel}","templated":true}]}}