{"id":215,"date":"2024-12-13T09:39:40","date_gmt":"2024-12-13T09:39:40","guid":{"rendered":"https:\/\/beep-beep-casino.win\/lt\/?page_id=215"},"modified":"2025-02-24T11:21:40","modified_gmt":"2025-02-24T11:21:40","slug":"promo-code","status":"publish","type":"page","link":"https:\/\/beep-beep-casino.win\/lt\/promo-code\/","title":{"rendered":"Reklaminiai kodai"},"content":{"rendered":"","protected":false},"excerpt":{"rendered":"","protected":false},"author":1,"featured_media":0,"parent":0,"menu_order":0,"comment_status":"closed","ping_status":"closed","template":"","meta":{"footnotes":""},"class_list":["post-215","page","type-page","status-publish","hentry"],"yoast_head":"<!-- This site is optimized with the Yoast SEO plugin v23.8 - https:\/\/yoast.com\/wordpress\/plugins\/seo\/ -->\n<title>Beep Beep Casino Promo kodas: gauti unikalius promo kodus<\/title>\n<meta name=\"description\" content=\"Ie\u0161kote reklaminio kodo Beep Beep Casino? Pasinaudokite i\u0161skirtiniais pasi\u016blymais ir aktyvuokite premijas dar didesniam azartui.\" \/>\n<meta name=\"robots\" content=\"index, follow, max-snippet:-1, max-image-preview:large, max-video-preview:-1\" \/>\n<meta property=\"og:locale\" content=\"lt_LT\" \/>\n<meta property=\"og:type\" content=\"article\" \/>\n<meta property=\"og:title\" content=\"Beep Beep Casino Promo kodas: gauti unikalius promo kodus\" \/>\n<meta property=\"og:description\" content=\"Ie\u0161kote reklaminio kodo Beep Beep Casino? Pasinaudokite i\u0161skirtiniais pasi\u016blymais ir aktyvuokite premijas dar didesniam azartui.\" \/>\n<meta property=\"og:url\" content=\"https:\/\/beep-beep-casino.win\/lt\/promo-code\/\" \/>\n<meta property=\"og:site_name\" content=\"Beep Beep Casino lt\" \/>\n<meta property=\"article:modified_time\" content=\"2025-02-24T11:21:40+00:00\" \/>\n<meta name=\"twitter:card\" content=\"summary_large_image\" \/>\n<script type=\"application\/ld+json\" class=\"yoast-schema-graph\">{\"@context\":\"https:\/\/schema.org\",\"@graph\":[{\"@type\":\"WebPage\",\"@id\":\"https:\/\/beep-beep-casino.win\/lt\/promo-code\/\",\"url\":\"https:\/\/beep-beep-casino.win\/lt\/promo-code\/\",\"name\":\"Beep Beep Casino Promo kodas: gauti unikalius promo kodus\",\"isPartOf\":{\"@id\":\"https:\/\/beep-beep-casino.win\/lt\/#website\"},\"datePublished\":\"2024-12-13T09:39:40+00:00\",\"dateModified\":\"2025-02-24T11:21:40+00:00\",\"description\":\"Ie\u0161kote reklaminio kodo Beep Beep Casino? Pasinaudokite i\u0161skirtiniais pasi\u016blymais ir aktyvuokite premijas dar didesniam azartui.\",\"breadcrumb\":{\"@id\":\"https:\/\/beep-beep-casino.win\/lt\/promo-code\/#breadcrumb\"},\"inLanguage\":\"lt-LT\",\"potentialAction\":[{\"@type\":\"ReadAction\",\"target\":[\"https:\/\/beep-beep-casino.win\/lt\/promo-code\/\"]}]},{\"@type\":\"BreadcrumbList\",\"@id\":\"https:\/\/beep-beep-casino.win\/lt\/promo-code\/#breadcrumb\",\"itemListElement\":[{\"@type\":\"ListItem\",\"position\":1,\"name\":\"\u0413\u043b\u0430\u0432\u043d\u0430\u044f \u0441\u0442\u0440\u0430\u043d\u0438\u0446\u0430\",\"item\":\"https:\/\/beep-beep-casino.win\/lt\/\"},{\"@type\":\"ListItem\",\"position\":2,\"name\":\"Reklaminiai kodai\"}]},{\"@type\":\"WebSite\",\"@id\":\"https:\/\/beep-beep-casino.win\/lt\/#website\",\"url\":\"https:\/\/beep-beep-casino.win\/lt\/\",\"name\":\"Beep Beep Casino lt\",\"description\":\"\",\"potentialAction\":[{\"@type\":\"SearchAction\",\"target\":{\"@type\":\"EntryPoint\",\"urlTemplate\":\"https:\/\/beep-beep-casino.win\/lt\/?s={search_term_string}\"},\"query-input\":{\"@type\":\"PropertyValueSpecification\",\"valueRequired\":true,\"valueName\":\"search_term_string\"}}],\"inLanguage\":\"lt-LT\"}]}<\/script>\n<!-- \/ Yoast SEO plugin. -->","yoast_head_json":{"title":"Beep Beep Casino Promo kodas: gauti unikalius promo kodus","description":"Ie\u0161kote reklaminio kodo Beep Beep Casino? Pasinaudokite i\u0161skirtiniais pasi\u016blymais ir aktyvuokite premijas dar didesniam azartui.","robots":{"index":"index","follow":"follow","max-snippet":"max-snippet:-1","max-image-preview":"max-image-preview:large","max-video-preview":"max-video-preview:-1"},"og_locale":"lt_LT","og_type":"article","og_title":"Beep Beep Casino Promo kodas: gauti unikalius promo kodus","og_description":"Ie\u0161kote reklaminio kodo Beep Beep Casino? Pasinaudokite i\u0161skirtiniais pasi\u016blymais ir aktyvuokite premijas dar didesniam azartui.","og_url":"https:\/\/beep-beep-casino.win\/lt\/promo-code\/","og_site_name":"Beep Beep Casino lt","article_modified_time":"2025-02-24T11:21:40+00:00","twitter_card":"summary_large_image","schema":{"@context":"https:\/\/schema.org","@graph":[{"@type":"WebPage","@id":"https:\/\/beep-beep-casino.win\/lt\/promo-code\/","url":"https:\/\/beep-beep-casino.win\/lt\/promo-code\/","name":"Beep Beep Casino Promo kodas: gauti unikalius promo kodus","isPartOf":{"@id":"https:\/\/beep-beep-casino.win\/lt\/#website"},"datePublished":"2024-12-13T09:39:40+00:00","dateModified":"2025-02-24T11:21:40+00:00","description":"Ie\u0161kote reklaminio kodo Beep Beep Casino? Pasinaudokite i\u0161skirtiniais pasi\u016blymais ir aktyvuokite premijas dar didesniam azartui.","breadcrumb":{"@id":"https:\/\/beep-beep-casino.win\/lt\/promo-code\/#breadcrumb"},"inLanguage":"lt-LT","potentialAction":[{"@type":"ReadAction","target":["https:\/\/beep-beep-casino.win\/lt\/promo-code\/"]}]},{"@type":"BreadcrumbList","@id":"https:\/\/beep-beep-casino.win\/lt\/promo-code\/#breadcrumb","itemListElement":[{"@type":"ListItem","position":1,"name":"\u0413\u043b\u0430\u0432\u043d\u0430\u044f \u0441\u0442\u0440\u0430\u043d\u0438\u0446\u0430","item":"https:\/\/beep-beep-casino.win\/lt\/"},{"@type":"ListItem","position":2,"name":"Reklaminiai kodai"}]},{"@type":"WebSite","@id":"https:\/\/beep-beep-casino.win\/lt\/#website","url":"https:\/\/beep-beep-casino.win\/lt\/","name":"Beep Beep Casino lt","description":"","potentialAction":[{"@type":"SearchAction","target":{"@type":"EntryPoint","urlTemplate":"https:\/\/beep-beep-casino.win\/lt\/?s={search_term_string}"},"query-input":{"@type":"PropertyValueSpecification","valueRequired":true,"valueName":"search_term_string"}}],"inLanguage":"lt-LT"}]}},"_links":{"self":[{"href":"https:\/\/beep-beep-casino.win\/lt\/wp-json\/wp\/v2\/pages\/215","targetHints":{"allow":["GET"]}}],"collection":[{"href":"https:\/\/beep-beep-casino.win\/lt\/wp-json\/wp\/v2\/pages"}],"about":[{"href":"https:\/\/beep-beep-casino.win\/lt\/wp-json\/wp\/v2\/types\/page"}],"author":[{"embeddable":true,"href":"https:\/\/beep-beep-casino.win\/lt\/wp-json\/wp\/v2\/users\/1"}],"replies":[{"embeddable":true,"href":"https:\/\/beep-beep-casino.win\/lt\/wp-json\/wp\/v2\/comments?post=215"}],"version-history":[{"count":13,"href":"https:\/\/beep-beep-casino.win\/lt\/wp-json\/wp\/v2\/pages\/215\/revisions"}],"predecessor-version":[{"id":305,"href":"https:\/\/beep-beep-casino.win\/lt\/wp-json\/wp\/v2\/pages\/215\/revisions\/305"}],"wp:attachment":[{"href":"https:\/\/beep-beep-casino.win\/lt\/wp-json\/wp\/v2\/media?parent=215"}],"curies":[{"name":"wp","href":"https:\/\/api.w.org\/{rel}","templated":true}]}}