{"id":212,"date":"2024-12-13T09:38:15","date_gmt":"2024-12-13T09:38:15","guid":{"rendered":"https:\/\/beep-beep-casino.win\/lt\/?page_id=212"},"modified":"2025-11-03T01:20:54","modified_gmt":"2025-11-03T01:20:54","slug":"app","status":"publish","type":"page","link":"https:\/\/beep-beep-casino.win\/lt\/app\/","title":{"rendered":"Program\u0117l\u0117"},"content":{"rendered":"","protected":false},"excerpt":{"rendered":"","protected":false},"author":1,"featured_media":0,"parent":0,"menu_order":0,"comment_status":"closed","ping_status":"closed","template":"","meta":{"footnotes":""},"class_list":["post-212","page","type-page","status-publish","hentry"],"yoast_head":"<!-- This site is optimized with the Yoast SEO plugin v23.8 - https:\/\/yoast.com\/wordpress\/plugins\/seo\/ -->\n<title>Beep Beep Casino programa &gt; mobili \u017eaidim\u0173 programa online<\/title>\n<meta name=\"description\" content=\"\u017daiskite Beep Beep Casino bet kur su m\u016bs\u0173 mobili\u0105ja program\u0117le! Geriausi \u017eaidim\u0173 automatai, greiti i\u0161mok\u0117jimai ir unikalios premijos dabar visada po ranka.\" \/>\n<meta name=\"robots\" content=\"index, follow, max-snippet:-1, max-image-preview:large, max-video-preview:-1\" \/>\n<meta property=\"og:locale\" content=\"lt_LT\" \/>\n<meta property=\"og:type\" content=\"article\" \/>\n<meta property=\"og:title\" content=\"Beep Beep Casino programa &gt; mobili \u017eaidim\u0173 programa online\" \/>\n<meta property=\"og:description\" content=\"\u017daiskite Beep Beep Casino bet kur su m\u016bs\u0173 mobili\u0105ja program\u0117le! Geriausi \u017eaidim\u0173 automatai, greiti i\u0161mok\u0117jimai ir unikalios premijos dabar visada po ranka.\" \/>\n<meta property=\"og:url\" content=\"https:\/\/beep-beep-casino.win\/lt\/app\/\" \/>\n<meta property=\"og:site_name\" content=\"Beep Beep Casino lt\" \/>\n<meta property=\"article:modified_time\" content=\"2025-11-03T01:20:54+00:00\" \/>\n<meta name=\"twitter:card\" content=\"summary_large_image\" \/>\n<script type=\"application\/ld+json\" class=\"yoast-schema-graph\">{\"@context\":\"https:\/\/schema.org\",\"@graph\":[{\"@type\":\"WebPage\",\"@id\":\"https:\/\/beep-beep-casino.win\/lt\/app\/\",\"url\":\"https:\/\/beep-beep-casino.win\/lt\/app\/\",\"name\":\"Beep Beep Casino programa > mobili \u017eaidim\u0173 programa online\",\"isPartOf\":{\"@id\":\"https:\/\/beep-beep-casino.win\/lt\/#website\"},\"datePublished\":\"2024-12-13T09:38:15+00:00\",\"dateModified\":\"2025-11-03T01:20:54+00:00\",\"description\":\"\u017daiskite Beep Beep Casino bet kur su m\u016bs\u0173 mobili\u0105ja program\u0117le! Geriausi \u017eaidim\u0173 automatai, greiti i\u0161mok\u0117jimai ir unikalios premijos dabar visada po ranka.\",\"breadcrumb\":{\"@id\":\"https:\/\/beep-beep-casino.win\/lt\/app\/#breadcrumb\"},\"inLanguage\":\"lt-LT\",\"potentialAction\":[{\"@type\":\"ReadAction\",\"target\":[\"https:\/\/beep-beep-casino.win\/lt\/app\/\"]}]},{\"@type\":\"BreadcrumbList\",\"@id\":\"https:\/\/beep-beep-casino.win\/lt\/app\/#breadcrumb\",\"itemListElement\":[{\"@type\":\"ListItem\",\"position\":1,\"name\":\"\u0413\u043b\u0430\u0432\u043d\u0430\u044f \u0441\u0442\u0440\u0430\u043d\u0438\u0446\u0430\",\"item\":\"https:\/\/beep-beep-casino.win\/lt\/\"},{\"@type\":\"ListItem\",\"position\":2,\"name\":\"Program\u0117l\u0117\"}]},{\"@type\":\"WebSite\",\"@id\":\"https:\/\/beep-beep-casino.win\/lt\/#website\",\"url\":\"https:\/\/beep-beep-casino.win\/lt\/\",\"name\":\"Beep Beep Casino lt\",\"description\":\"\",\"potentialAction\":[{\"@type\":\"SearchAction\",\"target\":{\"@type\":\"EntryPoint\",\"urlTemplate\":\"https:\/\/beep-beep-casino.win\/lt\/?s={search_term_string}\"},\"query-input\":{\"@type\":\"PropertyValueSpecification\",\"valueRequired\":true,\"valueName\":\"search_term_string\"}}],\"inLanguage\":\"lt-LT\"}]}<\/script>\n<!-- \/ Yoast SEO plugin. -->","yoast_head_json":{"title":"Beep Beep Casino programa > mobili \u017eaidim\u0173 programa online","description":"\u017daiskite Beep Beep Casino bet kur su m\u016bs\u0173 mobili\u0105ja program\u0117le! Geriausi \u017eaidim\u0173 automatai, greiti i\u0161mok\u0117jimai ir unikalios premijos dabar visada po ranka.","robots":{"index":"index","follow":"follow","max-snippet":"max-snippet:-1","max-image-preview":"max-image-preview:large","max-video-preview":"max-video-preview:-1"},"og_locale":"lt_LT","og_type":"article","og_title":"Beep Beep Casino programa > mobili \u017eaidim\u0173 programa online","og_description":"\u017daiskite Beep Beep Casino bet kur su m\u016bs\u0173 mobili\u0105ja program\u0117le! Geriausi \u017eaidim\u0173 automatai, greiti i\u0161mok\u0117jimai ir unikalios premijos dabar visada po ranka.","og_url":"https:\/\/beep-beep-casino.win\/lt\/app\/","og_site_name":"Beep Beep Casino lt","article_modified_time":"2025-11-03T01:20:54+00:00","twitter_card":"summary_large_image","schema":{"@context":"https:\/\/schema.org","@graph":[{"@type":"WebPage","@id":"https:\/\/beep-beep-casino.win\/lt\/app\/","url":"https:\/\/beep-beep-casino.win\/lt\/app\/","name":"Beep Beep Casino programa > mobili \u017eaidim\u0173 programa online","isPartOf":{"@id":"https:\/\/beep-beep-casino.win\/lt\/#website"},"datePublished":"2024-12-13T09:38:15+00:00","dateModified":"2025-11-03T01:20:54+00:00","description":"\u017daiskite Beep Beep Casino bet kur su m\u016bs\u0173 mobili\u0105ja program\u0117le! Geriausi \u017eaidim\u0173 automatai, greiti i\u0161mok\u0117jimai ir unikalios premijos dabar visada po ranka.","breadcrumb":{"@id":"https:\/\/beep-beep-casino.win\/lt\/app\/#breadcrumb"},"inLanguage":"lt-LT","potentialAction":[{"@type":"ReadAction","target":["https:\/\/beep-beep-casino.win\/lt\/app\/"]}]},{"@type":"BreadcrumbList","@id":"https:\/\/beep-beep-casino.win\/lt\/app\/#breadcrumb","itemListElement":[{"@type":"ListItem","position":1,"name":"\u0413\u043b\u0430\u0432\u043d\u0430\u044f \u0441\u0442\u0440\u0430\u043d\u0438\u0446\u0430","item":"https:\/\/beep-beep-casino.win\/lt\/"},{"@type":"ListItem","position":2,"name":"Program\u0117l\u0117"}]},{"@type":"WebSite","@id":"https:\/\/beep-beep-casino.win\/lt\/#website","url":"https:\/\/beep-beep-casino.win\/lt\/","name":"Beep Beep Casino lt","description":"","potentialAction":[{"@type":"SearchAction","target":{"@type":"EntryPoint","urlTemplate":"https:\/\/beep-beep-casino.win\/lt\/?s={search_term_string}"},"query-input":{"@type":"PropertyValueSpecification","valueRequired":true,"valueName":"search_term_string"}}],"inLanguage":"lt-LT"}]}},"_links":{"self":[{"href":"https:\/\/beep-beep-casino.win\/lt\/wp-json\/wp\/v2\/pages\/212","targetHints":{"allow":["GET"]}}],"collection":[{"href":"https:\/\/beep-beep-casino.win\/lt\/wp-json\/wp\/v2\/pages"}],"about":[{"href":"https:\/\/beep-beep-casino.win\/lt\/wp-json\/wp\/v2\/types\/page"}],"author":[{"embeddable":true,"href":"https:\/\/beep-beep-casino.win\/lt\/wp-json\/wp\/v2\/users\/1"}],"replies":[{"embeddable":true,"href":"https:\/\/beep-beep-casino.win\/lt\/wp-json\/wp\/v2\/comments?post=212"}],"version-history":[{"count":11,"href":"https:\/\/beep-beep-casino.win\/lt\/wp-json\/wp\/v2\/pages\/212\/revisions"}],"predecessor-version":[{"id":294,"href":"https:\/\/beep-beep-casino.win\/lt\/wp-json\/wp\/v2\/pages\/212\/revisions\/294"}],"wp:attachment":[{"href":"https:\/\/beep-beep-casino.win\/lt\/wp-json\/wp\/v2\/media?parent=212"}],"curies":[{"name":"wp","href":"https:\/\/api.w.org\/{rel}","templated":true}]}}