{"id":206,"date":"2024-12-13T09:38:58","date_gmt":"2024-12-13T09:38:58","guid":{"rendered":"https:\/\/beep-beep-casino.win\/lt\/?page_id=206"},"modified":"2025-11-03T01:35:39","modified_gmt":"2025-11-03T01:35:39","slug":"casino","status":"publish","type":"page","link":"https:\/\/beep-beep-casino.win\/lt\/casino\/","title":{"rendered":"Kazino"},"content":{"rendered":"","protected":false},"excerpt":{"rendered":"","protected":false},"author":1,"featured_media":0,"parent":0,"menu_order":0,"comment_status":"closed","ping_status":"closed","template":"","meta":{"footnotes":""},"class_list":["post-206","page","type-page","status-publish","hentry"],"yoast_head":"<!-- This site is optimized with the Yoast SEO plugin v23.8 - https:\/\/yoast.com\/wordpress\/plugins\/seo\/ -->\n<title>Beep Beep Casino: geriausios premijos ir \u017eaidimai online<\/title>\n<meta name=\"description\" content=\"&quot;Beep Beep Casino&quot; - vieta, kur azartas susitinka su s\u0117kme! Did\u017eiulis \u017eaidim\u0173 automat\u0173, rulet\u0117s, kort\u0173 \u017eaidim\u0173 ir gyv\u0173 kazino pasirinkimas. Gaukite premijas jau \u0161iandien!\" \/>\n<meta name=\"robots\" content=\"index, follow, max-snippet:-1, max-image-preview:large, max-video-preview:-1\" \/>\n<meta property=\"og:locale\" content=\"lt_LT\" \/>\n<meta property=\"og:type\" content=\"article\" \/>\n<meta property=\"og:title\" content=\"Beep Beep Casino: geriausios premijos ir \u017eaidimai online\" \/>\n<meta property=\"og:description\" content=\"&quot;Beep Beep Casino&quot; - vieta, kur azartas susitinka su s\u0117kme! Did\u017eiulis \u017eaidim\u0173 automat\u0173, rulet\u0117s, kort\u0173 \u017eaidim\u0173 ir gyv\u0173 kazino pasirinkimas. Gaukite premijas jau \u0161iandien!\" \/>\n<meta property=\"og:url\" content=\"https:\/\/beep-beep-casino.win\/lt\/casino\/\" \/>\n<meta property=\"og:site_name\" content=\"Beep Beep Casino lt\" \/>\n<meta property=\"article:modified_time\" content=\"2025-11-03T01:35:39+00:00\" \/>\n<meta name=\"twitter:card\" content=\"summary_large_image\" \/>\n<script type=\"application\/ld+json\" class=\"yoast-schema-graph\">{\"@context\":\"https:\/\/schema.org\",\"@graph\":[{\"@type\":\"WebPage\",\"@id\":\"https:\/\/beep-beep-casino.win\/lt\/casino\/\",\"url\":\"https:\/\/beep-beep-casino.win\/lt\/casino\/\",\"name\":\"Beep Beep Casino: geriausios premijos ir \u017eaidimai online\",\"isPartOf\":{\"@id\":\"https:\/\/beep-beep-casino.win\/lt\/#website\"},\"datePublished\":\"2024-12-13T09:38:58+00:00\",\"dateModified\":\"2025-11-03T01:35:39+00:00\",\"description\":\"\\\"Beep Beep Casino\\\" - vieta, kur azartas susitinka su s\u0117kme! Did\u017eiulis \u017eaidim\u0173 automat\u0173, rulet\u0117s, kort\u0173 \u017eaidim\u0173 ir gyv\u0173 kazino pasirinkimas. Gaukite premijas jau \u0161iandien!\",\"breadcrumb\":{\"@id\":\"https:\/\/beep-beep-casino.win\/lt\/casino\/#breadcrumb\"},\"inLanguage\":\"lt-LT\",\"potentialAction\":[{\"@type\":\"ReadAction\",\"target\":[\"https:\/\/beep-beep-casino.win\/lt\/casino\/\"]}]},{\"@type\":\"BreadcrumbList\",\"@id\":\"https:\/\/beep-beep-casino.win\/lt\/casino\/#breadcrumb\",\"itemListElement\":[{\"@type\":\"ListItem\",\"position\":1,\"name\":\"\u0413\u043b\u0430\u0432\u043d\u0430\u044f \u0441\u0442\u0440\u0430\u043d\u0438\u0446\u0430\",\"item\":\"https:\/\/beep-beep-casino.win\/lt\/\"},{\"@type\":\"ListItem\",\"position\":2,\"name\":\"Kazino\"}]},{\"@type\":\"WebSite\",\"@id\":\"https:\/\/beep-beep-casino.win\/lt\/#website\",\"url\":\"https:\/\/beep-beep-casino.win\/lt\/\",\"name\":\"Beep Beep Casino lt\",\"description\":\"\",\"potentialAction\":[{\"@type\":\"SearchAction\",\"target\":{\"@type\":\"EntryPoint\",\"urlTemplate\":\"https:\/\/beep-beep-casino.win\/lt\/?s={search_term_string}\"},\"query-input\":{\"@type\":\"PropertyValueSpecification\",\"valueRequired\":true,\"valueName\":\"search_term_string\"}}],\"inLanguage\":\"lt-LT\"}]}<\/script>\n<!-- \/ Yoast SEO plugin. -->","yoast_head_json":{"title":"Beep Beep Casino: geriausios premijos ir \u017eaidimai online","description":"\"Beep Beep Casino\" - vieta, kur azartas susitinka su s\u0117kme! Did\u017eiulis \u017eaidim\u0173 automat\u0173, rulet\u0117s, kort\u0173 \u017eaidim\u0173 ir gyv\u0173 kazino pasirinkimas. Gaukite premijas jau \u0161iandien!","robots":{"index":"index","follow":"follow","max-snippet":"max-snippet:-1","max-image-preview":"max-image-preview:large","max-video-preview":"max-video-preview:-1"},"og_locale":"lt_LT","og_type":"article","og_title":"Beep Beep Casino: geriausios premijos ir \u017eaidimai online","og_description":"\"Beep Beep Casino\" - vieta, kur azartas susitinka su s\u0117kme! Did\u017eiulis \u017eaidim\u0173 automat\u0173, rulet\u0117s, kort\u0173 \u017eaidim\u0173 ir gyv\u0173 kazino pasirinkimas. Gaukite premijas jau \u0161iandien!","og_url":"https:\/\/beep-beep-casino.win\/lt\/casino\/","og_site_name":"Beep Beep Casino lt","article_modified_time":"2025-11-03T01:35:39+00:00","twitter_card":"summary_large_image","schema":{"@context":"https:\/\/schema.org","@graph":[{"@type":"WebPage","@id":"https:\/\/beep-beep-casino.win\/lt\/casino\/","url":"https:\/\/beep-beep-casino.win\/lt\/casino\/","name":"Beep Beep Casino: geriausios premijos ir \u017eaidimai online","isPartOf":{"@id":"https:\/\/beep-beep-casino.win\/lt\/#website"},"datePublished":"2024-12-13T09:38:58+00:00","dateModified":"2025-11-03T01:35:39+00:00","description":"\"Beep Beep Casino\" - vieta, kur azartas susitinka su s\u0117kme! Did\u017eiulis \u017eaidim\u0173 automat\u0173, rulet\u0117s, kort\u0173 \u017eaidim\u0173 ir gyv\u0173 kazino pasirinkimas. Gaukite premijas jau \u0161iandien!","breadcrumb":{"@id":"https:\/\/beep-beep-casino.win\/lt\/casino\/#breadcrumb"},"inLanguage":"lt-LT","potentialAction":[{"@type":"ReadAction","target":["https:\/\/beep-beep-casino.win\/lt\/casino\/"]}]},{"@type":"BreadcrumbList","@id":"https:\/\/beep-beep-casino.win\/lt\/casino\/#breadcrumb","itemListElement":[{"@type":"ListItem","position":1,"name":"\u0413\u043b\u0430\u0432\u043d\u0430\u044f \u0441\u0442\u0440\u0430\u043d\u0438\u0446\u0430","item":"https:\/\/beep-beep-casino.win\/lt\/"},{"@type":"ListItem","position":2,"name":"Kazino"}]},{"@type":"WebSite","@id":"https:\/\/beep-beep-casino.win\/lt\/#website","url":"https:\/\/beep-beep-casino.win\/lt\/","name":"Beep Beep Casino lt","description":"","potentialAction":[{"@type":"SearchAction","target":{"@type":"EntryPoint","urlTemplate":"https:\/\/beep-beep-casino.win\/lt\/?s={search_term_string}"},"query-input":{"@type":"PropertyValueSpecification","valueRequired":true,"valueName":"search_term_string"}}],"inLanguage":"lt-LT"}]}},"_links":{"self":[{"href":"https:\/\/beep-beep-casino.win\/lt\/wp-json\/wp\/v2\/pages\/206","targetHints":{"allow":["GET"]}}],"collection":[{"href":"https:\/\/beep-beep-casino.win\/lt\/wp-json\/wp\/v2\/pages"}],"about":[{"href":"https:\/\/beep-beep-casino.win\/lt\/wp-json\/wp\/v2\/types\/page"}],"author":[{"embeddable":true,"href":"https:\/\/beep-beep-casino.win\/lt\/wp-json\/wp\/v2\/users\/1"}],"replies":[{"embeddable":true,"href":"https:\/\/beep-beep-casino.win\/lt\/wp-json\/wp\/v2\/comments?post=206"}],"version-history":[{"count":12,"href":"https:\/\/beep-beep-casino.win\/lt\/wp-json\/wp\/v2\/pages\/206\/revisions"}],"predecessor-version":[{"id":288,"href":"https:\/\/beep-beep-casino.win\/lt\/wp-json\/wp\/v2\/pages\/206\/revisions\/288"}],"wp:attachment":[{"href":"https:\/\/beep-beep-casino.win\/lt\/wp-json\/wp\/v2\/media?parent=206"}],"curies":[{"name":"wp","href":"https:\/\/api.w.org\/{rel}","templated":true}]}}