{"id":203,"date":"2024-12-13T09:38:38","date_gmt":"2024-12-13T09:38:38","guid":{"rendered":"https:\/\/beep-beep-casino.win\/lt\/?page_id=203"},"modified":"2025-11-03T01:49:19","modified_gmt":"2025-11-03T01:49:19","slug":"login","status":"publish","type":"page","link":"https:\/\/beep-beep-casino.win\/lt\/login\/","title":{"rendered":"Prisijungimas"},"content":{"rendered":"","protected":false},"excerpt":{"rendered":"","protected":false},"author":1,"featured_media":0,"parent":0,"menu_order":0,"comment_status":"closed","ping_status":"closed","template":"","meta":{"footnotes":""},"class_list":["post-203","page","type-page","status-publish","hentry"],"yoast_head":"<!-- This site is optimized with the Yoast SEO plugin v23.8 - https:\/\/yoast.com\/wordpress\/plugins\/seo\/ -->\n<title>Beep Beep Casino: prisijunkite prie savo paskyros \ud83c\udfb0<\/title>\n<meta name=\"description\" content=\"Prisijunkite prie savo &quot;Beep Beep Casino&quot; paskyros ir m\u0117gaukit\u0117s \u017eaidimu! Greita prieiga prie m\u0117gstam\u0173 \u017eaidim\u0173, premij\u0173 ir momentini\u0173 i\u0161mok\u0117jim\u0173.\" \/>\n<meta name=\"robots\" content=\"index, follow, max-snippet:-1, max-image-preview:large, max-video-preview:-1\" \/>\n<meta property=\"og:locale\" content=\"lt_LT\" \/>\n<meta property=\"og:type\" content=\"article\" \/>\n<meta property=\"og:title\" content=\"Beep Beep Casino: prisijunkite prie savo paskyros \ud83c\udfb0\" \/>\n<meta property=\"og:description\" content=\"Prisijunkite prie savo &quot;Beep Beep Casino&quot; paskyros ir m\u0117gaukit\u0117s \u017eaidimu! Greita prieiga prie m\u0117gstam\u0173 \u017eaidim\u0173, premij\u0173 ir momentini\u0173 i\u0161mok\u0117jim\u0173.\" \/>\n<meta property=\"og:url\" content=\"https:\/\/beep-beep-casino.win\/lt\/login\/\" \/>\n<meta property=\"og:site_name\" content=\"Beep Beep Casino lt\" \/>\n<meta property=\"article:modified_time\" content=\"2025-11-03T01:49:19+00:00\" \/>\n<meta name=\"twitter:card\" content=\"summary_large_image\" \/>\n<script type=\"application\/ld+json\" class=\"yoast-schema-graph\">{\"@context\":\"https:\/\/schema.org\",\"@graph\":[{\"@type\":\"WebPage\",\"@id\":\"https:\/\/beep-beep-casino.win\/lt\/login\/\",\"url\":\"https:\/\/beep-beep-casino.win\/lt\/login\/\",\"name\":\"Beep Beep Casino: prisijunkite prie savo paskyros \ud83c\udfb0\",\"isPartOf\":{\"@id\":\"https:\/\/beep-beep-casino.win\/lt\/#website\"},\"datePublished\":\"2024-12-13T09:38:38+00:00\",\"dateModified\":\"2025-11-03T01:49:19+00:00\",\"description\":\"Prisijunkite prie savo \\\"Beep Beep Casino\\\" paskyros ir m\u0117gaukit\u0117s \u017eaidimu! Greita prieiga prie m\u0117gstam\u0173 \u017eaidim\u0173, premij\u0173 ir momentini\u0173 i\u0161mok\u0117jim\u0173.\",\"breadcrumb\":{\"@id\":\"https:\/\/beep-beep-casino.win\/lt\/login\/#breadcrumb\"},\"inLanguage\":\"lt-LT\",\"potentialAction\":[{\"@type\":\"ReadAction\",\"target\":[\"https:\/\/beep-beep-casino.win\/lt\/login\/\"]}]},{\"@type\":\"BreadcrumbList\",\"@id\":\"https:\/\/beep-beep-casino.win\/lt\/login\/#breadcrumb\",\"itemListElement\":[{\"@type\":\"ListItem\",\"position\":1,\"name\":\"\u0413\u043b\u0430\u0432\u043d\u0430\u044f \u0441\u0442\u0440\u0430\u043d\u0438\u0446\u0430\",\"item\":\"https:\/\/beep-beep-casino.win\/lt\/\"},{\"@type\":\"ListItem\",\"position\":2,\"name\":\"Prisijungimas\"}]},{\"@type\":\"WebSite\",\"@id\":\"https:\/\/beep-beep-casino.win\/lt\/#website\",\"url\":\"https:\/\/beep-beep-casino.win\/lt\/\",\"name\":\"Beep Beep Casino lt\",\"description\":\"\",\"potentialAction\":[{\"@type\":\"SearchAction\",\"target\":{\"@type\":\"EntryPoint\",\"urlTemplate\":\"https:\/\/beep-beep-casino.win\/lt\/?s={search_term_string}\"},\"query-input\":{\"@type\":\"PropertyValueSpecification\",\"valueRequired\":true,\"valueName\":\"search_term_string\"}}],\"inLanguage\":\"lt-LT\"}]}<\/script>\n<!-- \/ Yoast SEO plugin. -->","yoast_head_json":{"title":"Beep Beep Casino: prisijunkite prie savo paskyros \ud83c\udfb0","description":"Prisijunkite prie savo \"Beep Beep Casino\" paskyros ir m\u0117gaukit\u0117s \u017eaidimu! Greita prieiga prie m\u0117gstam\u0173 \u017eaidim\u0173, premij\u0173 ir momentini\u0173 i\u0161mok\u0117jim\u0173.","robots":{"index":"index","follow":"follow","max-snippet":"max-snippet:-1","max-image-preview":"max-image-preview:large","max-video-preview":"max-video-preview:-1"},"og_locale":"lt_LT","og_type":"article","og_title":"Beep Beep Casino: prisijunkite prie savo paskyros \ud83c\udfb0","og_description":"Prisijunkite prie savo \"Beep Beep Casino\" paskyros ir m\u0117gaukit\u0117s \u017eaidimu! Greita prieiga prie m\u0117gstam\u0173 \u017eaidim\u0173, premij\u0173 ir momentini\u0173 i\u0161mok\u0117jim\u0173.","og_url":"https:\/\/beep-beep-casino.win\/lt\/login\/","og_site_name":"Beep Beep Casino lt","article_modified_time":"2025-11-03T01:49:19+00:00","twitter_card":"summary_large_image","schema":{"@context":"https:\/\/schema.org","@graph":[{"@type":"WebPage","@id":"https:\/\/beep-beep-casino.win\/lt\/login\/","url":"https:\/\/beep-beep-casino.win\/lt\/login\/","name":"Beep Beep Casino: prisijunkite prie savo paskyros \ud83c\udfb0","isPartOf":{"@id":"https:\/\/beep-beep-casino.win\/lt\/#website"},"datePublished":"2024-12-13T09:38:38+00:00","dateModified":"2025-11-03T01:49:19+00:00","description":"Prisijunkite prie savo \"Beep Beep Casino\" paskyros ir m\u0117gaukit\u0117s \u017eaidimu! Greita prieiga prie m\u0117gstam\u0173 \u017eaidim\u0173, premij\u0173 ir momentini\u0173 i\u0161mok\u0117jim\u0173.","breadcrumb":{"@id":"https:\/\/beep-beep-casino.win\/lt\/login\/#breadcrumb"},"inLanguage":"lt-LT","potentialAction":[{"@type":"ReadAction","target":["https:\/\/beep-beep-casino.win\/lt\/login\/"]}]},{"@type":"BreadcrumbList","@id":"https:\/\/beep-beep-casino.win\/lt\/login\/#breadcrumb","itemListElement":[{"@type":"ListItem","position":1,"name":"\u0413\u043b\u0430\u0432\u043d\u0430\u044f \u0441\u0442\u0440\u0430\u043d\u0438\u0446\u0430","item":"https:\/\/beep-beep-casino.win\/lt\/"},{"@type":"ListItem","position":2,"name":"Prisijungimas"}]},{"@type":"WebSite","@id":"https:\/\/beep-beep-casino.win\/lt\/#website","url":"https:\/\/beep-beep-casino.win\/lt\/","name":"Beep Beep Casino lt","description":"","potentialAction":[{"@type":"SearchAction","target":{"@type":"EntryPoint","urlTemplate":"https:\/\/beep-beep-casino.win\/lt\/?s={search_term_string}"},"query-input":{"@type":"PropertyValueSpecification","valueRequired":true,"valueName":"search_term_string"}}],"inLanguage":"lt-LT"}]}},"_links":{"self":[{"href":"https:\/\/beep-beep-casino.win\/lt\/wp-json\/wp\/v2\/pages\/203","targetHints":{"allow":["GET"]}}],"collection":[{"href":"https:\/\/beep-beep-casino.win\/lt\/wp-json\/wp\/v2\/pages"}],"about":[{"href":"https:\/\/beep-beep-casino.win\/lt\/wp-json\/wp\/v2\/types\/page"}],"author":[{"embeddable":true,"href":"https:\/\/beep-beep-casino.win\/lt\/wp-json\/wp\/v2\/users\/1"}],"replies":[{"embeddable":true,"href":"https:\/\/beep-beep-casino.win\/lt\/wp-json\/wp\/v2\/comments?post=203"}],"version-history":[{"count":9,"href":"https:\/\/beep-beep-casino.win\/lt\/wp-json\/wp\/v2\/pages\/203\/revisions"}],"predecessor-version":[{"id":298,"href":"https:\/\/beep-beep-casino.win\/lt\/wp-json\/wp\/v2\/pages\/203\/revisions\/298"}],"wp:attachment":[{"href":"https:\/\/beep-beep-casino.win\/lt\/wp-json\/wp\/v2\/media?parent=203"}],"curies":[{"name":"wp","href":"https:\/\/api.w.org\/{rel}","templated":true}]}}