{"id":2,"date":"2023-05-18T17:18:34","date_gmt":"2023-05-18T17:18:34","guid":{"rendered":"https:\/\/beep-beep-casino.win\/lt\/?page_id=2"},"modified":"2025-11-02T16:08:22","modified_gmt":"2025-11-02T16:08:22","slug":"sample-page","status":"publish","type":"page","link":"https:\/\/beep-beep-casino.win\/lt\/","title":{"rendered":"Pagrindinis"},"content":{"rendered":"","protected":false},"excerpt":{"rendered":"","protected":false},"author":1,"featured_media":0,"parent":0,"menu_order":0,"comment_status":"closed","ping_status":"open","template":"","meta":{"footnotes":""},"class_list":["post-2","page","type-page","status-publish","hentry"],"yoast_head":"<!-- This site is optimized with the Yoast SEO plugin v23.8 - https:\/\/yoast.com\/wordpress\/plugins\/seo\/ -->\n<title>Beep Beep Casino: geriausias internetinis kazino lo\u0161imams<\/title>\n<meta name=\"description\" content=\"Patirkite laim\u0117jimo jaudul\u012f su Beep Beep Casino! Did\u017eiulis \u017eaidim\u0173 pasirinkimas, premijos ir dosn\u016bs prizai. Prisijunkite prie azartini\u0173 lo\u0161im\u0173 pasaulio ir laim\u0117kite jau dabar!\" \/>\n<meta name=\"robots\" content=\"index, follow, max-snippet:-1, max-image-preview:large, max-video-preview:-1\" \/>\n<meta property=\"og:locale\" content=\"lt_LT\" \/>\n<meta property=\"og:type\" content=\"article\" \/>\n<meta property=\"og:title\" content=\"Beep Beep Casino: geriausias internetinis kazino lo\u0161imams\" \/>\n<meta property=\"og:description\" content=\"Patirkite laim\u0117jimo jaudul\u012f su Beep Beep Casino! Did\u017eiulis \u017eaidim\u0173 pasirinkimas, premijos ir dosn\u016bs prizai. Prisijunkite prie azartini\u0173 lo\u0161im\u0173 pasaulio ir laim\u0117kite jau dabar!\" \/>\n<meta property=\"og:url\" content=\"https:\/\/beep-beep-casino.win\/lt\/\" \/>\n<meta property=\"og:site_name\" content=\"Beep Beep Casino lt\" \/>\n<meta property=\"article:modified_time\" content=\"2025-11-02T16:08:22+00:00\" \/>\n<meta name=\"twitter:card\" content=\"summary_large_image\" \/>\n<script type=\"application\/ld+json\" class=\"yoast-schema-graph\">{\"@context\":\"https:\/\/schema.org\",\"@graph\":[{\"@type\":\"WebPage\",\"@id\":\"https:\/\/beep-beep-casino.win\/lt\/\",\"url\":\"https:\/\/beep-beep-casino.win\/lt\/\",\"name\":\"Beep Beep Casino: geriausias internetinis kazino lo\u0161imams\",\"isPartOf\":{\"@id\":\"https:\/\/beep-beep-casino.win\/lt\/#website\"},\"datePublished\":\"2023-05-18T17:18:34+00:00\",\"dateModified\":\"2025-11-02T16:08:22+00:00\",\"description\":\"Patirkite laim\u0117jimo jaudul\u012f su Beep Beep Casino! Did\u017eiulis \u017eaidim\u0173 pasirinkimas, premijos ir dosn\u016bs prizai. Prisijunkite prie azartini\u0173 lo\u0161im\u0173 pasaulio ir laim\u0117kite jau dabar!\",\"breadcrumb\":{\"@id\":\"https:\/\/beep-beep-casino.win\/lt\/#breadcrumb\"},\"inLanguage\":\"lt-LT\",\"potentialAction\":[{\"@type\":\"ReadAction\",\"target\":[\"https:\/\/beep-beep-casino.win\/lt\/\"]}]},{\"@type\":\"BreadcrumbList\",\"@id\":\"https:\/\/beep-beep-casino.win\/lt\/#breadcrumb\",\"itemListElement\":[{\"@type\":\"ListItem\",\"position\":1,\"name\":\"\u0413\u043b\u0430\u0432\u043d\u0430\u044f \u0441\u0442\u0440\u0430\u043d\u0438\u0446\u0430\",\"item\":\"https:\/\/beep-beep-casino.win\/lt\/\"},{\"@type\":\"ListItem\",\"position\":2,\"name\":\"Pagrindinis\"}]},{\"@type\":\"WebSite\",\"@id\":\"https:\/\/beep-beep-casino.win\/lt\/#website\",\"url\":\"https:\/\/beep-beep-casino.win\/lt\/\",\"name\":\"Beep Beep Casino lt\",\"description\":\"\",\"potentialAction\":[{\"@type\":\"SearchAction\",\"target\":{\"@type\":\"EntryPoint\",\"urlTemplate\":\"https:\/\/beep-beep-casino.win\/lt\/?s={search_term_string}\"},\"query-input\":{\"@type\":\"PropertyValueSpecification\",\"valueRequired\":true,\"valueName\":\"search_term_string\"}}],\"inLanguage\":\"lt-LT\"}]}<\/script>\n<!-- \/ Yoast SEO plugin. -->","yoast_head_json":{"title":"Beep Beep Casino: geriausias internetinis kazino lo\u0161imams","description":"Patirkite laim\u0117jimo jaudul\u012f su Beep Beep Casino! Did\u017eiulis \u017eaidim\u0173 pasirinkimas, premijos ir dosn\u016bs prizai. Prisijunkite prie azartini\u0173 lo\u0161im\u0173 pasaulio ir laim\u0117kite jau dabar!","robots":{"index":"index","follow":"follow","max-snippet":"max-snippet:-1","max-image-preview":"max-image-preview:large","max-video-preview":"max-video-preview:-1"},"og_locale":"lt_LT","og_type":"article","og_title":"Beep Beep Casino: geriausias internetinis kazino lo\u0161imams","og_description":"Patirkite laim\u0117jimo jaudul\u012f su Beep Beep Casino! Did\u017eiulis \u017eaidim\u0173 pasirinkimas, premijos ir dosn\u016bs prizai. Prisijunkite prie azartini\u0173 lo\u0161im\u0173 pasaulio ir laim\u0117kite jau dabar!","og_url":"https:\/\/beep-beep-casino.win\/lt\/","og_site_name":"Beep Beep Casino lt","article_modified_time":"2025-11-02T16:08:22+00:00","twitter_card":"summary_large_image","schema":{"@context":"https:\/\/schema.org","@graph":[{"@type":"WebPage","@id":"https:\/\/beep-beep-casino.win\/lt\/","url":"https:\/\/beep-beep-casino.win\/lt\/","name":"Beep Beep Casino: geriausias internetinis kazino lo\u0161imams","isPartOf":{"@id":"https:\/\/beep-beep-casino.win\/lt\/#website"},"datePublished":"2023-05-18T17:18:34+00:00","dateModified":"2025-11-02T16:08:22+00:00","description":"Patirkite laim\u0117jimo jaudul\u012f su Beep Beep Casino! Did\u017eiulis \u017eaidim\u0173 pasirinkimas, premijos ir dosn\u016bs prizai. Prisijunkite prie azartini\u0173 lo\u0161im\u0173 pasaulio ir laim\u0117kite jau dabar!","breadcrumb":{"@id":"https:\/\/beep-beep-casino.win\/lt\/#breadcrumb"},"inLanguage":"lt-LT","potentialAction":[{"@type":"ReadAction","target":["https:\/\/beep-beep-casino.win\/lt\/"]}]},{"@type":"BreadcrumbList","@id":"https:\/\/beep-beep-casino.win\/lt\/#breadcrumb","itemListElement":[{"@type":"ListItem","position":1,"name":"\u0413\u043b\u0430\u0432\u043d\u0430\u044f \u0441\u0442\u0440\u0430\u043d\u0438\u0446\u0430","item":"https:\/\/beep-beep-casino.win\/lt\/"},{"@type":"ListItem","position":2,"name":"Pagrindinis"}]},{"@type":"WebSite","@id":"https:\/\/beep-beep-casino.win\/lt\/#website","url":"https:\/\/beep-beep-casino.win\/lt\/","name":"Beep Beep Casino lt","description":"","potentialAction":[{"@type":"SearchAction","target":{"@type":"EntryPoint","urlTemplate":"https:\/\/beep-beep-casino.win\/lt\/?s={search_term_string}"},"query-input":{"@type":"PropertyValueSpecification","valueRequired":true,"valueName":"search_term_string"}}],"inLanguage":"lt-LT"}]}},"_links":{"self":[{"href":"https:\/\/beep-beep-casino.win\/lt\/wp-json\/wp\/v2\/pages\/2","targetHints":{"allow":["GET"]}}],"collection":[{"href":"https:\/\/beep-beep-casino.win\/lt\/wp-json\/wp\/v2\/pages"}],"about":[{"href":"https:\/\/beep-beep-casino.win\/lt\/wp-json\/wp\/v2\/types\/page"}],"author":[{"embeddable":true,"href":"https:\/\/beep-beep-casino.win\/lt\/wp-json\/wp\/v2\/users\/1"}],"replies":[{"embeddable":true,"href":"https:\/\/beep-beep-casino.win\/lt\/wp-json\/wp\/v2\/comments?post=2"}],"version-history":[{"count":18,"href":"https:\/\/beep-beep-casino.win\/lt\/wp-json\/wp\/v2\/pages\/2\/revisions"}],"predecessor-version":[{"id":284,"href":"https:\/\/beep-beep-casino.win\/lt\/wp-json\/wp\/v2\/pages\/2\/revisions\/284"}],"wp:attachment":[{"href":"https:\/\/beep-beep-casino.win\/lt\/wp-json\/wp\/v2\/media?parent=2"}],"curies":[{"name":"wp","href":"https:\/\/api.w.org\/{rel}","templated":true}]}}