{"id":152,"date":"2023-05-18T17:39:43","date_gmt":"2023-05-18T17:39:43","guid":{"rendered":"https:\/\/beep-beep-casino.win\/lt\/?page_id=152"},"modified":"2025-11-03T01:46:30","modified_gmt":"2025-11-03T01:46:30","slug":"bonus","status":"publish","type":"page","link":"https:\/\/beep-beep-casino.win\/lt\/bonus\/","title":{"rendered":"Premijos"},"content":{"rendered":"","protected":false},"excerpt":{"rendered":"","protected":false},"author":1,"featured_media":0,"parent":0,"menu_order":0,"comment_status":"closed","ping_status":"closed","template":"","meta":{"footnotes":""},"class_list":["post-152","page","type-page","status-publish","hentry"],"yoast_head":"<!-- This site is optimized with the Yoast SEO plugin v23.8 - https:\/\/yoast.com\/wordpress\/plugins\/seo\/ -->\n<title>Beep Beep Casino premija: gaukite premij\u0105 ir laim\u0117kite!<\/title>\n<meta name=\"description\" content=\"Ie\u0161kote geriausi\u0173 premij\u0173? &quot;Beep Beep Casino&quot; savo \u017eaid\u0117jams si\u016blo dosnias sveikinimo premijas, nemokamus sukimus ir unikalias akcijas. Gaukite premij\u0105 dabar\" \/>\n<meta name=\"robots\" content=\"index, follow, max-snippet:-1, max-image-preview:large, max-video-preview:-1\" \/>\n<meta property=\"og:locale\" content=\"lt_LT\" \/>\n<meta property=\"og:type\" content=\"article\" \/>\n<meta property=\"og:title\" content=\"Beep Beep Casino premija: gaukite premij\u0105 ir laim\u0117kite!\" \/>\n<meta property=\"og:description\" content=\"Ie\u0161kote geriausi\u0173 premij\u0173? &quot;Beep Beep Casino&quot; savo \u017eaid\u0117jams si\u016blo dosnias sveikinimo premijas, nemokamus sukimus ir unikalias akcijas. Gaukite premij\u0105 dabar\" \/>\n<meta property=\"og:url\" content=\"https:\/\/beep-beep-casino.win\/lt\/bonus\/\" \/>\n<meta property=\"og:site_name\" content=\"Beep Beep Casino lt\" \/>\n<meta property=\"article:modified_time\" content=\"2025-11-03T01:46:30+00:00\" \/>\n<meta name=\"twitter:card\" content=\"summary_large_image\" \/>\n<script type=\"application\/ld+json\" class=\"yoast-schema-graph\">{\"@context\":\"https:\/\/schema.org\",\"@graph\":[{\"@type\":\"WebPage\",\"@id\":\"https:\/\/beep-beep-casino.win\/lt\/bonus\/\",\"url\":\"https:\/\/beep-beep-casino.win\/lt\/bonus\/\",\"name\":\"Beep Beep Casino premija: gaukite premij\u0105 ir laim\u0117kite!\",\"isPartOf\":{\"@id\":\"https:\/\/beep-beep-casino.win\/lt\/#website\"},\"datePublished\":\"2023-05-18T17:39:43+00:00\",\"dateModified\":\"2025-11-03T01:46:30+00:00\",\"description\":\"Ie\u0161kote geriausi\u0173 premij\u0173? \\\"Beep Beep Casino\\\" savo \u017eaid\u0117jams si\u016blo dosnias sveikinimo premijas, nemokamus sukimus ir unikalias akcijas. Gaukite premij\u0105 dabar\",\"breadcrumb\":{\"@id\":\"https:\/\/beep-beep-casino.win\/lt\/bonus\/#breadcrumb\"},\"inLanguage\":\"lt-LT\",\"potentialAction\":[{\"@type\":\"ReadAction\",\"target\":[\"https:\/\/beep-beep-casino.win\/lt\/bonus\/\"]}]},{\"@type\":\"BreadcrumbList\",\"@id\":\"https:\/\/beep-beep-casino.win\/lt\/bonus\/#breadcrumb\",\"itemListElement\":[{\"@type\":\"ListItem\",\"position\":1,\"name\":\"\u0413\u043b\u0430\u0432\u043d\u0430\u044f \u0441\u0442\u0440\u0430\u043d\u0438\u0446\u0430\",\"item\":\"https:\/\/beep-beep-casino.win\/lt\/\"},{\"@type\":\"ListItem\",\"position\":2,\"name\":\"Premijos\"}]},{\"@type\":\"WebSite\",\"@id\":\"https:\/\/beep-beep-casino.win\/lt\/#website\",\"url\":\"https:\/\/beep-beep-casino.win\/lt\/\",\"name\":\"Beep Beep Casino lt\",\"description\":\"\",\"potentialAction\":[{\"@type\":\"SearchAction\",\"target\":{\"@type\":\"EntryPoint\",\"urlTemplate\":\"https:\/\/beep-beep-casino.win\/lt\/?s={search_term_string}\"},\"query-input\":{\"@type\":\"PropertyValueSpecification\",\"valueRequired\":true,\"valueName\":\"search_term_string\"}}],\"inLanguage\":\"lt-LT\"}]}<\/script>\n<!-- \/ Yoast SEO plugin. -->","yoast_head_json":{"title":"Beep Beep Casino premija: gaukite premij\u0105 ir laim\u0117kite!","description":"Ie\u0161kote geriausi\u0173 premij\u0173? \"Beep Beep Casino\" savo \u017eaid\u0117jams si\u016blo dosnias sveikinimo premijas, nemokamus sukimus ir unikalias akcijas. Gaukite premij\u0105 dabar","robots":{"index":"index","follow":"follow","max-snippet":"max-snippet:-1","max-image-preview":"max-image-preview:large","max-video-preview":"max-video-preview:-1"},"og_locale":"lt_LT","og_type":"article","og_title":"Beep Beep Casino premija: gaukite premij\u0105 ir laim\u0117kite!","og_description":"Ie\u0161kote geriausi\u0173 premij\u0173? \"Beep Beep Casino\" savo \u017eaid\u0117jams si\u016blo dosnias sveikinimo premijas, nemokamus sukimus ir unikalias akcijas. Gaukite premij\u0105 dabar","og_url":"https:\/\/beep-beep-casino.win\/lt\/bonus\/","og_site_name":"Beep Beep Casino lt","article_modified_time":"2025-11-03T01:46:30+00:00","twitter_card":"summary_large_image","schema":{"@context":"https:\/\/schema.org","@graph":[{"@type":"WebPage","@id":"https:\/\/beep-beep-casino.win\/lt\/bonus\/","url":"https:\/\/beep-beep-casino.win\/lt\/bonus\/","name":"Beep Beep Casino premija: gaukite premij\u0105 ir laim\u0117kite!","isPartOf":{"@id":"https:\/\/beep-beep-casino.win\/lt\/#website"},"datePublished":"2023-05-18T17:39:43+00:00","dateModified":"2025-11-03T01:46:30+00:00","description":"Ie\u0161kote geriausi\u0173 premij\u0173? \"Beep Beep Casino\" savo \u017eaid\u0117jams si\u016blo dosnias sveikinimo premijas, nemokamus sukimus ir unikalias akcijas. Gaukite premij\u0105 dabar","breadcrumb":{"@id":"https:\/\/beep-beep-casino.win\/lt\/bonus\/#breadcrumb"},"inLanguage":"lt-LT","potentialAction":[{"@type":"ReadAction","target":["https:\/\/beep-beep-casino.win\/lt\/bonus\/"]}]},{"@type":"BreadcrumbList","@id":"https:\/\/beep-beep-casino.win\/lt\/bonus\/#breadcrumb","itemListElement":[{"@type":"ListItem","position":1,"name":"\u0413\u043b\u0430\u0432\u043d\u0430\u044f \u0441\u0442\u0440\u0430\u043d\u0438\u0446\u0430","item":"https:\/\/beep-beep-casino.win\/lt\/"},{"@type":"ListItem","position":2,"name":"Premijos"}]},{"@type":"WebSite","@id":"https:\/\/beep-beep-casino.win\/lt\/#website","url":"https:\/\/beep-beep-casino.win\/lt\/","name":"Beep Beep Casino lt","description":"","potentialAction":[{"@type":"SearchAction","target":{"@type":"EntryPoint","urlTemplate":"https:\/\/beep-beep-casino.win\/lt\/?s={search_term_string}"},"query-input":{"@type":"PropertyValueSpecification","valueRequired":true,"valueName":"search_term_string"}}],"inLanguage":"lt-LT"}]}},"_links":{"self":[{"href":"https:\/\/beep-beep-casino.win\/lt\/wp-json\/wp\/v2\/pages\/152","targetHints":{"allow":["GET"]}}],"collection":[{"href":"https:\/\/beep-beep-casino.win\/lt\/wp-json\/wp\/v2\/pages"}],"about":[{"href":"https:\/\/beep-beep-casino.win\/lt\/wp-json\/wp\/v2\/types\/page"}],"author":[{"embeddable":true,"href":"https:\/\/beep-beep-casino.win\/lt\/wp-json\/wp\/v2\/users\/1"}],"replies":[{"embeddable":true,"href":"https:\/\/beep-beep-casino.win\/lt\/wp-json\/wp\/v2\/comments?post=152"}],"version-history":[{"count":10,"href":"https:\/\/beep-beep-casino.win\/lt\/wp-json\/wp\/v2\/pages\/152\/revisions"}],"predecessor-version":[{"id":295,"href":"https:\/\/beep-beep-casino.win\/lt\/wp-json\/wp\/v2\/pages\/152\/revisions\/295"}],"wp:attachment":[{"href":"https:\/\/beep-beep-casino.win\/lt\/wp-json\/wp\/v2\/media?parent=152"}],"curies":[{"name":"wp","href":"https:\/\/api.w.org\/{rel}","templated":true}]}}