{"id":220,"date":"2024-12-13T09:39:25","date_gmt":"2024-12-13T09:39:25","guid":{"rendered":"https:\/\/beep-beep-casino.win\/fr\/?page_id=220"},"modified":"2025-11-03T01:49:47","modified_gmt":"2025-11-03T01:49:47","slug":"reviews","status":"publish","type":"page","link":"https:\/\/beep-beep-casino.win\/fr\/reviews\/","title":{"rendered":"T\u00e9moignages"},"content":{"rendered":"","protected":false},"excerpt":{"rendered":"","protected":false},"author":1,"featured_media":0,"parent":0,"menu_order":0,"comment_status":"closed","ping_status":"closed","template":"","meta":{"footnotes":""},"class_list":["post-220","page","type-page","status-publish","hentry"],"yoast_head":"<!-- This site is optimized with the Yoast SEO plugin v23.8 - https:\/\/yoast.com\/wordpress\/plugins\/seo\/ -->\n<title>Beep Beep Casino Critiques &gt; Votre ticket vers les gains!<\/title>\n<meta name=\"description\" content=\"Plongez dans l&#039;atmosph\u00e8re du Beep Beep Casino : des bonus g\u00e9n\u00e9reux, des paiements rapides et des jeux passionnants. Critiques, secrets du succ\u00e8s et meilleures offres !\" \/>\n<meta name=\"robots\" content=\"index, follow, max-snippet:-1, max-image-preview:large, max-video-preview:-1\" \/>\n<meta property=\"og:locale\" content=\"fr_FR\" \/>\n<meta property=\"og:type\" content=\"article\" \/>\n<meta property=\"og:title\" content=\"Beep Beep Casino Critiques &gt; Votre ticket vers les gains!\" \/>\n<meta property=\"og:description\" content=\"Plongez dans l&#039;atmosph\u00e8re du Beep Beep Casino : des bonus g\u00e9n\u00e9reux, des paiements rapides et des jeux passionnants. Critiques, secrets du succ\u00e8s et meilleures offres !\" \/>\n<meta property=\"og:url\" content=\"https:\/\/beep-beep-casino.win\/fr\/reviews\/\" \/>\n<meta property=\"og:site_name\" content=\"Beep Beep Casino fr\" \/>\n<meta property=\"article:modified_time\" content=\"2025-11-03T01:49:47+00:00\" \/>\n<meta name=\"twitter:card\" content=\"summary_large_image\" \/>\n<script type=\"application\/ld+json\" class=\"yoast-schema-graph\">{\"@context\":\"https:\/\/schema.org\",\"@graph\":[{\"@type\":\"WebPage\",\"@id\":\"https:\/\/beep-beep-casino.win\/fr\/reviews\/\",\"url\":\"https:\/\/beep-beep-casino.win\/fr\/reviews\/\",\"name\":\"Beep Beep Casino Critiques > Votre ticket vers les gains!\",\"isPartOf\":{\"@id\":\"https:\/\/beep-beep-casino.win\/fr\/#website\"},\"datePublished\":\"2024-12-13T09:39:25+00:00\",\"dateModified\":\"2025-11-03T01:49:47+00:00\",\"description\":\"Plongez dans l'atmosph\u00e8re du Beep Beep Casino : des bonus g\u00e9n\u00e9reux, des paiements rapides et des jeux passionnants. Critiques, secrets du succ\u00e8s et meilleures offres !\",\"breadcrumb\":{\"@id\":\"https:\/\/beep-beep-casino.win\/fr\/reviews\/#breadcrumb\"},\"inLanguage\":\"fr-FR\",\"potentialAction\":[{\"@type\":\"ReadAction\",\"target\":[\"https:\/\/beep-beep-casino.win\/fr\/reviews\/\"]}]},{\"@type\":\"BreadcrumbList\",\"@id\":\"https:\/\/beep-beep-casino.win\/fr\/reviews\/#breadcrumb\",\"itemListElement\":[{\"@type\":\"ListItem\",\"position\":1,\"name\":\"\u0413\u043b\u0430\u0432\u043d\u0430\u044f \u0441\u0442\u0440\u0430\u043d\u0438\u0446\u0430\",\"item\":\"https:\/\/beep-beep-casino.win\/fr\/\"},{\"@type\":\"ListItem\",\"position\":2,\"name\":\"T\u00e9moignages\"}]},{\"@type\":\"WebSite\",\"@id\":\"https:\/\/beep-beep-casino.win\/fr\/#website\",\"url\":\"https:\/\/beep-beep-casino.win\/fr\/\",\"name\":\"Beep Beep Casino fr\",\"description\":\"\",\"potentialAction\":[{\"@type\":\"SearchAction\",\"target\":{\"@type\":\"EntryPoint\",\"urlTemplate\":\"https:\/\/beep-beep-casino.win\/fr\/?s={search_term_string}\"},\"query-input\":{\"@type\":\"PropertyValueSpecification\",\"valueRequired\":true,\"valueName\":\"search_term_string\"}}],\"inLanguage\":\"fr-FR\"}]}<\/script>\n<!-- \/ Yoast SEO plugin. -->","yoast_head_json":{"title":"Beep Beep Casino Critiques > Votre ticket vers les gains!","description":"Plongez dans l'atmosph\u00e8re du Beep Beep Casino : des bonus g\u00e9n\u00e9reux, des paiements rapides et des jeux passionnants. Critiques, secrets du succ\u00e8s et meilleures offres !","robots":{"index":"index","follow":"follow","max-snippet":"max-snippet:-1","max-image-preview":"max-image-preview:large","max-video-preview":"max-video-preview:-1"},"og_locale":"fr_FR","og_type":"article","og_title":"Beep Beep Casino Critiques > Votre ticket vers les gains!","og_description":"Plongez dans l'atmosph\u00e8re du Beep Beep Casino : des bonus g\u00e9n\u00e9reux, des paiements rapides et des jeux passionnants. Critiques, secrets du succ\u00e8s et meilleures offres !","og_url":"https:\/\/beep-beep-casino.win\/fr\/reviews\/","og_site_name":"Beep Beep Casino fr","article_modified_time":"2025-11-03T01:49:47+00:00","twitter_card":"summary_large_image","schema":{"@context":"https:\/\/schema.org","@graph":[{"@type":"WebPage","@id":"https:\/\/beep-beep-casino.win\/fr\/reviews\/","url":"https:\/\/beep-beep-casino.win\/fr\/reviews\/","name":"Beep Beep Casino Critiques > Votre ticket vers les gains!","isPartOf":{"@id":"https:\/\/beep-beep-casino.win\/fr\/#website"},"datePublished":"2024-12-13T09:39:25+00:00","dateModified":"2025-11-03T01:49:47+00:00","description":"Plongez dans l'atmosph\u00e8re du Beep Beep Casino : des bonus g\u00e9n\u00e9reux, des paiements rapides et des jeux passionnants. Critiques, secrets du succ\u00e8s et meilleures offres !","breadcrumb":{"@id":"https:\/\/beep-beep-casino.win\/fr\/reviews\/#breadcrumb"},"inLanguage":"fr-FR","potentialAction":[{"@type":"ReadAction","target":["https:\/\/beep-beep-casino.win\/fr\/reviews\/"]}]},{"@type":"BreadcrumbList","@id":"https:\/\/beep-beep-casino.win\/fr\/reviews\/#breadcrumb","itemListElement":[{"@type":"ListItem","position":1,"name":"\u0413\u043b\u0430\u0432\u043d\u0430\u044f \u0441\u0442\u0440\u0430\u043d\u0438\u0446\u0430","item":"https:\/\/beep-beep-casino.win\/fr\/"},{"@type":"ListItem","position":2,"name":"T\u00e9moignages"}]},{"@type":"WebSite","@id":"https:\/\/beep-beep-casino.win\/fr\/#website","url":"https:\/\/beep-beep-casino.win\/fr\/","name":"Beep Beep Casino fr","description":"","potentialAction":[{"@type":"SearchAction","target":{"@type":"EntryPoint","urlTemplate":"https:\/\/beep-beep-casino.win\/fr\/?s={search_term_string}"},"query-input":{"@type":"PropertyValueSpecification","valueRequired":true,"valueName":"search_term_string"}}],"inLanguage":"fr-FR"}]}},"_links":{"self":[{"href":"https:\/\/beep-beep-casino.win\/fr\/wp-json\/wp\/v2\/pages\/220","targetHints":{"allow":["GET"]}}],"collection":[{"href":"https:\/\/beep-beep-casino.win\/fr\/wp-json\/wp\/v2\/pages"}],"about":[{"href":"https:\/\/beep-beep-casino.win\/fr\/wp-json\/wp\/v2\/types\/page"}],"author":[{"embeddable":true,"href":"https:\/\/beep-beep-casino.win\/fr\/wp-json\/wp\/v2\/users\/1"}],"replies":[{"embeddable":true,"href":"https:\/\/beep-beep-casino.win\/fr\/wp-json\/wp\/v2\/comments?post=220"}],"version-history":[{"count":9,"href":"https:\/\/beep-beep-casino.win\/fr\/wp-json\/wp\/v2\/pages\/220\/revisions"}],"predecessor-version":[{"id":309,"href":"https:\/\/beep-beep-casino.win\/fr\/wp-json\/wp\/v2\/pages\/220\/revisions\/309"}],"wp:attachment":[{"href":"https:\/\/beep-beep-casino.win\/fr\/wp-json\/wp\/v2\/media?parent=220"}],"curies":[{"name":"wp","href":"https:\/\/api.w.org\/{rel}","templated":true}]}}