{"id":206,"date":"2024-12-13T09:38:58","date_gmt":"2024-12-13T09:38:58","guid":{"rendered":"https:\/\/beep-beep-casino.win\/fr\/?page_id=206"},"modified":"2025-11-03T01:20:22","modified_gmt":"2025-11-03T01:20:22","slug":"casino","status":"publish","type":"page","link":"https:\/\/beep-beep-casino.win\/fr\/casino\/","title":{"rendered":"Casino"},"content":{"rendered":"","protected":false},"excerpt":{"rendered":"","protected":false},"author":1,"featured_media":0,"parent":0,"menu_order":0,"comment_status":"closed","ping_status":"closed","template":"","meta":{"footnotes":""},"class_list":["post-206","page","type-page","status-publish","hentry"],"yoast_head":"<!-- This site is optimized with the Yoast SEO plugin v23.8 - https:\/\/yoast.com\/wordpress\/plugins\/seo\/ -->\n<title>Beep Beep Casino: les meilleurs bonus et jeux vari\u00e9s<\/title>\n<meta name=\"description\" content=\"Beep Beep Casino - le lieu o\u00f9 l&#039;excitation rencontre la chance ! Vaste s\u00e9lection de machines \u00e0 sous, roulette, jeux de cartes et casino en direct. Obtenez vos bonus d\u00e8s aujourd&#039;hui !\" \/>\n<meta name=\"robots\" content=\"index, follow, max-snippet:-1, max-image-preview:large, max-video-preview:-1\" \/>\n<meta property=\"og:locale\" content=\"fr_FR\" \/>\n<meta property=\"og:type\" content=\"article\" \/>\n<meta property=\"og:title\" content=\"Beep Beep Casino: les meilleurs bonus et jeux vari\u00e9s\" \/>\n<meta property=\"og:description\" content=\"Beep Beep Casino - le lieu o\u00f9 l&#039;excitation rencontre la chance ! Vaste s\u00e9lection de machines \u00e0 sous, roulette, jeux de cartes et casino en direct. Obtenez vos bonus d\u00e8s aujourd&#039;hui !\" \/>\n<meta property=\"og:url\" content=\"https:\/\/beep-beep-casino.win\/fr\/casino\/\" \/>\n<meta property=\"og:site_name\" content=\"Beep Beep Casino fr\" \/>\n<meta property=\"article:modified_time\" content=\"2025-11-03T01:20:22+00:00\" \/>\n<meta name=\"twitter:card\" content=\"summary_large_image\" \/>\n<script type=\"application\/ld+json\" class=\"yoast-schema-graph\">{\"@context\":\"https:\/\/schema.org\",\"@graph\":[{\"@type\":\"WebPage\",\"@id\":\"https:\/\/beep-beep-casino.win\/fr\/casino\/\",\"url\":\"https:\/\/beep-beep-casino.win\/fr\/casino\/\",\"name\":\"Beep Beep Casino: les meilleurs bonus et jeux vari\u00e9s\",\"isPartOf\":{\"@id\":\"https:\/\/beep-beep-casino.win\/fr\/#website\"},\"datePublished\":\"2024-12-13T09:38:58+00:00\",\"dateModified\":\"2025-11-03T01:20:22+00:00\",\"description\":\"Beep Beep Casino - le lieu o\u00f9 l'excitation rencontre la chance ! Vaste s\u00e9lection de machines \u00e0 sous, roulette, jeux de cartes et casino en direct. Obtenez vos bonus d\u00e8s aujourd'hui !\",\"breadcrumb\":{\"@id\":\"https:\/\/beep-beep-casino.win\/fr\/casino\/#breadcrumb\"},\"inLanguage\":\"fr-FR\",\"potentialAction\":[{\"@type\":\"ReadAction\",\"target\":[\"https:\/\/beep-beep-casino.win\/fr\/casino\/\"]}]},{\"@type\":\"BreadcrumbList\",\"@id\":\"https:\/\/beep-beep-casino.win\/fr\/casino\/#breadcrumb\",\"itemListElement\":[{\"@type\":\"ListItem\",\"position\":1,\"name\":\"\u0413\u043b\u0430\u0432\u043d\u0430\u044f \u0441\u0442\u0440\u0430\u043d\u0438\u0446\u0430\",\"item\":\"https:\/\/beep-beep-casino.win\/fr\/\"},{\"@type\":\"ListItem\",\"position\":2,\"name\":\"Casino\"}]},{\"@type\":\"WebSite\",\"@id\":\"https:\/\/beep-beep-casino.win\/fr\/#website\",\"url\":\"https:\/\/beep-beep-casino.win\/fr\/\",\"name\":\"Beep Beep Casino fr\",\"description\":\"\",\"potentialAction\":[{\"@type\":\"SearchAction\",\"target\":{\"@type\":\"EntryPoint\",\"urlTemplate\":\"https:\/\/beep-beep-casino.win\/fr\/?s={search_term_string}\"},\"query-input\":{\"@type\":\"PropertyValueSpecification\",\"valueRequired\":true,\"valueName\":\"search_term_string\"}}],\"inLanguage\":\"fr-FR\"}]}<\/script>\n<!-- \/ Yoast SEO plugin. -->","yoast_head_json":{"title":"Beep Beep Casino: les meilleurs bonus et jeux vari\u00e9s","description":"Beep Beep Casino - le lieu o\u00f9 l'excitation rencontre la chance ! Vaste s\u00e9lection de machines \u00e0 sous, roulette, jeux de cartes et casino en direct. Obtenez vos bonus d\u00e8s aujourd'hui !","robots":{"index":"index","follow":"follow","max-snippet":"max-snippet:-1","max-image-preview":"max-image-preview:large","max-video-preview":"max-video-preview:-1"},"og_locale":"fr_FR","og_type":"article","og_title":"Beep Beep Casino: les meilleurs bonus et jeux vari\u00e9s","og_description":"Beep Beep Casino - le lieu o\u00f9 l'excitation rencontre la chance ! Vaste s\u00e9lection de machines \u00e0 sous, roulette, jeux de cartes et casino en direct. Obtenez vos bonus d\u00e8s aujourd'hui !","og_url":"https:\/\/beep-beep-casino.win\/fr\/casino\/","og_site_name":"Beep Beep Casino fr","article_modified_time":"2025-11-03T01:20:22+00:00","twitter_card":"summary_large_image","schema":{"@context":"https:\/\/schema.org","@graph":[{"@type":"WebPage","@id":"https:\/\/beep-beep-casino.win\/fr\/casino\/","url":"https:\/\/beep-beep-casino.win\/fr\/casino\/","name":"Beep Beep Casino: les meilleurs bonus et jeux vari\u00e9s","isPartOf":{"@id":"https:\/\/beep-beep-casino.win\/fr\/#website"},"datePublished":"2024-12-13T09:38:58+00:00","dateModified":"2025-11-03T01:20:22+00:00","description":"Beep Beep Casino - le lieu o\u00f9 l'excitation rencontre la chance ! Vaste s\u00e9lection de machines \u00e0 sous, roulette, jeux de cartes et casino en direct. Obtenez vos bonus d\u00e8s aujourd'hui !","breadcrumb":{"@id":"https:\/\/beep-beep-casino.win\/fr\/casino\/#breadcrumb"},"inLanguage":"fr-FR","potentialAction":[{"@type":"ReadAction","target":["https:\/\/beep-beep-casino.win\/fr\/casino\/"]}]},{"@type":"BreadcrumbList","@id":"https:\/\/beep-beep-casino.win\/fr\/casino\/#breadcrumb","itemListElement":[{"@type":"ListItem","position":1,"name":"\u0413\u043b\u0430\u0432\u043d\u0430\u044f \u0441\u0442\u0440\u0430\u043d\u0438\u0446\u0430","item":"https:\/\/beep-beep-casino.win\/fr\/"},{"@type":"ListItem","position":2,"name":"Casino"}]},{"@type":"WebSite","@id":"https:\/\/beep-beep-casino.win\/fr\/#website","url":"https:\/\/beep-beep-casino.win\/fr\/","name":"Beep Beep Casino fr","description":"","potentialAction":[{"@type":"SearchAction","target":{"@type":"EntryPoint","urlTemplate":"https:\/\/beep-beep-casino.win\/fr\/?s={search_term_string}"},"query-input":{"@type":"PropertyValueSpecification","valueRequired":true,"valueName":"search_term_string"}}],"inLanguage":"fr-FR"}]}},"_links":{"self":[{"href":"https:\/\/beep-beep-casino.win\/fr\/wp-json\/wp\/v2\/pages\/206","targetHints":{"allow":["GET"]}}],"collection":[{"href":"https:\/\/beep-beep-casino.win\/fr\/wp-json\/wp\/v2\/pages"}],"about":[{"href":"https:\/\/beep-beep-casino.win\/fr\/wp-json\/wp\/v2\/types\/page"}],"author":[{"embeddable":true,"href":"https:\/\/beep-beep-casino.win\/fr\/wp-json\/wp\/v2\/users\/1"}],"replies":[{"embeddable":true,"href":"https:\/\/beep-beep-casino.win\/fr\/wp-json\/wp\/v2\/comments?post=206"}],"version-history":[{"count":11,"href":"https:\/\/beep-beep-casino.win\/fr\/wp-json\/wp\/v2\/pages\/206\/revisions"}],"predecessor-version":[{"id":294,"href":"https:\/\/beep-beep-casino.win\/fr\/wp-json\/wp\/v2\/pages\/206\/revisions\/294"}],"wp:attachment":[{"href":"https:\/\/beep-beep-casino.win\/fr\/wp-json\/wp\/v2\/media?parent=206"}],"curies":[{"name":"wp","href":"https:\/\/api.w.org\/{rel}","templated":true}]}}