{"id":2,"date":"2023-05-18T17:18:34","date_gmt":"2023-05-18T17:18:34","guid":{"rendered":"https:\/\/beep-beep-casino.win\/fr\/?page_id=2"},"modified":"2025-10-31T17:19:09","modified_gmt":"2025-10-31T17:19:09","slug":"sample-page","status":"publish","type":"page","link":"https:\/\/beep-beep-casino.win\/fr\/","title":{"rendered":"Accueil"},"content":{"rendered":"","protected":false},"excerpt":{"rendered":"","protected":false},"author":1,"featured_media":0,"parent":0,"menu_order":0,"comment_status":"closed","ping_status":"open","template":"","meta":{"footnotes":""},"class_list":["post-2","page","type-page","status-publish","hentry"],"yoast_head":"<!-- This site is optimized with the Yoast SEO plugin v23.8 - https:\/\/yoast.com\/wordpress\/plugins\/seo\/ -->\n<title>Beep Beep Casino: le meilleur casino en ligne de jeux<\/title>\n<meta name=\"description\" content=\"Vivez le frisson de la victoire avec Beep Beep Casino ! \u00c9norme s\u00e9lection de jeux, de bonus et de g\u00e9n\u00e9reux jackpots. Rejoignez le monde du jeu et gagnez d\u00e8s maintenant !\" \/>\n<meta name=\"robots\" content=\"index, follow, max-snippet:-1, max-image-preview:large, max-video-preview:-1\" \/>\n<meta property=\"og:locale\" content=\"fr_FR\" \/>\n<meta property=\"og:type\" content=\"article\" \/>\n<meta property=\"og:title\" content=\"Beep Beep Casino: le meilleur casino en ligne de jeux\" \/>\n<meta property=\"og:description\" content=\"Vivez le frisson de la victoire avec Beep Beep Casino ! \u00c9norme s\u00e9lection de jeux, de bonus et de g\u00e9n\u00e9reux jackpots. Rejoignez le monde du jeu et gagnez d\u00e8s maintenant !\" \/>\n<meta property=\"og:url\" content=\"https:\/\/beep-beep-casino.win\/fr\/\" \/>\n<meta property=\"og:site_name\" content=\"Beep Beep Casino fr\" \/>\n<meta property=\"article:modified_time\" content=\"2025-10-31T17:19:09+00:00\" \/>\n<meta name=\"twitter:card\" content=\"summary_large_image\" \/>\n<script type=\"application\/ld+json\" class=\"yoast-schema-graph\">{\"@context\":\"https:\/\/schema.org\",\"@graph\":[{\"@type\":\"WebPage\",\"@id\":\"https:\/\/beep-beep-casino.win\/fr\/\",\"url\":\"https:\/\/beep-beep-casino.win\/fr\/\",\"name\":\"Beep Beep Casino: le meilleur casino en ligne de jeux\",\"isPartOf\":{\"@id\":\"https:\/\/beep-beep-casino.win\/fr\/#website\"},\"datePublished\":\"2023-05-18T17:18:34+00:00\",\"dateModified\":\"2025-10-31T17:19:09+00:00\",\"description\":\"Vivez le frisson de la victoire avec Beep Beep Casino ! \u00c9norme s\u00e9lection de jeux, de bonus et de g\u00e9n\u00e9reux jackpots. Rejoignez le monde du jeu et gagnez d\u00e8s maintenant !\",\"breadcrumb\":{\"@id\":\"https:\/\/beep-beep-casino.win\/fr\/#breadcrumb\"},\"inLanguage\":\"fr-FR\",\"potentialAction\":[{\"@type\":\"ReadAction\",\"target\":[\"https:\/\/beep-beep-casino.win\/fr\/\"]}]},{\"@type\":\"BreadcrumbList\",\"@id\":\"https:\/\/beep-beep-casino.win\/fr\/#breadcrumb\",\"itemListElement\":[{\"@type\":\"ListItem\",\"position\":1,\"name\":\"\u0413\u043b\u0430\u0432\u043d\u0430\u044f \u0441\u0442\u0440\u0430\u043d\u0438\u0446\u0430\",\"item\":\"https:\/\/beep-beep-casino.win\/fr\/\"},{\"@type\":\"ListItem\",\"position\":2,\"name\":\"Accueil\"}]},{\"@type\":\"WebSite\",\"@id\":\"https:\/\/beep-beep-casino.win\/fr\/#website\",\"url\":\"https:\/\/beep-beep-casino.win\/fr\/\",\"name\":\"Beep Beep Casino fr\",\"description\":\"\",\"potentialAction\":[{\"@type\":\"SearchAction\",\"target\":{\"@type\":\"EntryPoint\",\"urlTemplate\":\"https:\/\/beep-beep-casino.win\/fr\/?s={search_term_string}\"},\"query-input\":{\"@type\":\"PropertyValueSpecification\",\"valueRequired\":true,\"valueName\":\"search_term_string\"}}],\"inLanguage\":\"fr-FR\"}]}<\/script>\n<!-- \/ Yoast SEO plugin. -->","yoast_head_json":{"title":"Beep Beep Casino: le meilleur casino en ligne de jeux","description":"Vivez le frisson de la victoire avec Beep Beep Casino ! \u00c9norme s\u00e9lection de jeux, de bonus et de g\u00e9n\u00e9reux jackpots. Rejoignez le monde du jeu et gagnez d\u00e8s maintenant !","robots":{"index":"index","follow":"follow","max-snippet":"max-snippet:-1","max-image-preview":"max-image-preview:large","max-video-preview":"max-video-preview:-1"},"og_locale":"fr_FR","og_type":"article","og_title":"Beep Beep Casino: le meilleur casino en ligne de jeux","og_description":"Vivez le frisson de la victoire avec Beep Beep Casino ! \u00c9norme s\u00e9lection de jeux, de bonus et de g\u00e9n\u00e9reux jackpots. Rejoignez le monde du jeu et gagnez d\u00e8s maintenant !","og_url":"https:\/\/beep-beep-casino.win\/fr\/","og_site_name":"Beep Beep Casino fr","article_modified_time":"2025-10-31T17:19:09+00:00","twitter_card":"summary_large_image","schema":{"@context":"https:\/\/schema.org","@graph":[{"@type":"WebPage","@id":"https:\/\/beep-beep-casino.win\/fr\/","url":"https:\/\/beep-beep-casino.win\/fr\/","name":"Beep Beep Casino: le meilleur casino en ligne de jeux","isPartOf":{"@id":"https:\/\/beep-beep-casino.win\/fr\/#website"},"datePublished":"2023-05-18T17:18:34+00:00","dateModified":"2025-10-31T17:19:09+00:00","description":"Vivez le frisson de la victoire avec Beep Beep Casino ! \u00c9norme s\u00e9lection de jeux, de bonus et de g\u00e9n\u00e9reux jackpots. Rejoignez le monde du jeu et gagnez d\u00e8s maintenant !","breadcrumb":{"@id":"https:\/\/beep-beep-casino.win\/fr\/#breadcrumb"},"inLanguage":"fr-FR","potentialAction":[{"@type":"ReadAction","target":["https:\/\/beep-beep-casino.win\/fr\/"]}]},{"@type":"BreadcrumbList","@id":"https:\/\/beep-beep-casino.win\/fr\/#breadcrumb","itemListElement":[{"@type":"ListItem","position":1,"name":"\u0413\u043b\u0430\u0432\u043d\u0430\u044f \u0441\u0442\u0440\u0430\u043d\u0438\u0446\u0430","item":"https:\/\/beep-beep-casino.win\/fr\/"},{"@type":"ListItem","position":2,"name":"Accueil"}]},{"@type":"WebSite","@id":"https:\/\/beep-beep-casino.win\/fr\/#website","url":"https:\/\/beep-beep-casino.win\/fr\/","name":"Beep Beep Casino fr","description":"","potentialAction":[{"@type":"SearchAction","target":{"@type":"EntryPoint","urlTemplate":"https:\/\/beep-beep-casino.win\/fr\/?s={search_term_string}"},"query-input":{"@type":"PropertyValueSpecification","valueRequired":true,"valueName":"search_term_string"}}],"inLanguage":"fr-FR"}]}},"_links":{"self":[{"href":"https:\/\/beep-beep-casino.win\/fr\/wp-json\/wp\/v2\/pages\/2","targetHints":{"allow":["GET"]}}],"collection":[{"href":"https:\/\/beep-beep-casino.win\/fr\/wp-json\/wp\/v2\/pages"}],"about":[{"href":"https:\/\/beep-beep-casino.win\/fr\/wp-json\/wp\/v2\/types\/page"}],"author":[{"embeddable":true,"href":"https:\/\/beep-beep-casino.win\/fr\/wp-json\/wp\/v2\/users\/1"}],"replies":[{"embeddable":true,"href":"https:\/\/beep-beep-casino.win\/fr\/wp-json\/wp\/v2\/comments?post=2"}],"version-history":[{"count":20,"href":"https:\/\/beep-beep-casino.win\/fr\/wp-json\/wp\/v2\/pages\/2\/revisions"}],"predecessor-version":[{"id":288,"href":"https:\/\/beep-beep-casino.win\/fr\/wp-json\/wp\/v2\/pages\/2\/revisions\/288"}],"wp:attachment":[{"href":"https:\/\/beep-beep-casino.win\/fr\/wp-json\/wp\/v2\/media?parent=2"}],"curies":[{"name":"wp","href":"https:\/\/api.w.org\/{rel}","templated":true}]}}