{"id":220,"date":"2024-12-13T09:39:25","date_gmt":"2024-12-13T09:39:25","guid":{"rendered":"https:\/\/beep-beep-casino.win\/fi\/?page_id=220"},"modified":"2025-11-03T01:36:12","modified_gmt":"2025-11-03T01:36:12","slug":"reviews","status":"publish","type":"page","link":"https:\/\/beep-beep-casino.win\/fi\/reviews\/","title":{"rendered":"Suosittelut"},"content":{"rendered":"","protected":false},"excerpt":{"rendered":"","protected":false},"author":1,"featured_media":0,"parent":0,"menu_order":0,"comment_status":"closed","ping_status":"closed","template":"","meta":{"footnotes":""},"class_list":["post-220","page","type-page","status-publish","hentry"],"yoast_head":"<!-- This site is optimized with the Yoast SEO plugin v23.8 - https:\/\/yoast.com\/wordpress\/plugins\/seo\/ -->\n<title>Beep Beep Casino arvostelut &gt; Lippusi uhkapelien maailmaan!<\/title>\n<meta name=\"description\" content=\"Uppoudu Beep Beep Casinon tunnelmaan: anteliaat bonukset, salamannopeat voitot ja j\u00e4nnitt\u00e4v\u00e4t pelit. Arvostelut, menestyksen salaisuudet ja parhaat tarjoukset!\" \/>\n<meta name=\"robots\" content=\"index, follow, max-snippet:-1, max-image-preview:large, max-video-preview:-1\" \/>\n<meta property=\"og:locale\" content=\"fi_FI\" \/>\n<meta property=\"og:type\" content=\"article\" \/>\n<meta property=\"og:title\" content=\"Beep Beep Casino arvostelut &gt; Lippusi uhkapelien maailmaan!\" \/>\n<meta property=\"og:description\" content=\"Uppoudu Beep Beep Casinon tunnelmaan: anteliaat bonukset, salamannopeat voitot ja j\u00e4nnitt\u00e4v\u00e4t pelit. Arvostelut, menestyksen salaisuudet ja parhaat tarjoukset!\" \/>\n<meta property=\"og:url\" content=\"https:\/\/beep-beep-casino.win\/fi\/reviews\/\" \/>\n<meta property=\"og:site_name\" content=\"Beep Beep Casino fi\" \/>\n<meta property=\"article:modified_time\" content=\"2025-11-03T01:36:12+00:00\" \/>\n<meta name=\"twitter:card\" content=\"summary_large_image\" \/>\n<script type=\"application\/ld+json\" class=\"yoast-schema-graph\">{\"@context\":\"https:\/\/schema.org\",\"@graph\":[{\"@type\":\"WebPage\",\"@id\":\"https:\/\/beep-beep-casino.win\/fi\/reviews\/\",\"url\":\"https:\/\/beep-beep-casino.win\/fi\/reviews\/\",\"name\":\"Beep Beep Casino arvostelut > Lippusi uhkapelien maailmaan!\",\"isPartOf\":{\"@id\":\"https:\/\/beep-beep-casino.win\/fi\/#website\"},\"datePublished\":\"2024-12-13T09:39:25+00:00\",\"dateModified\":\"2025-11-03T01:36:12+00:00\",\"description\":\"Uppoudu Beep Beep Casinon tunnelmaan: anteliaat bonukset, salamannopeat voitot ja j\u00e4nnitt\u00e4v\u00e4t pelit. Arvostelut, menestyksen salaisuudet ja parhaat tarjoukset!\",\"breadcrumb\":{\"@id\":\"https:\/\/beep-beep-casino.win\/fi\/reviews\/#breadcrumb\"},\"inLanguage\":\"fi\",\"potentialAction\":[{\"@type\":\"ReadAction\",\"target\":[\"https:\/\/beep-beep-casino.win\/fi\/reviews\/\"]}]},{\"@type\":\"BreadcrumbList\",\"@id\":\"https:\/\/beep-beep-casino.win\/fi\/reviews\/#breadcrumb\",\"itemListElement\":[{\"@type\":\"ListItem\",\"position\":1,\"name\":\"\u0413\u043b\u0430\u0432\u043d\u0430\u044f \u0441\u0442\u0440\u0430\u043d\u0438\u0446\u0430\",\"item\":\"https:\/\/beep-beep-casino.win\/fi\/\"},{\"@type\":\"ListItem\",\"position\":2,\"name\":\"Suosittelut\"}]},{\"@type\":\"WebSite\",\"@id\":\"https:\/\/beep-beep-casino.win\/fi\/#website\",\"url\":\"https:\/\/beep-beep-casino.win\/fi\/\",\"name\":\"Beep Beep Casino fi\",\"description\":\"\",\"potentialAction\":[{\"@type\":\"SearchAction\",\"target\":{\"@type\":\"EntryPoint\",\"urlTemplate\":\"https:\/\/beep-beep-casino.win\/fi\/?s={search_term_string}\"},\"query-input\":{\"@type\":\"PropertyValueSpecification\",\"valueRequired\":true,\"valueName\":\"search_term_string\"}}],\"inLanguage\":\"fi\"}]}<\/script>\n<!-- \/ Yoast SEO plugin. -->","yoast_head_json":{"title":"Beep Beep Casino arvostelut > Lippusi uhkapelien maailmaan!","description":"Uppoudu Beep Beep Casinon tunnelmaan: anteliaat bonukset, salamannopeat voitot ja j\u00e4nnitt\u00e4v\u00e4t pelit. Arvostelut, menestyksen salaisuudet ja parhaat tarjoukset!","robots":{"index":"index","follow":"follow","max-snippet":"max-snippet:-1","max-image-preview":"max-image-preview:large","max-video-preview":"max-video-preview:-1"},"og_locale":"fi_FI","og_type":"article","og_title":"Beep Beep Casino arvostelut > Lippusi uhkapelien maailmaan!","og_description":"Uppoudu Beep Beep Casinon tunnelmaan: anteliaat bonukset, salamannopeat voitot ja j\u00e4nnitt\u00e4v\u00e4t pelit. Arvostelut, menestyksen salaisuudet ja parhaat tarjoukset!","og_url":"https:\/\/beep-beep-casino.win\/fi\/reviews\/","og_site_name":"Beep Beep Casino fi","article_modified_time":"2025-11-03T01:36:12+00:00","twitter_card":"summary_large_image","schema":{"@context":"https:\/\/schema.org","@graph":[{"@type":"WebPage","@id":"https:\/\/beep-beep-casino.win\/fi\/reviews\/","url":"https:\/\/beep-beep-casino.win\/fi\/reviews\/","name":"Beep Beep Casino arvostelut > Lippusi uhkapelien maailmaan!","isPartOf":{"@id":"https:\/\/beep-beep-casino.win\/fi\/#website"},"datePublished":"2024-12-13T09:39:25+00:00","dateModified":"2025-11-03T01:36:12+00:00","description":"Uppoudu Beep Beep Casinon tunnelmaan: anteliaat bonukset, salamannopeat voitot ja j\u00e4nnitt\u00e4v\u00e4t pelit. Arvostelut, menestyksen salaisuudet ja parhaat tarjoukset!","breadcrumb":{"@id":"https:\/\/beep-beep-casino.win\/fi\/reviews\/#breadcrumb"},"inLanguage":"fi","potentialAction":[{"@type":"ReadAction","target":["https:\/\/beep-beep-casino.win\/fi\/reviews\/"]}]},{"@type":"BreadcrumbList","@id":"https:\/\/beep-beep-casino.win\/fi\/reviews\/#breadcrumb","itemListElement":[{"@type":"ListItem","position":1,"name":"\u0413\u043b\u0430\u0432\u043d\u0430\u044f \u0441\u0442\u0440\u0430\u043d\u0438\u0446\u0430","item":"https:\/\/beep-beep-casino.win\/fi\/"},{"@type":"ListItem","position":2,"name":"Suosittelut"}]},{"@type":"WebSite","@id":"https:\/\/beep-beep-casino.win\/fi\/#website","url":"https:\/\/beep-beep-casino.win\/fi\/","name":"Beep Beep Casino fi","description":"","potentialAction":[{"@type":"SearchAction","target":{"@type":"EntryPoint","urlTemplate":"https:\/\/beep-beep-casino.win\/fi\/?s={search_term_string}"},"query-input":{"@type":"PropertyValueSpecification","valueRequired":true,"valueName":"search_term_string"}}],"inLanguage":"fi"}]}},"_links":{"self":[{"href":"https:\/\/beep-beep-casino.win\/fi\/wp-json\/wp\/v2\/pages\/220","targetHints":{"allow":["GET"]}}],"collection":[{"href":"https:\/\/beep-beep-casino.win\/fi\/wp-json\/wp\/v2\/pages"}],"about":[{"href":"https:\/\/beep-beep-casino.win\/fi\/wp-json\/wp\/v2\/types\/page"}],"author":[{"embeddable":true,"href":"https:\/\/beep-beep-casino.win\/fi\/wp-json\/wp\/v2\/users\/1"}],"replies":[{"embeddable":true,"href":"https:\/\/beep-beep-casino.win\/fi\/wp-json\/wp\/v2\/comments?post=220"}],"version-history":[{"count":9,"href":"https:\/\/beep-beep-casino.win\/fi\/wp-json\/wp\/v2\/pages\/220\/revisions"}],"predecessor-version":[{"id":308,"href":"https:\/\/beep-beep-casino.win\/fi\/wp-json\/wp\/v2\/pages\/220\/revisions\/308"}],"wp:attachment":[{"href":"https:\/\/beep-beep-casino.win\/fi\/wp-json\/wp\/v2\/media?parent=220"}],"curies":[{"name":"wp","href":"https:\/\/api.w.org\/{rel}","templated":true}]}}