{"id":152,"date":"2023-05-18T17:39:43","date_gmt":"2023-05-18T17:39:43","guid":{"rendered":"https:\/\/beep-beep-casino.win\/dk\/?page_id=152"},"modified":"2025-02-17T10:13:55","modified_gmt":"2025-02-17T10:13:55","slug":"bonus","status":"publish","type":"page","link":"https:\/\/beep-beep-casino.win\/dk\/bonus\/","title":{"rendered":"Bonusser"},"content":{"rendered":"","protected":false},"excerpt":{"rendered":"","protected":false},"author":1,"featured_media":0,"parent":0,"menu_order":0,"comment_status":"closed","ping_status":"closed","template":"","meta":{"footnotes":""},"class_list":["post-152","page","type-page","status-publish","hentry"],"yoast_head":"<!-- This site is optimized with the Yoast SEO plugin v23.8 - https:\/\/yoast.com\/wordpress\/plugins\/seo\/ -->\n<title>Beep Beep Casino Bonus: f\u00e5 bonussen og begynd at vinde!<\/title>\n<meta name=\"description\" content=\"Leder du efter de bedste bonusser? Beep Beep Casino tilbyder gener\u00f8se velkomstbonusser, gratis spins og unikke kampagner til sine spillere. F\u00e5 din bonus nu\" \/>\n<meta name=\"robots\" content=\"index, follow, max-snippet:-1, max-image-preview:large, max-video-preview:-1\" \/>\n<meta property=\"og:locale\" content=\"da_DK\" \/>\n<meta property=\"og:type\" content=\"article\" \/>\n<meta property=\"og:title\" content=\"Beep Beep Casino Bonus: f\u00e5 bonussen og begynd at vinde!\" \/>\n<meta property=\"og:description\" content=\"Leder du efter de bedste bonusser? Beep Beep Casino tilbyder gener\u00f8se velkomstbonusser, gratis spins og unikke kampagner til sine spillere. F\u00e5 din bonus nu\" \/>\n<meta property=\"og:url\" content=\"https:\/\/beep-beep-casino.win\/dk\/bonus\/\" \/>\n<meta property=\"og:site_name\" content=\"Beep Beep Casino dk\" \/>\n<meta property=\"article:modified_time\" content=\"2025-02-17T10:13:55+00:00\" \/>\n<meta name=\"twitter:card\" content=\"summary_large_image\" \/>\n<script type=\"application\/ld+json\" class=\"yoast-schema-graph\">{\"@context\":\"https:\/\/schema.org\",\"@graph\":[{\"@type\":\"WebPage\",\"@id\":\"https:\/\/beep-beep-casino.win\/dk\/bonus\/\",\"url\":\"https:\/\/beep-beep-casino.win\/dk\/bonus\/\",\"name\":\"Beep Beep Casino Bonus: f\u00e5 bonussen og begynd at vinde!\",\"isPartOf\":{\"@id\":\"https:\/\/beep-beep-casino.win\/dk\/#website\"},\"datePublished\":\"2023-05-18T17:39:43+00:00\",\"dateModified\":\"2025-02-17T10:13:55+00:00\",\"description\":\"Leder du efter de bedste bonusser? Beep Beep Casino tilbyder gener\u00f8se velkomstbonusser, gratis spins og unikke kampagner til sine spillere. F\u00e5 din bonus nu\",\"breadcrumb\":{\"@id\":\"https:\/\/beep-beep-casino.win\/dk\/bonus\/#breadcrumb\"},\"inLanguage\":\"da-DK\",\"potentialAction\":[{\"@type\":\"ReadAction\",\"target\":[\"https:\/\/beep-beep-casino.win\/dk\/bonus\/\"]}]},{\"@type\":\"BreadcrumbList\",\"@id\":\"https:\/\/beep-beep-casino.win\/dk\/bonus\/#breadcrumb\",\"itemListElement\":[{\"@type\":\"ListItem\",\"position\":1,\"name\":\"\u0413\u043b\u0430\u0432\u043d\u0430\u044f \u0441\u0442\u0440\u0430\u043d\u0438\u0446\u0430\",\"item\":\"https:\/\/beep-beep-casino.win\/dk\/\"},{\"@type\":\"ListItem\",\"position\":2,\"name\":\"Bonusser\"}]},{\"@type\":\"WebSite\",\"@id\":\"https:\/\/beep-beep-casino.win\/dk\/#website\",\"url\":\"https:\/\/beep-beep-casino.win\/dk\/\",\"name\":\"Beep Beep Casino dk\",\"description\":\"\",\"potentialAction\":[{\"@type\":\"SearchAction\",\"target\":{\"@type\":\"EntryPoint\",\"urlTemplate\":\"https:\/\/beep-beep-casino.win\/dk\/?s={search_term_string}\"},\"query-input\":{\"@type\":\"PropertyValueSpecification\",\"valueRequired\":true,\"valueName\":\"search_term_string\"}}],\"inLanguage\":\"da-DK\"}]}<\/script>\n<!-- \/ Yoast SEO plugin. -->","yoast_head_json":{"title":"Beep Beep Casino Bonus: f\u00e5 bonussen og begynd at vinde!","description":"Leder du efter de bedste bonusser? Beep Beep Casino tilbyder gener\u00f8se velkomstbonusser, gratis spins og unikke kampagner til sine spillere. F\u00e5 din bonus nu","robots":{"index":"index","follow":"follow","max-snippet":"max-snippet:-1","max-image-preview":"max-image-preview:large","max-video-preview":"max-video-preview:-1"},"og_locale":"da_DK","og_type":"article","og_title":"Beep Beep Casino Bonus: f\u00e5 bonussen og begynd at vinde!","og_description":"Leder du efter de bedste bonusser? Beep Beep Casino tilbyder gener\u00f8se velkomstbonusser, gratis spins og unikke kampagner til sine spillere. F\u00e5 din bonus nu","og_url":"https:\/\/beep-beep-casino.win\/dk\/bonus\/","og_site_name":"Beep Beep Casino dk","article_modified_time":"2025-02-17T10:13:55+00:00","twitter_card":"summary_large_image","schema":{"@context":"https:\/\/schema.org","@graph":[{"@type":"WebPage","@id":"https:\/\/beep-beep-casino.win\/dk\/bonus\/","url":"https:\/\/beep-beep-casino.win\/dk\/bonus\/","name":"Beep Beep Casino Bonus: f\u00e5 bonussen og begynd at vinde!","isPartOf":{"@id":"https:\/\/beep-beep-casino.win\/dk\/#website"},"datePublished":"2023-05-18T17:39:43+00:00","dateModified":"2025-02-17T10:13:55+00:00","description":"Leder du efter de bedste bonusser? Beep Beep Casino tilbyder gener\u00f8se velkomstbonusser, gratis spins og unikke kampagner til sine spillere. F\u00e5 din bonus nu","breadcrumb":{"@id":"https:\/\/beep-beep-casino.win\/dk\/bonus\/#breadcrumb"},"inLanguage":"da-DK","potentialAction":[{"@type":"ReadAction","target":["https:\/\/beep-beep-casino.win\/dk\/bonus\/"]}]},{"@type":"BreadcrumbList","@id":"https:\/\/beep-beep-casino.win\/dk\/bonus\/#breadcrumb","itemListElement":[{"@type":"ListItem","position":1,"name":"\u0413\u043b\u0430\u0432\u043d\u0430\u044f \u0441\u0442\u0440\u0430\u043d\u0438\u0446\u0430","item":"https:\/\/beep-beep-casino.win\/dk\/"},{"@type":"ListItem","position":2,"name":"Bonusser"}]},{"@type":"WebSite","@id":"https:\/\/beep-beep-casino.win\/dk\/#website","url":"https:\/\/beep-beep-casino.win\/dk\/","name":"Beep Beep Casino dk","description":"","potentialAction":[{"@type":"SearchAction","target":{"@type":"EntryPoint","urlTemplate":"https:\/\/beep-beep-casino.win\/dk\/?s={search_term_string}"},"query-input":{"@type":"PropertyValueSpecification","valueRequired":true,"valueName":"search_term_string"}}],"inLanguage":"da-DK"}]}},"_links":{"self":[{"href":"https:\/\/beep-beep-casino.win\/dk\/wp-json\/wp\/v2\/pages\/152","targetHints":{"allow":["GET"]}}],"collection":[{"href":"https:\/\/beep-beep-casino.win\/dk\/wp-json\/wp\/v2\/pages"}],"about":[{"href":"https:\/\/beep-beep-casino.win\/dk\/wp-json\/wp\/v2\/types\/page"}],"author":[{"embeddable":true,"href":"https:\/\/beep-beep-casino.win\/dk\/wp-json\/wp\/v2\/users\/1"}],"replies":[{"embeddable":true,"href":"https:\/\/beep-beep-casino.win\/dk\/wp-json\/wp\/v2\/comments?post=152"}],"version-history":[{"count":10,"href":"https:\/\/beep-beep-casino.win\/dk\/wp-json\/wp\/v2\/pages\/152\/revisions"}],"predecessor-version":[{"id":291,"href":"https:\/\/beep-beep-casino.win\/dk\/wp-json\/wp\/v2\/pages\/152\/revisions\/291"}],"wp:attachment":[{"href":"https:\/\/beep-beep-casino.win\/dk\/wp-json\/wp\/v2\/media?parent=152"}],"curies":[{"name":"wp","href":"https:\/\/api.w.org\/{rel}","templated":true}]}}