{"id":220,"date":"2024-12-13T09:39:25","date_gmt":"2024-12-13T09:39:25","guid":{"rendered":"https:\/\/beep-beep-casino.win\/cz\/?page_id=220"},"modified":"2025-11-03T01:42:55","modified_gmt":"2025-11-03T01:42:55","slug":"reviews","status":"publish","type":"page","link":"https:\/\/beep-beep-casino.win\/cz\/reviews\/","title":{"rendered":"Ohlasy"},"content":{"rendered":"","protected":false},"excerpt":{"rendered":"","protected":false},"author":1,"featured_media":0,"parent":0,"menu_order":0,"comment_status":"closed","ping_status":"closed","template":"","meta":{"footnotes":""},"class_list":["post-220","page","type-page","status-publish","hentry"],"yoast_head":"<!-- This site is optimized with the Yoast SEO plugin v23.8 - https:\/\/yoast.com\/wordpress\/plugins\/seo\/ -->\n<title>Beep Beep Casino recenze &gt; Va\u0161e vstupenka do sv\u011bta v\u00fdher!<\/title>\n<meta name=\"description\" content=\"Pono\u0159te se do atmosf\u00e9ry kasina Beep Beep: \u0161t\u011bdr\u00e9 bonusy, bleskov\u00e9 v\u00fdplaty a vzru\u0161uj\u00edc\u00ed hry. Recenze, tajemstv\u00ed \u00fasp\u011bchu a nejlep\u0161\u00ed nab\u00eddky!\" \/>\n<meta name=\"robots\" content=\"index, follow, max-snippet:-1, max-image-preview:large, max-video-preview:-1\" \/>\n<meta property=\"og:locale\" content=\"cs_CZ\" \/>\n<meta property=\"og:type\" content=\"article\" \/>\n<meta property=\"og:title\" content=\"Beep Beep Casino recenze &gt; Va\u0161e vstupenka do sv\u011bta v\u00fdher!\" \/>\n<meta property=\"og:description\" content=\"Pono\u0159te se do atmosf\u00e9ry kasina Beep Beep: \u0161t\u011bdr\u00e9 bonusy, bleskov\u00e9 v\u00fdplaty a vzru\u0161uj\u00edc\u00ed hry. Recenze, tajemstv\u00ed \u00fasp\u011bchu a nejlep\u0161\u00ed nab\u00eddky!\" \/>\n<meta property=\"og:url\" content=\"https:\/\/beep-beep-casino.win\/cz\/reviews\/\" \/>\n<meta property=\"og:site_name\" content=\"Beep Beep Casino cz\" \/>\n<meta property=\"article:modified_time\" content=\"2025-11-03T01:42:55+00:00\" \/>\n<meta name=\"twitter:card\" content=\"summary_large_image\" \/>\n<script type=\"application\/ld+json\" class=\"yoast-schema-graph\">{\"@context\":\"https:\/\/schema.org\",\"@graph\":[{\"@type\":\"WebPage\",\"@id\":\"https:\/\/beep-beep-casino.win\/cz\/reviews\/\",\"url\":\"https:\/\/beep-beep-casino.win\/cz\/reviews\/\",\"name\":\"Beep Beep Casino recenze > Va\u0161e vstupenka do sv\u011bta v\u00fdher!\",\"isPartOf\":{\"@id\":\"https:\/\/beep-beep-casino.win\/cz\/#website\"},\"datePublished\":\"2024-12-13T09:39:25+00:00\",\"dateModified\":\"2025-11-03T01:42:55+00:00\",\"description\":\"Pono\u0159te se do atmosf\u00e9ry kasina Beep Beep: \u0161t\u011bdr\u00e9 bonusy, bleskov\u00e9 v\u00fdplaty a vzru\u0161uj\u00edc\u00ed hry. Recenze, tajemstv\u00ed \u00fasp\u011bchu a nejlep\u0161\u00ed nab\u00eddky!\",\"breadcrumb\":{\"@id\":\"https:\/\/beep-beep-casino.win\/cz\/reviews\/#breadcrumb\"},\"inLanguage\":\"cs\",\"potentialAction\":[{\"@type\":\"ReadAction\",\"target\":[\"https:\/\/beep-beep-casino.win\/cz\/reviews\/\"]}]},{\"@type\":\"BreadcrumbList\",\"@id\":\"https:\/\/beep-beep-casino.win\/cz\/reviews\/#breadcrumb\",\"itemListElement\":[{\"@type\":\"ListItem\",\"position\":1,\"name\":\"\u0413\u043b\u0430\u0432\u043d\u0430\u044f \u0441\u0442\u0440\u0430\u043d\u0438\u0446\u0430\",\"item\":\"https:\/\/beep-beep-casino.win\/cz\/\"},{\"@type\":\"ListItem\",\"position\":2,\"name\":\"Ohlasy\"}]},{\"@type\":\"WebSite\",\"@id\":\"https:\/\/beep-beep-casino.win\/cz\/#website\",\"url\":\"https:\/\/beep-beep-casino.win\/cz\/\",\"name\":\"Beep Beep Casino cz\",\"description\":\"\",\"potentialAction\":[{\"@type\":\"SearchAction\",\"target\":{\"@type\":\"EntryPoint\",\"urlTemplate\":\"https:\/\/beep-beep-casino.win\/cz\/?s={search_term_string}\"},\"query-input\":{\"@type\":\"PropertyValueSpecification\",\"valueRequired\":true,\"valueName\":\"search_term_string\"}}],\"inLanguage\":\"cs\"}]}<\/script>\n<!-- \/ Yoast SEO plugin. -->","yoast_head_json":{"title":"Beep Beep Casino recenze > Va\u0161e vstupenka do sv\u011bta v\u00fdher!","description":"Pono\u0159te se do atmosf\u00e9ry kasina Beep Beep: \u0161t\u011bdr\u00e9 bonusy, bleskov\u00e9 v\u00fdplaty a vzru\u0161uj\u00edc\u00ed hry. Recenze, tajemstv\u00ed \u00fasp\u011bchu a nejlep\u0161\u00ed nab\u00eddky!","robots":{"index":"index","follow":"follow","max-snippet":"max-snippet:-1","max-image-preview":"max-image-preview:large","max-video-preview":"max-video-preview:-1"},"og_locale":"cs_CZ","og_type":"article","og_title":"Beep Beep Casino recenze > Va\u0161e vstupenka do sv\u011bta v\u00fdher!","og_description":"Pono\u0159te se do atmosf\u00e9ry kasina Beep Beep: \u0161t\u011bdr\u00e9 bonusy, bleskov\u00e9 v\u00fdplaty a vzru\u0161uj\u00edc\u00ed hry. Recenze, tajemstv\u00ed \u00fasp\u011bchu a nejlep\u0161\u00ed nab\u00eddky!","og_url":"https:\/\/beep-beep-casino.win\/cz\/reviews\/","og_site_name":"Beep Beep Casino cz","article_modified_time":"2025-11-03T01:42:55+00:00","twitter_card":"summary_large_image","schema":{"@context":"https:\/\/schema.org","@graph":[{"@type":"WebPage","@id":"https:\/\/beep-beep-casino.win\/cz\/reviews\/","url":"https:\/\/beep-beep-casino.win\/cz\/reviews\/","name":"Beep Beep Casino recenze > Va\u0161e vstupenka do sv\u011bta v\u00fdher!","isPartOf":{"@id":"https:\/\/beep-beep-casino.win\/cz\/#website"},"datePublished":"2024-12-13T09:39:25+00:00","dateModified":"2025-11-03T01:42:55+00:00","description":"Pono\u0159te se do atmosf\u00e9ry kasina Beep Beep: \u0161t\u011bdr\u00e9 bonusy, bleskov\u00e9 v\u00fdplaty a vzru\u0161uj\u00edc\u00ed hry. Recenze, tajemstv\u00ed \u00fasp\u011bchu a nejlep\u0161\u00ed nab\u00eddky!","breadcrumb":{"@id":"https:\/\/beep-beep-casino.win\/cz\/reviews\/#breadcrumb"},"inLanguage":"cs","potentialAction":[{"@type":"ReadAction","target":["https:\/\/beep-beep-casino.win\/cz\/reviews\/"]}]},{"@type":"BreadcrumbList","@id":"https:\/\/beep-beep-casino.win\/cz\/reviews\/#breadcrumb","itemListElement":[{"@type":"ListItem","position":1,"name":"\u0413\u043b\u0430\u0432\u043d\u0430\u044f \u0441\u0442\u0440\u0430\u043d\u0438\u0446\u0430","item":"https:\/\/beep-beep-casino.win\/cz\/"},{"@type":"ListItem","position":2,"name":"Ohlasy"}]},{"@type":"WebSite","@id":"https:\/\/beep-beep-casino.win\/cz\/#website","url":"https:\/\/beep-beep-casino.win\/cz\/","name":"Beep Beep Casino cz","description":"","potentialAction":[{"@type":"SearchAction","target":{"@type":"EntryPoint","urlTemplate":"https:\/\/beep-beep-casino.win\/cz\/?s={search_term_string}"},"query-input":{"@type":"PropertyValueSpecification","valueRequired":true,"valueName":"search_term_string"}}],"inLanguage":"cs"}]}},"_links":{"self":[{"href":"https:\/\/beep-beep-casino.win\/cz\/wp-json\/wp\/v2\/pages\/220","targetHints":{"allow":["GET"]}}],"collection":[{"href":"https:\/\/beep-beep-casino.win\/cz\/wp-json\/wp\/v2\/pages"}],"about":[{"href":"https:\/\/beep-beep-casino.win\/cz\/wp-json\/wp\/v2\/types\/page"}],"author":[{"embeddable":true,"href":"https:\/\/beep-beep-casino.win\/cz\/wp-json\/wp\/v2\/users\/1"}],"replies":[{"embeddable":true,"href":"https:\/\/beep-beep-casino.win\/cz\/wp-json\/wp\/v2\/comments?post=220"}],"version-history":[{"count":9,"href":"https:\/\/beep-beep-casino.win\/cz\/wp-json\/wp\/v2\/pages\/220\/revisions"}],"predecessor-version":[{"id":292,"href":"https:\/\/beep-beep-casino.win\/cz\/wp-json\/wp\/v2\/pages\/220\/revisions\/292"}],"wp:attachment":[{"href":"https:\/\/beep-beep-casino.win\/cz\/wp-json\/wp\/v2\/media?parent=220"}],"curies":[{"name":"wp","href":"https:\/\/api.w.org\/{rel}","templated":true}]}}