{"id":215,"date":"2024-12-13T09:39:40","date_gmt":"2024-12-13T09:39:40","guid":{"rendered":"https:\/\/beep-beep-casino.win\/cz\/?page_id=215"},"modified":"2024-12-19T14:23:41","modified_gmt":"2024-12-19T14:23:41","slug":"promo-code","status":"publish","type":"page","link":"https:\/\/beep-beep-casino.win\/cz\/promo-code\/","title":{"rendered":"Propaga\u010dn\u00ed k\u00f3dy"},"content":{"rendered":"","protected":false},"excerpt":{"rendered":"","protected":false},"author":1,"featured_media":0,"parent":0,"menu_order":0,"comment_status":"closed","ping_status":"closed","template":"","meta":{"footnotes":""},"class_list":["post-215","page","type-page","status-publish","hentry"],"yoast_head":"<!-- This site is optimized with the Yoast SEO plugin v23.8 - https:\/\/yoast.com\/wordpress\/plugins\/seo\/ -->\n<title>Beep Beep Casino Promo k\u00f3d: z\u00edskat jedine\u010dn\u00e9 promo k\u00f3dy<\/title>\n<meta name=\"description\" content=\"Hled\u00e1te promo k\u00f3d pro Beep Beep Casino? Vyu\u017eijte exkluzivn\u00ed nab\u00eddky a aktivujte bonusy pro je\u0161t\u011b v\u011bt\u0161\u00ed vzru\u0161en\u00ed.\" \/>\n<meta name=\"robots\" content=\"index, follow, max-snippet:-1, max-image-preview:large, max-video-preview:-1\" \/>\n<meta property=\"og:locale\" content=\"cs_CZ\" \/>\n<meta property=\"og:type\" content=\"article\" \/>\n<meta property=\"og:title\" content=\"Beep Beep Casino Promo k\u00f3d: z\u00edskat jedine\u010dn\u00e9 promo k\u00f3dy\" \/>\n<meta property=\"og:description\" content=\"Hled\u00e1te promo k\u00f3d pro Beep Beep Casino? Vyu\u017eijte exkluzivn\u00ed nab\u00eddky a aktivujte bonusy pro je\u0161t\u011b v\u011bt\u0161\u00ed vzru\u0161en\u00ed.\" \/>\n<meta property=\"og:url\" content=\"https:\/\/beep-beep-casino.win\/cz\/promo-code\/\" \/>\n<meta property=\"og:site_name\" content=\"Beep Beep Casino cz\" \/>\n<meta property=\"article:modified_time\" content=\"2024-12-19T14:23:41+00:00\" \/>\n<meta name=\"twitter:card\" content=\"summary_large_image\" \/>\n<script type=\"application\/ld+json\" class=\"yoast-schema-graph\">{\"@context\":\"https:\/\/schema.org\",\"@graph\":[{\"@type\":\"WebPage\",\"@id\":\"https:\/\/beep-beep-casino.win\/cz\/promo-code\/\",\"url\":\"https:\/\/beep-beep-casino.win\/cz\/promo-code\/\",\"name\":\"Beep Beep Casino Promo k\u00f3d: z\u00edskat jedine\u010dn\u00e9 promo k\u00f3dy\",\"isPartOf\":{\"@id\":\"https:\/\/beep-beep-casino.win\/cz\/#website\"},\"datePublished\":\"2024-12-13T09:39:40+00:00\",\"dateModified\":\"2024-12-19T14:23:41+00:00\",\"description\":\"Hled\u00e1te promo k\u00f3d pro Beep Beep Casino? Vyu\u017eijte exkluzivn\u00ed nab\u00eddky a aktivujte bonusy pro je\u0161t\u011b v\u011bt\u0161\u00ed vzru\u0161en\u00ed.\",\"breadcrumb\":{\"@id\":\"https:\/\/beep-beep-casino.win\/cz\/promo-code\/#breadcrumb\"},\"inLanguage\":\"cs\",\"potentialAction\":[{\"@type\":\"ReadAction\",\"target\":[\"https:\/\/beep-beep-casino.win\/cz\/promo-code\/\"]}]},{\"@type\":\"BreadcrumbList\",\"@id\":\"https:\/\/beep-beep-casino.win\/cz\/promo-code\/#breadcrumb\",\"itemListElement\":[{\"@type\":\"ListItem\",\"position\":1,\"name\":\"\u0413\u043b\u0430\u0432\u043d\u0430\u044f \u0441\u0442\u0440\u0430\u043d\u0438\u0446\u0430\",\"item\":\"https:\/\/beep-beep-casino.win\/cz\/\"},{\"@type\":\"ListItem\",\"position\":2,\"name\":\"Propaga\u010dn\u00ed k\u00f3dy\"}]},{\"@type\":\"WebSite\",\"@id\":\"https:\/\/beep-beep-casino.win\/cz\/#website\",\"url\":\"https:\/\/beep-beep-casino.win\/cz\/\",\"name\":\"Beep Beep Casino cz\",\"description\":\"\",\"potentialAction\":[{\"@type\":\"SearchAction\",\"target\":{\"@type\":\"EntryPoint\",\"urlTemplate\":\"https:\/\/beep-beep-casino.win\/cz\/?s={search_term_string}\"},\"query-input\":{\"@type\":\"PropertyValueSpecification\",\"valueRequired\":true,\"valueName\":\"search_term_string\"}}],\"inLanguage\":\"cs\"}]}<\/script>\n<!-- \/ Yoast SEO plugin. -->","yoast_head_json":{"title":"Beep Beep Casino Promo k\u00f3d: z\u00edskat jedine\u010dn\u00e9 promo k\u00f3dy","description":"Hled\u00e1te promo k\u00f3d pro Beep Beep Casino? Vyu\u017eijte exkluzivn\u00ed nab\u00eddky a aktivujte bonusy pro je\u0161t\u011b v\u011bt\u0161\u00ed vzru\u0161en\u00ed.","robots":{"index":"index","follow":"follow","max-snippet":"max-snippet:-1","max-image-preview":"max-image-preview:large","max-video-preview":"max-video-preview:-1"},"og_locale":"cs_CZ","og_type":"article","og_title":"Beep Beep Casino Promo k\u00f3d: z\u00edskat jedine\u010dn\u00e9 promo k\u00f3dy","og_description":"Hled\u00e1te promo k\u00f3d pro Beep Beep Casino? Vyu\u017eijte exkluzivn\u00ed nab\u00eddky a aktivujte bonusy pro je\u0161t\u011b v\u011bt\u0161\u00ed vzru\u0161en\u00ed.","og_url":"https:\/\/beep-beep-casino.win\/cz\/promo-code\/","og_site_name":"Beep Beep Casino cz","article_modified_time":"2024-12-19T14:23:41+00:00","twitter_card":"summary_large_image","schema":{"@context":"https:\/\/schema.org","@graph":[{"@type":"WebPage","@id":"https:\/\/beep-beep-casino.win\/cz\/promo-code\/","url":"https:\/\/beep-beep-casino.win\/cz\/promo-code\/","name":"Beep Beep Casino Promo k\u00f3d: z\u00edskat jedine\u010dn\u00e9 promo k\u00f3dy","isPartOf":{"@id":"https:\/\/beep-beep-casino.win\/cz\/#website"},"datePublished":"2024-12-13T09:39:40+00:00","dateModified":"2024-12-19T14:23:41+00:00","description":"Hled\u00e1te promo k\u00f3d pro Beep Beep Casino? Vyu\u017eijte exkluzivn\u00ed nab\u00eddky a aktivujte bonusy pro je\u0161t\u011b v\u011bt\u0161\u00ed vzru\u0161en\u00ed.","breadcrumb":{"@id":"https:\/\/beep-beep-casino.win\/cz\/promo-code\/#breadcrumb"},"inLanguage":"cs","potentialAction":[{"@type":"ReadAction","target":["https:\/\/beep-beep-casino.win\/cz\/promo-code\/"]}]},{"@type":"BreadcrumbList","@id":"https:\/\/beep-beep-casino.win\/cz\/promo-code\/#breadcrumb","itemListElement":[{"@type":"ListItem","position":1,"name":"\u0413\u043b\u0430\u0432\u043d\u0430\u044f \u0441\u0442\u0440\u0430\u043d\u0438\u0446\u0430","item":"https:\/\/beep-beep-casino.win\/cz\/"},{"@type":"ListItem","position":2,"name":"Propaga\u010dn\u00ed k\u00f3dy"}]},{"@type":"WebSite","@id":"https:\/\/beep-beep-casino.win\/cz\/#website","url":"https:\/\/beep-beep-casino.win\/cz\/","name":"Beep Beep Casino cz","description":"","potentialAction":[{"@type":"SearchAction","target":{"@type":"EntryPoint","urlTemplate":"https:\/\/beep-beep-casino.win\/cz\/?s={search_term_string}"},"query-input":{"@type":"PropertyValueSpecification","valueRequired":true,"valueName":"search_term_string"}}],"inLanguage":"cs"}]}},"_links":{"self":[{"href":"https:\/\/beep-beep-casino.win\/cz\/wp-json\/wp\/v2\/pages\/215","targetHints":{"allow":["GET"]}}],"collection":[{"href":"https:\/\/beep-beep-casino.win\/cz\/wp-json\/wp\/v2\/pages"}],"about":[{"href":"https:\/\/beep-beep-casino.win\/cz\/wp-json\/wp\/v2\/types\/page"}],"author":[{"embeddable":true,"href":"https:\/\/beep-beep-casino.win\/cz\/wp-json\/wp\/v2\/users\/1"}],"replies":[{"embeddable":true,"href":"https:\/\/beep-beep-casino.win\/cz\/wp-json\/wp\/v2\/comments?post=215"}],"version-history":[{"count":11,"href":"https:\/\/beep-beep-casino.win\/cz\/wp-json\/wp\/v2\/pages\/215\/revisions"}],"predecessor-version":[{"id":289,"href":"https:\/\/beep-beep-casino.win\/cz\/wp-json\/wp\/v2\/pages\/215\/revisions\/289"}],"wp:attachment":[{"href":"https:\/\/beep-beep-casino.win\/cz\/wp-json\/wp\/v2\/media?parent=215"}],"curies":[{"name":"wp","href":"https:\/\/api.w.org\/{rel}","templated":true}]}}