{"id":212,"date":"2024-12-13T09:38:15","date_gmt":"2024-12-13T09:38:15","guid":{"rendered":"https:\/\/beep-beep-casino.win\/cz\/?page_id=212"},"modified":"2024-12-19T14:25:38","modified_gmt":"2024-12-19T14:25:38","slug":"app","status":"publish","type":"page","link":"https:\/\/beep-beep-casino.win\/cz\/app\/","title":{"rendered":"Aplikace"},"content":{"rendered":"","protected":false},"excerpt":{"rendered":"","protected":false},"author":1,"featured_media":0,"parent":0,"menu_order":0,"comment_status":"closed","ping_status":"closed","template":"","meta":{"footnotes":""},"class_list":["post-212","page","type-page","status-publish","hentry"],"yoast_head":"<!-- This site is optimized with the Yoast SEO plugin v23.8 - https:\/\/yoast.com\/wordpress\/plugins\/seo\/ -->\n<title>Beep Beep Casino App &gt; mobiln\u00ed aplikace pro online hry<\/title>\n<meta name=\"description\" content=\"Hrajte Beep Beep Casino kdekoli s na\u0161\u00ed mobiln\u00ed aplikac\u00ed! Nejlep\u0161\u00ed sloty, rychl\u00e9 v\u00fdplaty a jedine\u010dn\u00e9 bonusy m\u00e1te nyn\u00ed v\u017edy na dosah ruky.\" \/>\n<meta name=\"robots\" content=\"index, follow, max-snippet:-1, max-image-preview:large, max-video-preview:-1\" \/>\n<meta property=\"og:locale\" content=\"cs_CZ\" \/>\n<meta property=\"og:type\" content=\"article\" \/>\n<meta property=\"og:title\" content=\"Beep Beep Casino App &gt; mobiln\u00ed aplikace pro online hry\" \/>\n<meta property=\"og:description\" content=\"Hrajte Beep Beep Casino kdekoli s na\u0161\u00ed mobiln\u00ed aplikac\u00ed! Nejlep\u0161\u00ed sloty, rychl\u00e9 v\u00fdplaty a jedine\u010dn\u00e9 bonusy m\u00e1te nyn\u00ed v\u017edy na dosah ruky.\" \/>\n<meta property=\"og:url\" content=\"https:\/\/beep-beep-casino.win\/cz\/app\/\" \/>\n<meta property=\"og:site_name\" content=\"Beep Beep Casino cz\" \/>\n<meta property=\"article:modified_time\" content=\"2024-12-19T14:25:38+00:00\" \/>\n<meta name=\"twitter:card\" content=\"summary_large_image\" \/>\n<script type=\"application\/ld+json\" class=\"yoast-schema-graph\">{\"@context\":\"https:\/\/schema.org\",\"@graph\":[{\"@type\":\"WebPage\",\"@id\":\"https:\/\/beep-beep-casino.win\/cz\/app\/\",\"url\":\"https:\/\/beep-beep-casino.win\/cz\/app\/\",\"name\":\"Beep Beep Casino App > mobiln\u00ed aplikace pro online hry\",\"isPartOf\":{\"@id\":\"https:\/\/beep-beep-casino.win\/cz\/#website\"},\"datePublished\":\"2024-12-13T09:38:15+00:00\",\"dateModified\":\"2024-12-19T14:25:38+00:00\",\"description\":\"Hrajte Beep Beep Casino kdekoli s na\u0161\u00ed mobiln\u00ed aplikac\u00ed! Nejlep\u0161\u00ed sloty, rychl\u00e9 v\u00fdplaty a jedine\u010dn\u00e9 bonusy m\u00e1te nyn\u00ed v\u017edy na dosah ruky.\",\"breadcrumb\":{\"@id\":\"https:\/\/beep-beep-casino.win\/cz\/app\/#breadcrumb\"},\"inLanguage\":\"cs\",\"potentialAction\":[{\"@type\":\"ReadAction\",\"target\":[\"https:\/\/beep-beep-casino.win\/cz\/app\/\"]}]},{\"@type\":\"BreadcrumbList\",\"@id\":\"https:\/\/beep-beep-casino.win\/cz\/app\/#breadcrumb\",\"itemListElement\":[{\"@type\":\"ListItem\",\"position\":1,\"name\":\"\u0413\u043b\u0430\u0432\u043d\u0430\u044f \u0441\u0442\u0440\u0430\u043d\u0438\u0446\u0430\",\"item\":\"https:\/\/beep-beep-casino.win\/cz\/\"},{\"@type\":\"ListItem\",\"position\":2,\"name\":\"Aplikace\"}]},{\"@type\":\"WebSite\",\"@id\":\"https:\/\/beep-beep-casino.win\/cz\/#website\",\"url\":\"https:\/\/beep-beep-casino.win\/cz\/\",\"name\":\"Beep Beep Casino cz\",\"description\":\"\",\"potentialAction\":[{\"@type\":\"SearchAction\",\"target\":{\"@type\":\"EntryPoint\",\"urlTemplate\":\"https:\/\/beep-beep-casino.win\/cz\/?s={search_term_string}\"},\"query-input\":{\"@type\":\"PropertyValueSpecification\",\"valueRequired\":true,\"valueName\":\"search_term_string\"}}],\"inLanguage\":\"cs\"}]}<\/script>\n<!-- \/ Yoast SEO plugin. -->","yoast_head_json":{"title":"Beep Beep Casino App > mobiln\u00ed aplikace pro online hry","description":"Hrajte Beep Beep Casino kdekoli s na\u0161\u00ed mobiln\u00ed aplikac\u00ed! Nejlep\u0161\u00ed sloty, rychl\u00e9 v\u00fdplaty a jedine\u010dn\u00e9 bonusy m\u00e1te nyn\u00ed v\u017edy na dosah ruky.","robots":{"index":"index","follow":"follow","max-snippet":"max-snippet:-1","max-image-preview":"max-image-preview:large","max-video-preview":"max-video-preview:-1"},"og_locale":"cs_CZ","og_type":"article","og_title":"Beep Beep Casino App > mobiln\u00ed aplikace pro online hry","og_description":"Hrajte Beep Beep Casino kdekoli s na\u0161\u00ed mobiln\u00ed aplikac\u00ed! Nejlep\u0161\u00ed sloty, rychl\u00e9 v\u00fdplaty a jedine\u010dn\u00e9 bonusy m\u00e1te nyn\u00ed v\u017edy na dosah ruky.","og_url":"https:\/\/beep-beep-casino.win\/cz\/app\/","og_site_name":"Beep Beep Casino cz","article_modified_time":"2024-12-19T14:25:38+00:00","twitter_card":"summary_large_image","schema":{"@context":"https:\/\/schema.org","@graph":[{"@type":"WebPage","@id":"https:\/\/beep-beep-casino.win\/cz\/app\/","url":"https:\/\/beep-beep-casino.win\/cz\/app\/","name":"Beep Beep Casino App > mobiln\u00ed aplikace pro online hry","isPartOf":{"@id":"https:\/\/beep-beep-casino.win\/cz\/#website"},"datePublished":"2024-12-13T09:38:15+00:00","dateModified":"2024-12-19T14:25:38+00:00","description":"Hrajte Beep Beep Casino kdekoli s na\u0161\u00ed mobiln\u00ed aplikac\u00ed! Nejlep\u0161\u00ed sloty, rychl\u00e9 v\u00fdplaty a jedine\u010dn\u00e9 bonusy m\u00e1te nyn\u00ed v\u017edy na dosah ruky.","breadcrumb":{"@id":"https:\/\/beep-beep-casino.win\/cz\/app\/#breadcrumb"},"inLanguage":"cs","potentialAction":[{"@type":"ReadAction","target":["https:\/\/beep-beep-casino.win\/cz\/app\/"]}]},{"@type":"BreadcrumbList","@id":"https:\/\/beep-beep-casino.win\/cz\/app\/#breadcrumb","itemListElement":[{"@type":"ListItem","position":1,"name":"\u0413\u043b\u0430\u0432\u043d\u0430\u044f \u0441\u0442\u0440\u0430\u043d\u0438\u0446\u0430","item":"https:\/\/beep-beep-casino.win\/cz\/"},{"@type":"ListItem","position":2,"name":"Aplikace"}]},{"@type":"WebSite","@id":"https:\/\/beep-beep-casino.win\/cz\/#website","url":"https:\/\/beep-beep-casino.win\/cz\/","name":"Beep Beep Casino cz","description":"","potentialAction":[{"@type":"SearchAction","target":{"@type":"EntryPoint","urlTemplate":"https:\/\/beep-beep-casino.win\/cz\/?s={search_term_string}"},"query-input":{"@type":"PropertyValueSpecification","valueRequired":true,"valueName":"search_term_string"}}],"inLanguage":"cs"}]}},"_links":{"self":[{"href":"https:\/\/beep-beep-casino.win\/cz\/wp-json\/wp\/v2\/pages\/212","targetHints":{"allow":["GET"]}}],"collection":[{"href":"https:\/\/beep-beep-casino.win\/cz\/wp-json\/wp\/v2\/pages"}],"about":[{"href":"https:\/\/beep-beep-casino.win\/cz\/wp-json\/wp\/v2\/types\/page"}],"author":[{"embeddable":true,"href":"https:\/\/beep-beep-casino.win\/cz\/wp-json\/wp\/v2\/users\/1"}],"replies":[{"embeddable":true,"href":"https:\/\/beep-beep-casino.win\/cz\/wp-json\/wp\/v2\/comments?post=212"}],"version-history":[{"count":10,"href":"https:\/\/beep-beep-casino.win\/cz\/wp-json\/wp\/v2\/pages\/212\/revisions"}],"predecessor-version":[{"id":290,"href":"https:\/\/beep-beep-casino.win\/cz\/wp-json\/wp\/v2\/pages\/212\/revisions\/290"}],"wp:attachment":[{"href":"https:\/\/beep-beep-casino.win\/cz\/wp-json\/wp\/v2\/media?parent=212"}],"curies":[{"name":"wp","href":"https:\/\/api.w.org\/{rel}","templated":true}]}}