{"id":203,"date":"2024-12-13T09:38:38","date_gmt":"2024-12-13T09:38:38","guid":{"rendered":"https:\/\/beep-beep-casino.win\/cz\/?page_id=203"},"modified":"2024-12-19T13:46:14","modified_gmt":"2024-12-19T13:46:14","slug":"login","status":"publish","type":"page","link":"https:\/\/beep-beep-casino.win\/cz\/login\/","title":{"rendered":"P\u0159ihl\u00e1\u0161en\u00ed"},"content":{"rendered":"","protected":false},"excerpt":{"rendered":"","protected":false},"author":1,"featured_media":0,"parent":0,"menu_order":0,"comment_status":"closed","ping_status":"closed","template":"","meta":{"footnotes":""},"class_list":["post-203","page","type-page","status-publish","hentry"],"yoast_head":"<!-- This site is optimized with the Yoast SEO plugin v23.8 - https:\/\/yoast.com\/wordpress\/plugins\/seo\/ -->\n<title>Beep Beep Casino: P\u0159ihlaste se ke sv\u00e9mu osobn\u00edmu \u00fa\u010dtu \ud83c\udfb0<\/title>\n<meta name=\"description\" content=\"P\u0159ihlaste se ke sv\u00e9mu \u00fa\u010dtu v Beep Beep Casino a u\u017eijte si hran\u00ed! Rychl\u00fd p\u0159\u00edstup k va\u0161im obl\u00edben\u00fdm hr\u00e1m, bonus\u016fm a okam\u017eit\u00fdm v\u00fdplat\u00e1m.\" \/>\n<meta name=\"robots\" content=\"index, follow, max-snippet:-1, max-image-preview:large, max-video-preview:-1\" \/>\n<meta property=\"og:locale\" content=\"cs_CZ\" \/>\n<meta property=\"og:type\" content=\"article\" \/>\n<meta property=\"og:title\" content=\"Beep Beep Casino: P\u0159ihlaste se ke sv\u00e9mu osobn\u00edmu \u00fa\u010dtu \ud83c\udfb0\" \/>\n<meta property=\"og:description\" content=\"P\u0159ihlaste se ke sv\u00e9mu \u00fa\u010dtu v Beep Beep Casino a u\u017eijte si hran\u00ed! Rychl\u00fd p\u0159\u00edstup k va\u0161im obl\u00edben\u00fdm hr\u00e1m, bonus\u016fm a okam\u017eit\u00fdm v\u00fdplat\u00e1m.\" \/>\n<meta property=\"og:url\" content=\"https:\/\/beep-beep-casino.win\/cz\/login\/\" \/>\n<meta property=\"og:site_name\" content=\"Beep Beep Casino cz\" \/>\n<meta property=\"article:modified_time\" content=\"2024-12-19T13:46:14+00:00\" \/>\n<meta name=\"twitter:card\" content=\"summary_large_image\" \/>\n<script type=\"application\/ld+json\" class=\"yoast-schema-graph\">{\"@context\":\"https:\/\/schema.org\",\"@graph\":[{\"@type\":\"WebPage\",\"@id\":\"https:\/\/beep-beep-casino.win\/cz\/login\/\",\"url\":\"https:\/\/beep-beep-casino.win\/cz\/login\/\",\"name\":\"Beep Beep Casino: P\u0159ihlaste se ke sv\u00e9mu osobn\u00edmu \u00fa\u010dtu \ud83c\udfb0\",\"isPartOf\":{\"@id\":\"https:\/\/beep-beep-casino.win\/cz\/#website\"},\"datePublished\":\"2024-12-13T09:38:38+00:00\",\"dateModified\":\"2024-12-19T13:46:14+00:00\",\"description\":\"P\u0159ihlaste se ke sv\u00e9mu \u00fa\u010dtu v Beep Beep Casino a u\u017eijte si hran\u00ed! Rychl\u00fd p\u0159\u00edstup k va\u0161im obl\u00edben\u00fdm hr\u00e1m, bonus\u016fm a okam\u017eit\u00fdm v\u00fdplat\u00e1m.\",\"breadcrumb\":{\"@id\":\"https:\/\/beep-beep-casino.win\/cz\/login\/#breadcrumb\"},\"inLanguage\":\"cs\",\"potentialAction\":[{\"@type\":\"ReadAction\",\"target\":[\"https:\/\/beep-beep-casino.win\/cz\/login\/\"]}]},{\"@type\":\"BreadcrumbList\",\"@id\":\"https:\/\/beep-beep-casino.win\/cz\/login\/#breadcrumb\",\"itemListElement\":[{\"@type\":\"ListItem\",\"position\":1,\"name\":\"\u0413\u043b\u0430\u0432\u043d\u0430\u044f \u0441\u0442\u0440\u0430\u043d\u0438\u0446\u0430\",\"item\":\"https:\/\/beep-beep-casino.win\/cz\/\"},{\"@type\":\"ListItem\",\"position\":2,\"name\":\"P\u0159ihl\u00e1\u0161en\u00ed\"}]},{\"@type\":\"WebSite\",\"@id\":\"https:\/\/beep-beep-casino.win\/cz\/#website\",\"url\":\"https:\/\/beep-beep-casino.win\/cz\/\",\"name\":\"Beep Beep Casino cz\",\"description\":\"\",\"potentialAction\":[{\"@type\":\"SearchAction\",\"target\":{\"@type\":\"EntryPoint\",\"urlTemplate\":\"https:\/\/beep-beep-casino.win\/cz\/?s={search_term_string}\"},\"query-input\":{\"@type\":\"PropertyValueSpecification\",\"valueRequired\":true,\"valueName\":\"search_term_string\"}}],\"inLanguage\":\"cs\"}]}<\/script>\n<!-- \/ Yoast SEO plugin. -->","yoast_head_json":{"title":"Beep Beep Casino: P\u0159ihlaste se ke sv\u00e9mu osobn\u00edmu \u00fa\u010dtu \ud83c\udfb0","description":"P\u0159ihlaste se ke sv\u00e9mu \u00fa\u010dtu v Beep Beep Casino a u\u017eijte si hran\u00ed! Rychl\u00fd p\u0159\u00edstup k va\u0161im obl\u00edben\u00fdm hr\u00e1m, bonus\u016fm a okam\u017eit\u00fdm v\u00fdplat\u00e1m.","robots":{"index":"index","follow":"follow","max-snippet":"max-snippet:-1","max-image-preview":"max-image-preview:large","max-video-preview":"max-video-preview:-1"},"og_locale":"cs_CZ","og_type":"article","og_title":"Beep Beep Casino: P\u0159ihlaste se ke sv\u00e9mu osobn\u00edmu \u00fa\u010dtu \ud83c\udfb0","og_description":"P\u0159ihlaste se ke sv\u00e9mu \u00fa\u010dtu v Beep Beep Casino a u\u017eijte si hran\u00ed! Rychl\u00fd p\u0159\u00edstup k va\u0161im obl\u00edben\u00fdm hr\u00e1m, bonus\u016fm a okam\u017eit\u00fdm v\u00fdplat\u00e1m.","og_url":"https:\/\/beep-beep-casino.win\/cz\/login\/","og_site_name":"Beep Beep Casino cz","article_modified_time":"2024-12-19T13:46:14+00:00","twitter_card":"summary_large_image","schema":{"@context":"https:\/\/schema.org","@graph":[{"@type":"WebPage","@id":"https:\/\/beep-beep-casino.win\/cz\/login\/","url":"https:\/\/beep-beep-casino.win\/cz\/login\/","name":"Beep Beep Casino: P\u0159ihlaste se ke sv\u00e9mu osobn\u00edmu \u00fa\u010dtu \ud83c\udfb0","isPartOf":{"@id":"https:\/\/beep-beep-casino.win\/cz\/#website"},"datePublished":"2024-12-13T09:38:38+00:00","dateModified":"2024-12-19T13:46:14+00:00","description":"P\u0159ihlaste se ke sv\u00e9mu \u00fa\u010dtu v Beep Beep Casino a u\u017eijte si hran\u00ed! Rychl\u00fd p\u0159\u00edstup k va\u0161im obl\u00edben\u00fdm hr\u00e1m, bonus\u016fm a okam\u017eit\u00fdm v\u00fdplat\u00e1m.","breadcrumb":{"@id":"https:\/\/beep-beep-casino.win\/cz\/login\/#breadcrumb"},"inLanguage":"cs","potentialAction":[{"@type":"ReadAction","target":["https:\/\/beep-beep-casino.win\/cz\/login\/"]}]},{"@type":"BreadcrumbList","@id":"https:\/\/beep-beep-casino.win\/cz\/login\/#breadcrumb","itemListElement":[{"@type":"ListItem","position":1,"name":"\u0413\u043b\u0430\u0432\u043d\u0430\u044f \u0441\u0442\u0440\u0430\u043d\u0438\u0446\u0430","item":"https:\/\/beep-beep-casino.win\/cz\/"},{"@type":"ListItem","position":2,"name":"P\u0159ihl\u00e1\u0161en\u00ed"}]},{"@type":"WebSite","@id":"https:\/\/beep-beep-casino.win\/cz\/#website","url":"https:\/\/beep-beep-casino.win\/cz\/","name":"Beep Beep Casino cz","description":"","potentialAction":[{"@type":"SearchAction","target":{"@type":"EntryPoint","urlTemplate":"https:\/\/beep-beep-casino.win\/cz\/?s={search_term_string}"},"query-input":{"@type":"PropertyValueSpecification","valueRequired":true,"valueName":"search_term_string"}}],"inLanguage":"cs"}]}},"_links":{"self":[{"href":"https:\/\/beep-beep-casino.win\/cz\/wp-json\/wp\/v2\/pages\/203","targetHints":{"allow":["GET"]}}],"collection":[{"href":"https:\/\/beep-beep-casino.win\/cz\/wp-json\/wp\/v2\/pages"}],"about":[{"href":"https:\/\/beep-beep-casino.win\/cz\/wp-json\/wp\/v2\/types\/page"}],"author":[{"embeddable":true,"href":"https:\/\/beep-beep-casino.win\/cz\/wp-json\/wp\/v2\/users\/1"}],"replies":[{"embeddable":true,"href":"https:\/\/beep-beep-casino.win\/cz\/wp-json\/wp\/v2\/comments?post=203"}],"version-history":[{"count":7,"href":"https:\/\/beep-beep-casino.win\/cz\/wp-json\/wp\/v2\/pages\/203\/revisions"}],"predecessor-version":[{"id":283,"href":"https:\/\/beep-beep-casino.win\/cz\/wp-json\/wp\/v2\/pages\/203\/revisions\/283"}],"wp:attachment":[{"href":"https:\/\/beep-beep-casino.win\/cz\/wp-json\/wp\/v2\/media?parent=203"}],"curies":[{"name":"wp","href":"https:\/\/api.w.org\/{rel}","templated":true}]}}