{"id":197,"date":"2024-12-13T09:40:00","date_gmt":"2024-12-13T09:40:00","guid":{"rendered":"https:\/\/beep-beep-casino.win\/cz\/?page_id=197"},"modified":"2024-12-19T14:21:59","modified_gmt":"2024-12-19T14:21:59","slug":"registration","status":"publish","type":"page","link":"https:\/\/beep-beep-casino.win\/cz\/registration\/","title":{"rendered":"Registrace"},"content":{"rendered":"","protected":false},"excerpt":{"rendered":"","protected":false},"author":1,"featured_media":0,"parent":0,"menu_order":0,"comment_status":"closed","ping_status":"closed","template":"","meta":{"footnotes":""},"class_list":["post-197","page","type-page","status-publish","hentry"],"yoast_head":"<!-- This site is optimized with the Yoast SEO plugin v23.8 - https:\/\/yoast.com\/wordpress\/plugins\/seo\/ -->\n<title>Registrace do kasina Beep Beep &gt; hlavn\u00ed pravidla a pokyny<\/title>\n<meta name=\"description\" content=\"P\u0159e\u010dt\u011bte si, jak se rychle zaregistrovat v Beep Beep Casino a za\u010d\u00edt hr\u00e1t a vyhr\u00e1vat!\" \/>\n<meta name=\"robots\" content=\"index, follow, max-snippet:-1, max-image-preview:large, max-video-preview:-1\" \/>\n<meta property=\"og:locale\" content=\"cs_CZ\" \/>\n<meta property=\"og:type\" content=\"article\" \/>\n<meta property=\"og:title\" content=\"Registrace do kasina Beep Beep &gt; hlavn\u00ed pravidla a pokyny\" \/>\n<meta property=\"og:description\" content=\"P\u0159e\u010dt\u011bte si, jak se rychle zaregistrovat v Beep Beep Casino a za\u010d\u00edt hr\u00e1t a vyhr\u00e1vat!\" \/>\n<meta property=\"og:url\" content=\"https:\/\/beep-beep-casino.win\/cz\/registration\/\" \/>\n<meta property=\"og:site_name\" content=\"Beep Beep Casino cz\" \/>\n<meta property=\"article:modified_time\" content=\"2024-12-19T14:21:59+00:00\" \/>\n<meta name=\"twitter:card\" content=\"summary_large_image\" \/>\n<script type=\"application\/ld+json\" class=\"yoast-schema-graph\">{\"@context\":\"https:\/\/schema.org\",\"@graph\":[{\"@type\":\"WebPage\",\"@id\":\"https:\/\/beep-beep-casino.win\/cz\/registration\/\",\"url\":\"https:\/\/beep-beep-casino.win\/cz\/registration\/\",\"name\":\"Registrace do kasina Beep Beep > hlavn\u00ed pravidla a pokyny\",\"isPartOf\":{\"@id\":\"https:\/\/beep-beep-casino.win\/cz\/#website\"},\"datePublished\":\"2024-12-13T09:40:00+00:00\",\"dateModified\":\"2024-12-19T14:21:59+00:00\",\"description\":\"P\u0159e\u010dt\u011bte si, jak se rychle zaregistrovat v Beep Beep Casino a za\u010d\u00edt hr\u00e1t a vyhr\u00e1vat!\",\"breadcrumb\":{\"@id\":\"https:\/\/beep-beep-casino.win\/cz\/registration\/#breadcrumb\"},\"inLanguage\":\"cs\",\"potentialAction\":[{\"@type\":\"ReadAction\",\"target\":[\"https:\/\/beep-beep-casino.win\/cz\/registration\/\"]}]},{\"@type\":\"BreadcrumbList\",\"@id\":\"https:\/\/beep-beep-casino.win\/cz\/registration\/#breadcrumb\",\"itemListElement\":[{\"@type\":\"ListItem\",\"position\":1,\"name\":\"\u0413\u043b\u0430\u0432\u043d\u0430\u044f \u0441\u0442\u0440\u0430\u043d\u0438\u0446\u0430\",\"item\":\"https:\/\/beep-beep-casino.win\/cz\/\"},{\"@type\":\"ListItem\",\"position\":2,\"name\":\"Registrace\"}]},{\"@type\":\"WebSite\",\"@id\":\"https:\/\/beep-beep-casino.win\/cz\/#website\",\"url\":\"https:\/\/beep-beep-casino.win\/cz\/\",\"name\":\"Beep Beep Casino cz\",\"description\":\"\",\"potentialAction\":[{\"@type\":\"SearchAction\",\"target\":{\"@type\":\"EntryPoint\",\"urlTemplate\":\"https:\/\/beep-beep-casino.win\/cz\/?s={search_term_string}\"},\"query-input\":{\"@type\":\"PropertyValueSpecification\",\"valueRequired\":true,\"valueName\":\"search_term_string\"}}],\"inLanguage\":\"cs\"}]}<\/script>\n<!-- \/ Yoast SEO plugin. -->","yoast_head_json":{"title":"Registrace do kasina Beep Beep > hlavn\u00ed pravidla a pokyny","description":"P\u0159e\u010dt\u011bte si, jak se rychle zaregistrovat v Beep Beep Casino a za\u010d\u00edt hr\u00e1t a vyhr\u00e1vat!","robots":{"index":"index","follow":"follow","max-snippet":"max-snippet:-1","max-image-preview":"max-image-preview:large","max-video-preview":"max-video-preview:-1"},"og_locale":"cs_CZ","og_type":"article","og_title":"Registrace do kasina Beep Beep > hlavn\u00ed pravidla a pokyny","og_description":"P\u0159e\u010dt\u011bte si, jak se rychle zaregistrovat v Beep Beep Casino a za\u010d\u00edt hr\u00e1t a vyhr\u00e1vat!","og_url":"https:\/\/beep-beep-casino.win\/cz\/registration\/","og_site_name":"Beep Beep Casino cz","article_modified_time":"2024-12-19T14:21:59+00:00","twitter_card":"summary_large_image","schema":{"@context":"https:\/\/schema.org","@graph":[{"@type":"WebPage","@id":"https:\/\/beep-beep-casino.win\/cz\/registration\/","url":"https:\/\/beep-beep-casino.win\/cz\/registration\/","name":"Registrace do kasina Beep Beep > hlavn\u00ed pravidla a pokyny","isPartOf":{"@id":"https:\/\/beep-beep-casino.win\/cz\/#website"},"datePublished":"2024-12-13T09:40:00+00:00","dateModified":"2024-12-19T14:21:59+00:00","description":"P\u0159e\u010dt\u011bte si, jak se rychle zaregistrovat v Beep Beep Casino a za\u010d\u00edt hr\u00e1t a vyhr\u00e1vat!","breadcrumb":{"@id":"https:\/\/beep-beep-casino.win\/cz\/registration\/#breadcrumb"},"inLanguage":"cs","potentialAction":[{"@type":"ReadAction","target":["https:\/\/beep-beep-casino.win\/cz\/registration\/"]}]},{"@type":"BreadcrumbList","@id":"https:\/\/beep-beep-casino.win\/cz\/registration\/#breadcrumb","itemListElement":[{"@type":"ListItem","position":1,"name":"\u0413\u043b\u0430\u0432\u043d\u0430\u044f \u0441\u0442\u0440\u0430\u043d\u0438\u0446\u0430","item":"https:\/\/beep-beep-casino.win\/cz\/"},{"@type":"ListItem","position":2,"name":"Registrace"}]},{"@type":"WebSite","@id":"https:\/\/beep-beep-casino.win\/cz\/#website","url":"https:\/\/beep-beep-casino.win\/cz\/","name":"Beep Beep Casino cz","description":"","potentialAction":[{"@type":"SearchAction","target":{"@type":"EntryPoint","urlTemplate":"https:\/\/beep-beep-casino.win\/cz\/?s={search_term_string}"},"query-input":{"@type":"PropertyValueSpecification","valueRequired":true,"valueName":"search_term_string"}}],"inLanguage":"cs"}]}},"_links":{"self":[{"href":"https:\/\/beep-beep-casino.win\/cz\/wp-json\/wp\/v2\/pages\/197","targetHints":{"allow":["GET"]}}],"collection":[{"href":"https:\/\/beep-beep-casino.win\/cz\/wp-json\/wp\/v2\/pages"}],"about":[{"href":"https:\/\/beep-beep-casino.win\/cz\/wp-json\/wp\/v2\/types\/page"}],"author":[{"embeddable":true,"href":"https:\/\/beep-beep-casino.win\/cz\/wp-json\/wp\/v2\/users\/1"}],"replies":[{"embeddable":true,"href":"https:\/\/beep-beep-casino.win\/cz\/wp-json\/wp\/v2\/comments?post=197"}],"version-history":[{"count":10,"href":"https:\/\/beep-beep-casino.win\/cz\/wp-json\/wp\/v2\/pages\/197\/revisions"}],"predecessor-version":[{"id":288,"href":"https:\/\/beep-beep-casino.win\/cz\/wp-json\/wp\/v2\/pages\/197\/revisions\/288"}],"wp:attachment":[{"href":"https:\/\/beep-beep-casino.win\/cz\/wp-json\/wp\/v2\/media?parent=197"}],"curies":[{"name":"wp","href":"https:\/\/api.w.org\/{rel}","templated":true}]}}