{"id":220,"date":"2024-12-13T09:39:25","date_gmt":"2024-12-13T09:39:25","guid":{"rendered":"https:\/\/beep-beep-casino.win\/ch\/?page_id=220"},"modified":"2025-02-21T12:43:49","modified_gmt":"2025-02-21T12:43:49","slug":"reviews","status":"publish","type":"page","link":"https:\/\/beep-beep-casino.win\/ch\/reviews\/","title":{"rendered":"Bewertungen"},"content":{"rendered":"","protected":false},"excerpt":{"rendered":"","protected":false},"author":1,"featured_media":0,"parent":0,"menu_order":0,"comment_status":"closed","ping_status":"closed","template":"","meta":{"footnotes":""},"class_list":["post-220","page","type-page","status-publish","hentry"],"yoast_head":"<!-- This site is optimized with the Yoast SEO plugin v23.8 - https:\/\/yoast.com\/wordpress\/plugins\/seo\/ -->\n<title>Beep Beep Casino Bewertungen Schweiz &gt; Ihr Ticket in die Welt des Gl\u00fccksspiels und des Gewinnens!<\/title>\n<meta name=\"description\" content=\"Tauchen Sie ein in die Atmosph\u00e4re des Beep Beep Casinos: gro\u00dfz\u00fcgige Boni, blitzschnelle Auszahlungen und spannende Spiele. Bewertungen, Geheimnisse des Erfolgs und die besten Angebote!\" \/>\n<meta name=\"robots\" content=\"noindex, follow, max-snippet:-1, max-image-preview:large, max-video-preview:-1\" \/>\n<meta property=\"og:locale\" content=\"de_DE\" \/>\n<meta property=\"og:type\" content=\"article\" \/>\n<meta property=\"og:title\" content=\"Beep Beep Casino Bewertungen Schweiz &gt; Ihr Ticket in die Welt des Gl\u00fccksspiels und des Gewinnens!\" \/>\n<meta property=\"og:description\" content=\"Tauchen Sie ein in die Atmosph\u00e4re des Beep Beep Casinos: gro\u00dfz\u00fcgige Boni, blitzschnelle Auszahlungen und spannende Spiele. Bewertungen, Geheimnisse des Erfolgs und die besten Angebote!\" \/>\n<meta property=\"og:url\" content=\"https:\/\/beep-beep-casino.win\/ch\/reviews\/\" \/>\n<meta property=\"og:site_name\" content=\"Beep Beep Casino ch\" \/>\n<meta property=\"article:modified_time\" content=\"2025-02-21T12:43:49+00:00\" \/>\n<meta name=\"twitter:card\" content=\"summary_large_image\" \/>\n<script type=\"application\/ld+json\" class=\"yoast-schema-graph\">{\"@context\":\"https:\/\/schema.org\",\"@graph\":[{\"@type\":\"WebPage\",\"@id\":\"https:\/\/beep-beep-casino.win\/ch\/reviews\/\",\"url\":\"https:\/\/beep-beep-casino.win\/ch\/reviews\/\",\"name\":\"Beep Beep Casino Bewertungen Schweiz > Ihr Ticket in die Welt des Gl\u00fccksspiels und des Gewinnens!\",\"isPartOf\":{\"@id\":\"https:\/\/beep-beep-casino.win\/ch\/#website\"},\"datePublished\":\"2024-12-13T09:39:25+00:00\",\"dateModified\":\"2025-02-21T12:43:49+00:00\",\"description\":\"Tauchen Sie ein in die Atmosph\u00e4re des Beep Beep Casinos: gro\u00dfz\u00fcgige Boni, blitzschnelle Auszahlungen und spannende Spiele. Bewertungen, Geheimnisse des Erfolgs und die besten Angebote!\",\"breadcrumb\":{\"@id\":\"https:\/\/beep-beep-casino.win\/ch\/reviews\/#breadcrumb\"},\"inLanguage\":\"de-CH\",\"potentialAction\":[{\"@type\":\"ReadAction\",\"target\":[\"https:\/\/beep-beep-casino.win\/ch\/reviews\/\"]}]},{\"@type\":\"BreadcrumbList\",\"@id\":\"https:\/\/beep-beep-casino.win\/ch\/reviews\/#breadcrumb\",\"itemListElement\":[{\"@type\":\"ListItem\",\"position\":1,\"name\":\"\u0413\u043b\u0430\u0432\u043d\u0430\u044f \u0441\u0442\u0440\u0430\u043d\u0438\u0446\u0430\",\"item\":\"https:\/\/beep-beep-casino.win\/ch\/\"},{\"@type\":\"ListItem\",\"position\":2,\"name\":\"Bewertungen\"}]},{\"@type\":\"WebSite\",\"@id\":\"https:\/\/beep-beep-casino.win\/ch\/#website\",\"url\":\"https:\/\/beep-beep-casino.win\/ch\/\",\"name\":\"Beep Beep Casino ch\",\"description\":\"\",\"potentialAction\":[{\"@type\":\"SearchAction\",\"target\":{\"@type\":\"EntryPoint\",\"urlTemplate\":\"https:\/\/beep-beep-casino.win\/ch\/?s={search_term_string}\"},\"query-input\":{\"@type\":\"PropertyValueSpecification\",\"valueRequired\":true,\"valueName\":\"search_term_string\"}}],\"inLanguage\":\"de-CH\"}]}<\/script>\n<!-- \/ Yoast SEO plugin. -->","yoast_head_json":{"title":"Beep Beep Casino Bewertungen Schweiz > Ihr Ticket in die Welt des Gl\u00fccksspiels und des Gewinnens!","description":"Tauchen Sie ein in die Atmosph\u00e4re des Beep Beep Casinos: gro\u00dfz\u00fcgige Boni, blitzschnelle Auszahlungen und spannende Spiele. Bewertungen, Geheimnisse des Erfolgs und die besten Angebote!","robots":{"index":"noindex","follow":"follow","max-snippet":"max-snippet:-1","max-image-preview":"max-image-preview:large","max-video-preview":"max-video-preview:-1"},"og_locale":"de_DE","og_type":"article","og_title":"Beep Beep Casino Bewertungen Schweiz > Ihr Ticket in die Welt des Gl\u00fccksspiels und des Gewinnens!","og_description":"Tauchen Sie ein in die Atmosph\u00e4re des Beep Beep Casinos: gro\u00dfz\u00fcgige Boni, blitzschnelle Auszahlungen und spannende Spiele. Bewertungen, Geheimnisse des Erfolgs und die besten Angebote!","og_url":"https:\/\/beep-beep-casino.win\/ch\/reviews\/","og_site_name":"Beep Beep Casino ch","article_modified_time":"2025-02-21T12:43:49+00:00","twitter_card":"summary_large_image","schema":{"@context":"https:\/\/schema.org","@graph":[{"@type":"WebPage","@id":"https:\/\/beep-beep-casino.win\/ch\/reviews\/","url":"https:\/\/beep-beep-casino.win\/ch\/reviews\/","name":"Beep Beep Casino Bewertungen Schweiz > Ihr Ticket in die Welt des Gl\u00fccksspiels und des Gewinnens!","isPartOf":{"@id":"https:\/\/beep-beep-casino.win\/ch\/#website"},"datePublished":"2024-12-13T09:39:25+00:00","dateModified":"2025-02-21T12:43:49+00:00","description":"Tauchen Sie ein in die Atmosph\u00e4re des Beep Beep Casinos: gro\u00dfz\u00fcgige Boni, blitzschnelle Auszahlungen und spannende Spiele. Bewertungen, Geheimnisse des Erfolgs und die besten Angebote!","breadcrumb":{"@id":"https:\/\/beep-beep-casino.win\/ch\/reviews\/#breadcrumb"},"inLanguage":"de-CH","potentialAction":[{"@type":"ReadAction","target":["https:\/\/beep-beep-casino.win\/ch\/reviews\/"]}]},{"@type":"BreadcrumbList","@id":"https:\/\/beep-beep-casino.win\/ch\/reviews\/#breadcrumb","itemListElement":[{"@type":"ListItem","position":1,"name":"\u0413\u043b\u0430\u0432\u043d\u0430\u044f \u0441\u0442\u0440\u0430\u043d\u0438\u0446\u0430","item":"https:\/\/beep-beep-casino.win\/ch\/"},{"@type":"ListItem","position":2,"name":"Bewertungen"}]},{"@type":"WebSite","@id":"https:\/\/beep-beep-casino.win\/ch\/#website","url":"https:\/\/beep-beep-casino.win\/ch\/","name":"Beep Beep Casino ch","description":"","potentialAction":[{"@type":"SearchAction","target":{"@type":"EntryPoint","urlTemplate":"https:\/\/beep-beep-casino.win\/ch\/?s={search_term_string}"},"query-input":{"@type":"PropertyValueSpecification","valueRequired":true,"valueName":"search_term_string"}}],"inLanguage":"de-CH"}]}},"_links":{"self":[{"href":"https:\/\/beep-beep-casino.win\/ch\/wp-json\/wp\/v2\/pages\/220","targetHints":{"allow":["GET"]}}],"collection":[{"href":"https:\/\/beep-beep-casino.win\/ch\/wp-json\/wp\/v2\/pages"}],"about":[{"href":"https:\/\/beep-beep-casino.win\/ch\/wp-json\/wp\/v2\/types\/page"}],"author":[{"embeddable":true,"href":"https:\/\/beep-beep-casino.win\/ch\/wp-json\/wp\/v2\/users\/1"}],"replies":[{"embeddable":true,"href":"https:\/\/beep-beep-casino.win\/ch\/wp-json\/wp\/v2\/comments?post=220"}],"version-history":[{"count":9,"href":"https:\/\/beep-beep-casino.win\/ch\/wp-json\/wp\/v2\/pages\/220\/revisions"}],"predecessor-version":[{"id":291,"href":"https:\/\/beep-beep-casino.win\/ch\/wp-json\/wp\/v2\/pages\/220\/revisions\/291"}],"wp:attachment":[{"href":"https:\/\/beep-beep-casino.win\/ch\/wp-json\/wp\/v2\/media?parent=220"}],"curies":[{"name":"wp","href":"https:\/\/api.w.org\/{rel}","templated":true}]}}