{"id":206,"date":"2024-12-13T09:38:58","date_gmt":"2024-12-13T09:38:58","guid":{"rendered":"https:\/\/beep-beep-casino.win\/az\/?page_id=206"},"modified":"2025-11-03T01:22:00","modified_gmt":"2025-11-03T01:22:00","slug":"casino","status":"publish","type":"page","link":"https:\/\/beep-beep-casino.win\/az\/casino\/","title":{"rendered":"Casino"},"content":{"rendered":"","protected":false},"excerpt":{"rendered":"","protected":false},"author":1,"featured_media":0,"parent":0,"menu_order":0,"comment_status":"closed","ping_status":"closed","template":"","meta":{"footnotes":""},"class_list":["post-206","page","type-page","status-publish","hentry"],"yoast_head":"<!-- This site is optimized with the Yoast SEO plugin v23.8 - https:\/\/yoast.com\/wordpress\/plugins\/seo\/ -->\n<title>Beep Beep Casino Az\u0259rbaycan: \u0259n yax\u015f\u0131 bonuslar v\u0259 oyunlar<\/title>\n<meta name=\"description\" content=\"Beep Beep Casino - h\u0259y\u0259canla \u015fans\u0131n qovu\u015fdu\u011fu yer! Slotlar, rulet, kart oyunlar\u0131 v\u0259 canl\u0131 kazinolar\u0131n b\u00f6y\u00fck se\u00e7imi. Bu g\u00fcn bonuslar\u0131n\u0131z\u0131 \u0259ld\u0259 edin!\" \/>\n<meta name=\"robots\" content=\"index, follow, max-snippet:-1, max-image-preview:large, max-video-preview:-1\" \/>\n<meta property=\"og:locale\" content=\"az_AZ\" \/>\n<meta property=\"og:type\" content=\"article\" \/>\n<meta property=\"og:title\" content=\"Beep Beep Casino Az\u0259rbaycan: \u0259n yax\u015f\u0131 bonuslar v\u0259 oyunlar\" \/>\n<meta property=\"og:description\" content=\"Beep Beep Casino - h\u0259y\u0259canla \u015fans\u0131n qovu\u015fdu\u011fu yer! Slotlar, rulet, kart oyunlar\u0131 v\u0259 canl\u0131 kazinolar\u0131n b\u00f6y\u00fck se\u00e7imi. Bu g\u00fcn bonuslar\u0131n\u0131z\u0131 \u0259ld\u0259 edin!\" \/>\n<meta property=\"og:url\" content=\"https:\/\/beep-beep-casino.win\/az\/casino\/\" \/>\n<meta property=\"og:site_name\" content=\"Beep Beep Casino az\" \/>\n<meta property=\"article:modified_time\" content=\"2025-11-03T01:22:00+00:00\" \/>\n<meta name=\"twitter:card\" content=\"summary_large_image\" \/>\n<script type=\"application\/ld+json\" class=\"yoast-schema-graph\">{\"@context\":\"https:\/\/schema.org\",\"@graph\":[{\"@type\":\"WebPage\",\"@id\":\"https:\/\/beep-beep-casino.win\/az\/casino\/\",\"url\":\"https:\/\/beep-beep-casino.win\/az\/casino\/\",\"name\":\"Beep Beep Casino Az\u0259rbaycan: \u0259n yax\u015f\u0131 bonuslar v\u0259 oyunlar\",\"isPartOf\":{\"@id\":\"https:\/\/beep-beep-casino.win\/az\/#website\"},\"datePublished\":\"2024-12-13T09:38:58+00:00\",\"dateModified\":\"2025-11-03T01:22:00+00:00\",\"description\":\"Beep Beep Casino - h\u0259y\u0259canla \u015fans\u0131n qovu\u015fdu\u011fu yer! Slotlar, rulet, kart oyunlar\u0131 v\u0259 canl\u0131 kazinolar\u0131n b\u00f6y\u00fck se\u00e7imi. Bu g\u00fcn bonuslar\u0131n\u0131z\u0131 \u0259ld\u0259 edin!\",\"breadcrumb\":{\"@id\":\"https:\/\/beep-beep-casino.win\/az\/casino\/#breadcrumb\"},\"inLanguage\":\"az\",\"potentialAction\":[{\"@type\":\"ReadAction\",\"target\":[\"https:\/\/beep-beep-casino.win\/az\/casino\/\"]}]},{\"@type\":\"BreadcrumbList\",\"@id\":\"https:\/\/beep-beep-casino.win\/az\/casino\/#breadcrumb\",\"itemListElement\":[{\"@type\":\"ListItem\",\"position\":1,\"name\":\"\u0413\u043b\u0430\u0432\u043d\u0430\u044f \u0441\u0442\u0440\u0430\u043d\u0438\u0446\u0430\",\"item\":\"https:\/\/beep-beep-casino.win\/az\/\"},{\"@type\":\"ListItem\",\"position\":2,\"name\":\"Casino\"}]},{\"@type\":\"WebSite\",\"@id\":\"https:\/\/beep-beep-casino.win\/az\/#website\",\"url\":\"https:\/\/beep-beep-casino.win\/az\/\",\"name\":\"Beep Beep Casino az\",\"description\":\"\",\"potentialAction\":[{\"@type\":\"SearchAction\",\"target\":{\"@type\":\"EntryPoint\",\"urlTemplate\":\"https:\/\/beep-beep-casino.win\/az\/?s={search_term_string}\"},\"query-input\":{\"@type\":\"PropertyValueSpecification\",\"valueRequired\":true,\"valueName\":\"search_term_string\"}}],\"inLanguage\":\"az\"}]}<\/script>\n<!-- \/ Yoast SEO plugin. -->","yoast_head_json":{"title":"Beep Beep Casino Az\u0259rbaycan: \u0259n yax\u015f\u0131 bonuslar v\u0259 oyunlar","description":"Beep Beep Casino - h\u0259y\u0259canla \u015fans\u0131n qovu\u015fdu\u011fu yer! Slotlar, rulet, kart oyunlar\u0131 v\u0259 canl\u0131 kazinolar\u0131n b\u00f6y\u00fck se\u00e7imi. Bu g\u00fcn bonuslar\u0131n\u0131z\u0131 \u0259ld\u0259 edin!","robots":{"index":"index","follow":"follow","max-snippet":"max-snippet:-1","max-image-preview":"max-image-preview:large","max-video-preview":"max-video-preview:-1"},"og_locale":"az_AZ","og_type":"article","og_title":"Beep Beep Casino Az\u0259rbaycan: \u0259n yax\u015f\u0131 bonuslar v\u0259 oyunlar","og_description":"Beep Beep Casino - h\u0259y\u0259canla \u015fans\u0131n qovu\u015fdu\u011fu yer! Slotlar, rulet, kart oyunlar\u0131 v\u0259 canl\u0131 kazinolar\u0131n b\u00f6y\u00fck se\u00e7imi. Bu g\u00fcn bonuslar\u0131n\u0131z\u0131 \u0259ld\u0259 edin!","og_url":"https:\/\/beep-beep-casino.win\/az\/casino\/","og_site_name":"Beep Beep Casino az","article_modified_time":"2025-11-03T01:22:00+00:00","twitter_card":"summary_large_image","schema":{"@context":"https:\/\/schema.org","@graph":[{"@type":"WebPage","@id":"https:\/\/beep-beep-casino.win\/az\/casino\/","url":"https:\/\/beep-beep-casino.win\/az\/casino\/","name":"Beep Beep Casino Az\u0259rbaycan: \u0259n yax\u015f\u0131 bonuslar v\u0259 oyunlar","isPartOf":{"@id":"https:\/\/beep-beep-casino.win\/az\/#website"},"datePublished":"2024-12-13T09:38:58+00:00","dateModified":"2025-11-03T01:22:00+00:00","description":"Beep Beep Casino - h\u0259y\u0259canla \u015fans\u0131n qovu\u015fdu\u011fu yer! Slotlar, rulet, kart oyunlar\u0131 v\u0259 canl\u0131 kazinolar\u0131n b\u00f6y\u00fck se\u00e7imi. Bu g\u00fcn bonuslar\u0131n\u0131z\u0131 \u0259ld\u0259 edin!","breadcrumb":{"@id":"https:\/\/beep-beep-casino.win\/az\/casino\/#breadcrumb"},"inLanguage":"az","potentialAction":[{"@type":"ReadAction","target":["https:\/\/beep-beep-casino.win\/az\/casino\/"]}]},{"@type":"BreadcrumbList","@id":"https:\/\/beep-beep-casino.win\/az\/casino\/#breadcrumb","itemListElement":[{"@type":"ListItem","position":1,"name":"\u0413\u043b\u0430\u0432\u043d\u0430\u044f \u0441\u0442\u0440\u0430\u043d\u0438\u0446\u0430","item":"https:\/\/beep-beep-casino.win\/az\/"},{"@type":"ListItem","position":2,"name":"Casino"}]},{"@type":"WebSite","@id":"https:\/\/beep-beep-casino.win\/az\/#website","url":"https:\/\/beep-beep-casino.win\/az\/","name":"Beep Beep Casino az","description":"","potentialAction":[{"@type":"SearchAction","target":{"@type":"EntryPoint","urlTemplate":"https:\/\/beep-beep-casino.win\/az\/?s={search_term_string}"},"query-input":{"@type":"PropertyValueSpecification","valueRequired":true,"valueName":"search_term_string"}}],"inLanguage":"az"}]}},"_links":{"self":[{"href":"https:\/\/beep-beep-casino.win\/az\/wp-json\/wp\/v2\/pages\/206","targetHints":{"allow":["GET"]}}],"collection":[{"href":"https:\/\/beep-beep-casino.win\/az\/wp-json\/wp\/v2\/pages"}],"about":[{"href":"https:\/\/beep-beep-casino.win\/az\/wp-json\/wp\/v2\/types\/page"}],"author":[{"embeddable":true,"href":"https:\/\/beep-beep-casino.win\/az\/wp-json\/wp\/v2\/users\/1"}],"replies":[{"embeddable":true,"href":"https:\/\/beep-beep-casino.win\/az\/wp-json\/wp\/v2\/comments?post=206"}],"version-history":[{"count":11,"href":"https:\/\/beep-beep-casino.win\/az\/wp-json\/wp\/v2\/pages\/206\/revisions"}],"predecessor-version":[{"id":301,"href":"https:\/\/beep-beep-casino.win\/az\/wp-json\/wp\/v2\/pages\/206\/revisions\/301"}],"wp:attachment":[{"href":"https:\/\/beep-beep-casino.win\/az\/wp-json\/wp\/v2\/media?parent=206"}],"curies":[{"name":"wp","href":"https:\/\/api.w.org\/{rel}","templated":true}]}}