{"id":152,"date":"2023-05-18T17:39:43","date_gmt":"2023-05-18T17:39:43","guid":{"rendered":"https:\/\/beep-beep-casino.win\/az\/?page_id=152"},"modified":"2025-11-02T19:07:03","modified_gmt":"2025-11-02T19:07:03","slug":"bonus","status":"publish","type":"page","link":"https:\/\/beep-beep-casino.win\/az\/bonus\/","title":{"rendered":"Bonuslar"},"content":{"rendered":"","protected":false},"excerpt":{"rendered":"","protected":false},"author":1,"featured_media":0,"parent":0,"menu_order":0,"comment_status":"closed","ping_status":"closed","template":"","meta":{"footnotes":""},"class_list":["post-152","page","type-page","status-publish","hentry"],"yoast_head":"<!-- This site is optimized with the Yoast SEO plugin v23.8 - https:\/\/yoast.com\/wordpress\/plugins\/seo\/ -->\n<title>Beep Beep Casino Bonus Azerbaijan: qazan v\u0259 udma\u011fa ba\u015fla!<\/title>\n<meta name=\"description\" content=\"\u018fn yax\u015f\u0131 bonuslar\u0131 axtar\u0131rs\u0131n\u0131z? Beep Beep Casino oyun\u00e7ular\u0131 \u00fc\u00e7\u00fcn s\u0259xav\u0259tli xo\u015f bonuslar, pulsuz f\u0131rlanmalar v\u0259 unikal promosyonlar t\u0259klif edir. \u0130ndi bonusunuzu \u0259ld\u0259 edin\" \/>\n<meta name=\"robots\" content=\"index, follow, max-snippet:-1, max-image-preview:large, max-video-preview:-1\" \/>\n<meta property=\"og:locale\" content=\"az_AZ\" \/>\n<meta property=\"og:type\" content=\"article\" \/>\n<meta property=\"og:title\" content=\"Beep Beep Casino Bonus Azerbaijan: qazan v\u0259 udma\u011fa ba\u015fla!\" \/>\n<meta property=\"og:description\" content=\"\u018fn yax\u015f\u0131 bonuslar\u0131 axtar\u0131rs\u0131n\u0131z? Beep Beep Casino oyun\u00e7ular\u0131 \u00fc\u00e7\u00fcn s\u0259xav\u0259tli xo\u015f bonuslar, pulsuz f\u0131rlanmalar v\u0259 unikal promosyonlar t\u0259klif edir. \u0130ndi bonusunuzu \u0259ld\u0259 edin\" \/>\n<meta property=\"og:url\" content=\"https:\/\/beep-beep-casino.win\/az\/bonus\/\" \/>\n<meta property=\"og:site_name\" content=\"Beep Beep Casino az\" \/>\n<meta property=\"article:modified_time\" content=\"2025-11-02T19:07:03+00:00\" \/>\n<meta name=\"twitter:card\" content=\"summary_large_image\" \/>\n<script type=\"application\/ld+json\" class=\"yoast-schema-graph\">{\"@context\":\"https:\/\/schema.org\",\"@graph\":[{\"@type\":\"WebPage\",\"@id\":\"https:\/\/beep-beep-casino.win\/az\/bonus\/\",\"url\":\"https:\/\/beep-beep-casino.win\/az\/bonus\/\",\"name\":\"Beep Beep Casino Bonus Azerbaijan: qazan v\u0259 udma\u011fa ba\u015fla!\",\"isPartOf\":{\"@id\":\"https:\/\/beep-beep-casino.win\/az\/#website\"},\"datePublished\":\"2023-05-18T17:39:43+00:00\",\"dateModified\":\"2025-11-02T19:07:03+00:00\",\"description\":\"\u018fn yax\u015f\u0131 bonuslar\u0131 axtar\u0131rs\u0131n\u0131z? Beep Beep Casino oyun\u00e7ular\u0131 \u00fc\u00e7\u00fcn s\u0259xav\u0259tli xo\u015f bonuslar, pulsuz f\u0131rlanmalar v\u0259 unikal promosyonlar t\u0259klif edir. \u0130ndi bonusunuzu \u0259ld\u0259 edin\",\"breadcrumb\":{\"@id\":\"https:\/\/beep-beep-casino.win\/az\/bonus\/#breadcrumb\"},\"inLanguage\":\"az\",\"potentialAction\":[{\"@type\":\"ReadAction\",\"target\":[\"https:\/\/beep-beep-casino.win\/az\/bonus\/\"]}]},{\"@type\":\"BreadcrumbList\",\"@id\":\"https:\/\/beep-beep-casino.win\/az\/bonus\/#breadcrumb\",\"itemListElement\":[{\"@type\":\"ListItem\",\"position\":1,\"name\":\"\u0413\u043b\u0430\u0432\u043d\u0430\u044f \u0441\u0442\u0440\u0430\u043d\u0438\u0446\u0430\",\"item\":\"https:\/\/beep-beep-casino.win\/az\/\"},{\"@type\":\"ListItem\",\"position\":2,\"name\":\"Bonuslar\"}]},{\"@type\":\"WebSite\",\"@id\":\"https:\/\/beep-beep-casino.win\/az\/#website\",\"url\":\"https:\/\/beep-beep-casino.win\/az\/\",\"name\":\"Beep Beep Casino az\",\"description\":\"\",\"potentialAction\":[{\"@type\":\"SearchAction\",\"target\":{\"@type\":\"EntryPoint\",\"urlTemplate\":\"https:\/\/beep-beep-casino.win\/az\/?s={search_term_string}\"},\"query-input\":{\"@type\":\"PropertyValueSpecification\",\"valueRequired\":true,\"valueName\":\"search_term_string\"}}],\"inLanguage\":\"az\"}]}<\/script>\n<!-- \/ Yoast SEO plugin. -->","yoast_head_json":{"title":"Beep Beep Casino Bonus Azerbaijan: qazan v\u0259 udma\u011fa ba\u015fla!","description":"\u018fn yax\u015f\u0131 bonuslar\u0131 axtar\u0131rs\u0131n\u0131z? Beep Beep Casino oyun\u00e7ular\u0131 \u00fc\u00e7\u00fcn s\u0259xav\u0259tli xo\u015f bonuslar, pulsuz f\u0131rlanmalar v\u0259 unikal promosyonlar t\u0259klif edir. \u0130ndi bonusunuzu \u0259ld\u0259 edin","robots":{"index":"index","follow":"follow","max-snippet":"max-snippet:-1","max-image-preview":"max-image-preview:large","max-video-preview":"max-video-preview:-1"},"og_locale":"az_AZ","og_type":"article","og_title":"Beep Beep Casino Bonus Azerbaijan: qazan v\u0259 udma\u011fa ba\u015fla!","og_description":"\u018fn yax\u015f\u0131 bonuslar\u0131 axtar\u0131rs\u0131n\u0131z? Beep Beep Casino oyun\u00e7ular\u0131 \u00fc\u00e7\u00fcn s\u0259xav\u0259tli xo\u015f bonuslar, pulsuz f\u0131rlanmalar v\u0259 unikal promosyonlar t\u0259klif edir. \u0130ndi bonusunuzu \u0259ld\u0259 edin","og_url":"https:\/\/beep-beep-casino.win\/az\/bonus\/","og_site_name":"Beep Beep Casino az","article_modified_time":"2025-11-02T19:07:03+00:00","twitter_card":"summary_large_image","schema":{"@context":"https:\/\/schema.org","@graph":[{"@type":"WebPage","@id":"https:\/\/beep-beep-casino.win\/az\/bonus\/","url":"https:\/\/beep-beep-casino.win\/az\/bonus\/","name":"Beep Beep Casino Bonus Azerbaijan: qazan v\u0259 udma\u011fa ba\u015fla!","isPartOf":{"@id":"https:\/\/beep-beep-casino.win\/az\/#website"},"datePublished":"2023-05-18T17:39:43+00:00","dateModified":"2025-11-02T19:07:03+00:00","description":"\u018fn yax\u015f\u0131 bonuslar\u0131 axtar\u0131rs\u0131n\u0131z? Beep Beep Casino oyun\u00e7ular\u0131 \u00fc\u00e7\u00fcn s\u0259xav\u0259tli xo\u015f bonuslar, pulsuz f\u0131rlanmalar v\u0259 unikal promosyonlar t\u0259klif edir. \u0130ndi bonusunuzu \u0259ld\u0259 edin","breadcrumb":{"@id":"https:\/\/beep-beep-casino.win\/az\/bonus\/#breadcrumb"},"inLanguage":"az","potentialAction":[{"@type":"ReadAction","target":["https:\/\/beep-beep-casino.win\/az\/bonus\/"]}]},{"@type":"BreadcrumbList","@id":"https:\/\/beep-beep-casino.win\/az\/bonus\/#breadcrumb","itemListElement":[{"@type":"ListItem","position":1,"name":"\u0413\u043b\u0430\u0432\u043d\u0430\u044f \u0441\u0442\u0440\u0430\u043d\u0438\u0446\u0430","item":"https:\/\/beep-beep-casino.win\/az\/"},{"@type":"ListItem","position":2,"name":"Bonuslar"}]},{"@type":"WebSite","@id":"https:\/\/beep-beep-casino.win\/az\/#website","url":"https:\/\/beep-beep-casino.win\/az\/","name":"Beep Beep Casino az","description":"","potentialAction":[{"@type":"SearchAction","target":{"@type":"EntryPoint","urlTemplate":"https:\/\/beep-beep-casino.win\/az\/?s={search_term_string}"},"query-input":{"@type":"PropertyValueSpecification","valueRequired":true,"valueName":"search_term_string"}}],"inLanguage":"az"}]}},"_links":{"self":[{"href":"https:\/\/beep-beep-casino.win\/az\/wp-json\/wp\/v2\/pages\/152","targetHints":{"allow":["GET"]}}],"collection":[{"href":"https:\/\/beep-beep-casino.win\/az\/wp-json\/wp\/v2\/pages"}],"about":[{"href":"https:\/\/beep-beep-casino.win\/az\/wp-json\/wp\/v2\/types\/page"}],"author":[{"embeddable":true,"href":"https:\/\/beep-beep-casino.win\/az\/wp-json\/wp\/v2\/users\/1"}],"replies":[{"embeddable":true,"href":"https:\/\/beep-beep-casino.win\/az\/wp-json\/wp\/v2\/comments?post=152"}],"version-history":[{"count":10,"href":"https:\/\/beep-beep-casino.win\/az\/wp-json\/wp\/v2\/pages\/152\/revisions"}],"predecessor-version":[{"id":305,"href":"https:\/\/beep-beep-casino.win\/az\/wp-json\/wp\/v2\/pages\/152\/revisions\/305"}],"wp:attachment":[{"href":"https:\/\/beep-beep-casino.win\/az\/wp-json\/wp\/v2\/media?parent=152"}],"curies":[{"name":"wp","href":"https:\/\/api.w.org\/{rel}","templated":true}]}}